{"id":2031,"date":"2026-02-24T22:36:30","date_gmt":"2026-02-24T22:36:30","guid":{"rendered":"https:\/\/utemakeup.com\/?page_id=2031"},"modified":"2026-02-24T22:37:26","modified_gmt":"2026-02-24T22:37:26","slug":"politica-de-privacidad-2","status":"publish","type":"page","link":"https:\/\/utemakeup.com\/en\/politica-de-privacidad-2\/","title":{"rendered":"Pol\u00edtica de Privacidad"},"content":{"rendered":"<p>[et_pb_section fb_built=\u00bb1&#8243; theme_builder_area=\u00bbpost_content\u00bb _builder_version=\u00bb4.27.4&#8243; _module_preset=\u00bbdefault\u00bb][et_pb_row _builder_version=\u00bb4.27.4&#8243; _module_preset=\u00bbdefault\u00bb theme_builder_area=\u00bbpost_content\u00bb][et_pb_column _builder_version=\u00bb4.27.4&#8243; _module_preset=\u00bbdefault\u00bb type=\u00bb4_4&#8243; theme_builder_area=\u00bbpost_content\u00bb][et_pb_text _builder_version=\u00bb4.27.4&#8243; _module_preset=\u00bbdefault\u00bb theme_builder_area=\u00bbpost_content\u00bb hover_enabled=\u00bb0&#8243; sticky_enabled=\u00bb0&#8243;]<\/p>\n<h1><b>Pol\u00edtica de Privacidad \u2013 UT\u0112<\/b><\/h1>\n<p><b><\/b><\/p>\n<h2><b>1. Responsable del Tratamiento<\/b><\/h2>\n<p><span style=\"font-weight: 400;\">Titular: UT\u0112 MAKE UP<\/span><span style=\"font-weight: 400;\"><br \/><\/span><span style=\"font-weight: 400;\">Correo electr\u00f3nico: info@utemakeup.com<\/span><\/p>\n<p><span style=\"font-weight: 400;\">CIF: 78239094V<\/span><\/p>\n<ol start=\"2\">\n<li><b> Finalidad del Tratamiento<\/b><\/li>\n<\/ol>\n<p><span style=\"font-weight: 400;\">En UT\u0112 tratamos los datos personales para las siguientes finalidades:<\/span><\/p>\n<ul>\n<li style=\"font-weight: 400;\" aria-level=\"1\"><span style=\"font-weight: 400;\">Gestionar pedidos y env\u00edos.<\/span><\/li>\n<li style=\"font-weight: 400;\" aria-level=\"1\"><span style=\"font-weight: 400;\">Procesar pagos.<\/span><\/li>\n<li style=\"font-weight: 400;\" aria-level=\"1\"><span style=\"font-weight: 400;\">Atender consultas y solicitudes enviadas por correo electr\u00f3nico.<\/span><\/li>\n<li style=\"font-weight: 400;\" aria-level=\"1\"><span style=\"font-weight: 400;\">Gestionar devoluciones e incidencias.<\/span><\/li>\n<li style=\"font-weight: 400;\" aria-level=\"1\"><span style=\"font-weight: 400;\">Enviar comunicaciones comerciales (solo si el usuario ha otorgado su consentimiento).<\/span><\/li>\n<li style=\"font-weight: 400;\" aria-level=\"1\"><span style=\"font-weight: 400;\">Cumplir obligaciones legales aplicables.<\/span><\/li>\n<\/ul>\n<ol start=\"3\">\n<li><b> Datos que Recopilamos<\/b><\/li>\n<\/ol>\n<p><span style=\"font-weight: 400;\">Podemos recopilar las siguientes categor\u00edas de datos:<\/span><\/p>\n<ul>\n<li style=\"font-weight: 400;\" aria-level=\"1\"><span style=\"font-weight: 400;\">Nombre y apellidos<\/span><\/li>\n<li style=\"font-weight: 400;\" aria-level=\"1\"><span style=\"font-weight: 400;\">Direcci\u00f3n de env\u00edo y facturaci\u00f3n<\/span><\/li>\n<li style=\"font-weight: 400;\" aria-level=\"1\"><span style=\"font-weight: 400;\">Correo electr\u00f3nico<\/span><\/li>\n<li style=\"font-weight: 400;\" aria-level=\"1\"><span style=\"font-weight: 400;\">Tel\u00e9fono de contacto<\/span><\/li>\n<li style=\"font-weight: 400;\" aria-level=\"1\"><span style=\"font-weight: 400;\">Informaci\u00f3n de pago (procesada a trav\u00e9s de plataformas seguras externas)<\/span><\/li>\n<li style=\"font-weight: 400;\" aria-level=\"1\"><span style=\"font-weight: 400;\">Historial de pedidos<\/span><\/li>\n<\/ul>\n<p><span style=\"font-weight: 400;\">UT\u0112 no almacena datos completos de tarjetas bancarias.<\/span><\/p>\n<ol start=\"4\">\n<li><b> Base Jur\u00eddica<\/b><\/li>\n<\/ol>\n<p><span style=\"font-weight: 400;\">El tratamiento de datos se basa en:<\/span><\/p>\n<ul>\n<li style=\"font-weight: 400;\" aria-level=\"1\"><span style=\"font-weight: 400;\">La ejecuci\u00f3n de un contrato (compra de productos).<\/span><\/li>\n<li style=\"font-weight: 400;\" aria-level=\"1\"><span style=\"font-weight: 400;\">El consentimiento del interesado (env\u00edo de newsletter).<\/span><\/li>\n<li style=\"font-weight: 400;\" aria-level=\"1\"><span style=\"font-weight: 400;\">El cumplimiento de obligaciones legales.<\/span><\/li>\n<li style=\"font-weight: 400;\" aria-level=\"1\"><\/li>\n<\/ul>\n<p>&nbsp;<\/p>\n<ol start=\"5\">\n<li><b> Conservaci\u00f3n de los Datos<\/b><\/li>\n<\/ol>\n<p><span style=\"font-weight: 400;\">Los datos se conservar\u00e1n:<\/span><\/p>\n<ul>\n<li style=\"font-weight: 400;\" aria-level=\"1\"><span style=\"font-weight: 400;\">Mientras exista relaci\u00f3n comercial.<\/span><\/li>\n<li style=\"font-weight: 400;\" aria-level=\"1\"><span style=\"font-weight: 400;\">Durante los plazos exigidos por la legislaci\u00f3n fiscal y mercantil.<\/span><\/li>\n<li style=\"font-weight: 400;\" aria-level=\"1\"><span style=\"font-weight: 400;\">Hasta que el usuario solicite su supresi\u00f3n, cuando proceda.<\/span><\/li>\n<\/ul>\n<ol start=\"6\">\n<li><b> Destinatarios<\/b><\/li>\n<\/ol>\n<p><span style=\"font-weight: 400;\">Los datos podr\u00e1n ser comunicados a:<\/span><\/p>\n<ul>\n<li style=\"font-weight: 400;\" aria-level=\"1\"><span style=\"font-weight: 400;\">Empresas de transporte para la entrega de pedidos.<\/span><\/li>\n<li style=\"font-weight: 400;\" aria-level=\"1\"><span style=\"font-weight: 400;\">Plataformas de pago seguras.<\/span><\/li>\n<li style=\"font-weight: 400;\" aria-level=\"1\"><span style=\"font-weight: 400;\">Proveedores tecnol\u00f3gicos que prestan servicios a UT\u0112 (hosting, email marketing, etc.).<\/span><\/li>\n<\/ul>\n<p><span style=\"font-weight: 400;\">Todos los proveedores cumplen con el Reglamento (UE) 2016\/679 (RGPD).<\/span><\/p>\n<p><span style=\"font-weight: 400;\">UT\u0112 no vende ni cede datos personales a terceros con fines comerciales.<\/span><\/p>\n<ol start=\"7\">\n<li><b> Derechos del Usuario<\/b><\/li>\n<\/ol>\n<p><span style=\"font-weight: 400;\">El usuario puede ejercer en cualquier momento los siguientes derechos:<\/span><\/p>\n<ul>\n<li style=\"font-weight: 400;\" aria-level=\"1\"><span style=\"font-weight: 400;\">Acceso<\/span><\/li>\n<li style=\"font-weight: 400;\" aria-level=\"1\"><span style=\"font-weight: 400;\">Rectificaci\u00f3n<\/span><\/li>\n<li style=\"font-weight: 400;\" aria-level=\"1\"><span style=\"font-weight: 400;\">Supresi\u00f3n<\/span><\/li>\n<li style=\"font-weight: 400;\" aria-level=\"1\"><span style=\"font-weight: 400;\">Oposici\u00f3n<\/span><\/li>\n<li style=\"font-weight: 400;\" aria-level=\"1\"><span style=\"font-weight: 400;\">Limitaci\u00f3n del tratamiento<\/span><\/li>\n<li style=\"font-weight: 400;\" aria-level=\"1\"><span style=\"font-weight: 400;\">Portabilidad<\/span><\/li>\n<\/ul>\n<p><span style=\"font-weight: 400;\">Para ejercerlos, deber\u00e1 enviar una solicitud a:<\/span><\/p>\n<p><span style=\"font-weight: 400;\">info@utemakeup.com<\/span><\/p>\n<p><span style=\"font-weight: 400;\">Adjuntando copia de documento identificativo si fuese necesario.<\/span><\/p>\n<p><span style=\"font-weight: 400;\">El usuario tambi\u00e9n tiene derecho a presentar reclamaci\u00f3n ante la Agencia Espa\u00f1ola de Protecci\u00f3n de Datos (<\/span><a href=\"http:\/\/www.aepd.es\"><span style=\"font-weight: 400;\">www.aepd.es<\/span><\/a><span style=\"font-weight: 400;\">).<\/span><\/p>\n<ol start=\"8\">\n<li><b> Seguridad<\/b><\/li>\n<\/ol>\n<p><span style=\"font-weight: 400;\">UT\u0112 aplica medidas t\u00e9cnicas y organizativas adecuadas para proteger los datos personales frente a p\u00e9rdida, alteraci\u00f3n o acceso no autorizado.<\/span><\/p>\n<p>&nbsp;<\/p>\n<ol start=\"9\">\n<li><b> Cookies<\/b><\/li>\n<\/ol>\n<p><span style=\"font-weight: 400;\">El sitio web puede utilizar cookies t\u00e9cnicas y anal\u00edticas. El usuario podr\u00e1 configurar sus preferencias mediante el banner de cookies habilitado en la web.<\/span><\/p>\n<p><span style=\"font-weight: 400;\">(Se recomienda a\u00f1adir una Pol\u00edtica de Cookies espec\u00edfica y detallada).<\/span><\/p>\n<ol start=\"10\">\n<li><b> Modificaciones<\/b><\/li>\n<\/ol>\n<p><span style=\"font-weight: 400;\">UT\u0112 se reserva el derecho a modificar la presente Pol\u00edtica de Privacidad para adaptarla a novedades legislativas o cambios en la actividad.<\/span><\/p>\n<p>&nbsp;<\/p>\n<p>[\/et_pb_text][\/et_pb_column][\/et_pb_row][\/et_pb_section]<\/p>\n","protected":false},"excerpt":{"rendered":"<p>Pol\u00edtica de Privacidad \u2013 UT\u0112 1. Responsable del Tratamiento Titular: UT\u0112 MAKE UPCorreo electr\u00f3nico: info@utemakeup.com CIF: 78239094V Finalidad del Tratamiento En UT\u0112 tratamos los datos personales para las siguientes finalidades: Gestionar pedidos y env\u00edos. Procesar pagos. Atender consultas y solicitudes enviadas por correo electr\u00f3nico. Gestionar devoluciones e incidencias. Enviar comunicaciones comerciales (solo si el usuario [&hellip;]<\/p>\n","protected":false},"author":2,"featured_media":0,"parent":0,"menu_order":0,"comment_status":"closed","ping_status":"closed","template":"","meta":{"_et_pb_use_builder":"on","_et_pb_old_content":"","_et_gb_content_width":"","footnotes":""},"class_list":["post-2031","page","type-page","status-publish","hentry"],"yoast_head":"<!-- This site is optimized with the Yoast SEO Premium plugin v26.3 (Yoast SEO v27.5) - https:\/\/yoast.com\/product\/yoast-seo-premium-wordpress\/ -->\n<title>Pol\u00edtica de Privacidad - UT\u0112 - Espa\u00f1a<\/title>\n<meta name=\"robots\" content=\"index, follow, max-snippet:-1, max-image-preview:large, max-video-preview:-1\" \/>\n<link rel=\"canonical\" href=\"https:\/\/utemakeup.com\/en\/politica-de-privacidad-2\/\" \/>\n<meta property=\"og:locale\" content=\"en_GB\" \/>\n<meta property=\"og:type\" content=\"article\" \/>\n<meta property=\"og:title\" content=\"Pol\u00edtica de Privacidad\" \/>\n<meta property=\"og:description\" content=\"Pol\u00edtica de Privacidad \u2013 UT\u0112 1. Responsable del Tratamiento Titular: UT\u0112 MAKE UPCorreo electr\u00f3nico: info@utemakeup.com CIF: 78239094V Finalidad del Tratamiento En UT\u0112 tratamos los datos personales para las siguientes finalidades: Gestionar pedidos y env\u00edos. Procesar pagos. Atender consultas y solicitudes enviadas por correo electr\u00f3nico. Gestionar devoluciones e incidencias. Enviar comunicaciones comerciales (solo si el usuario [&hellip;]\" \/>\n<meta property=\"og:url\" content=\"https:\/\/utemakeup.com\/en\/politica-de-privacidad-2\/\" \/>\n<meta property=\"og:site_name\" content=\"UT\u0112 - Espa\u00f1a\" \/>\n<meta property=\"article:modified_time\" content=\"2026-02-24T22:37:26+00:00\" \/>\n<meta property=\"og:image\" content=\"https:\/\/utemakeup.com\/wp-content\/uploads\/2024\/11\/WhatsApp-Image-2024-11-28-at-22.32.26.jpeg\" \/>\n\t<meta property=\"og:image:width\" content=\"1920\" \/>\n\t<meta property=\"og:image:height\" content=\"1080\" \/>\n\t<meta property=\"og:image:type\" content=\"image\/jpeg\" \/>\n<meta name=\"twitter:card\" content=\"summary_large_image\" \/>\n<script type=\"application\/ld+json\" class=\"yoast-schema-graph\">{\"@context\":\"https:\\\/\\\/schema.org\",\"@graph\":[{\"@type\":\"WebPage\",\"@id\":\"https:\\\/\\\/utemakeup.com\\\/politica-de-privacidad-2\\\/\",\"url\":\"https:\\\/\\\/utemakeup.com\\\/politica-de-privacidad-2\\\/\",\"name\":\"Pol\u00edtica de Privacidad - UT\u0112 - Espa\u00f1a\",\"isPartOf\":{\"@id\":\"https:\\\/\\\/utemakeup.com\\\/#website\"},\"datePublished\":\"2026-02-24T22:36:30+00:00\",\"dateModified\":\"2026-02-24T22:37:26+00:00\",\"breadcrumb\":{\"@id\":\"https:\\\/\\\/utemakeup.com\\\/politica-de-privacidad-2\\\/#breadcrumb\"},\"inLanguage\":\"en-GB\",\"potentialAction\":[{\"@type\":\"ReadAction\",\"target\":[\"https:\\\/\\\/utemakeup.com\\\/politica-de-privacidad-2\\\/\"]}]},{\"@type\":\"BreadcrumbList\",\"@id\":\"https:\\\/\\\/utemakeup.com\\\/politica-de-privacidad-2\\\/#breadcrumb\",\"itemListElement\":[{\"@type\":\"ListItem\",\"position\":1,\"name\":\"Portada\",\"item\":\"https:\\\/\\\/utemakeup.com\\\/\"},{\"@type\":\"ListItem\",\"position\":2,\"name\":\"Pol\u00edtica de Privacidad\"}]},{\"@type\":\"WebSite\",\"@id\":\"https:\\\/\\\/utemakeup.com\\\/#website\",\"url\":\"https:\\\/\\\/utemakeup.com\\\/\",\"name\":\"UT\u0112 Makeup\",\"description\":\"Maquillaje Natural- vegano-sostenible\",\"publisher\":{\"@id\":\"https:\\\/\\\/utemakeup.com\\\/#organization\"},\"alternateName\":\"UT\u0112 Makeup- Productos de maquillaje natural\",\"potentialAction\":[{\"@type\":\"SearchAction\",\"target\":{\"@type\":\"EntryPoint\",\"urlTemplate\":\"https:\\\/\\\/utemakeup.com\\\/?s={search_term_string}\"},\"query-input\":{\"@type\":\"PropertyValueSpecification\",\"valueRequired\":true,\"valueName\":\"search_term_string\"}}],\"inLanguage\":\"en-GB\"},{\"@type\":\"Organization\",\"@id\":\"https:\\\/\\\/utemakeup.com\\\/#organization\",\"name\":\"UT\u0112 Makeup\",\"alternateName\":\"UT\u0112 Productos de maquillaje vegano-natural-sostenible\",\"url\":\"https:\\\/\\\/utemakeup.com\\\/\",\"logo\":{\"@type\":\"ImageObject\",\"inLanguage\":\"en-GB\",\"@id\":\"https:\\\/\\\/utemakeup.com\\\/#\\\/schema\\\/logo\\\/image\\\/\",\"url\":\"https:\\\/\\\/utemakeup.com\\\/wp-content\\\/uploads\\\/2025\\\/03\\\/UTE-02-1.png\",\"contentUrl\":\"https:\\\/\\\/utemakeup.com\\\/wp-content\\\/uploads\\\/2025\\\/03\\\/UTE-02-1.png\",\"width\":3612,\"height\":3831,\"caption\":\"UT\u0112 Makeup\"},\"image\":{\"@id\":\"https:\\\/\\\/utemakeup.com\\\/#\\\/schema\\\/logo\\\/image\\\/\"},\"sameAs\":[\"https:\\\/\\\/www.instagram.com\\\/ute_makeup_?igsh=MTlqOWk5bzY0bnFsbw&utm_source=qr\"],\"description\":\"M\u00e1s que maquillaje, en UT\u0112 celebramos la autenticidad y el estilo propio. Nuestros productos est\u00e1n elaborados con ingredientes naturales y sin crueldad animal, perfectos para cualquier estilo y ocasi\u00f3n. \u00a1Qui\u00e9rete como eres y cuida del planeta al mismo tiempo!\",\"email\":\"info@utemakeup.com\",\"foundingDate\":\"2024-11-19\",\"actionableFeedbackPolicy\":\"https:\\\/\\\/utemakeup.com\\\/contactanos\\\/\"}]}<\/script>\n<!-- \/ Yoast SEO Premium plugin. -->","yoast_head_json":{"title":"Pol\u00edtica de Privacidad - UT\u0112 - Espa\u00f1a","robots":{"index":"index","follow":"follow","max-snippet":"max-snippet:-1","max-image-preview":"max-image-preview:large","max-video-preview":"max-video-preview:-1"},"canonical":"https:\/\/utemakeup.com\/en\/politica-de-privacidad-2\/","og_locale":"en_GB","og_type":"article","og_title":"Pol\u00edtica de Privacidad","og_description":"Pol\u00edtica de Privacidad \u2013 UT\u0112 1. Responsable del Tratamiento Titular: UT\u0112 MAKE UPCorreo electr\u00f3nico: info@utemakeup.com CIF: 78239094V Finalidad del Tratamiento En UT\u0112 tratamos los datos personales para las siguientes finalidades: Gestionar pedidos y env\u00edos. Procesar pagos. Atender consultas y solicitudes enviadas por correo electr\u00f3nico. Gestionar devoluciones e incidencias. Enviar comunicaciones comerciales (solo si el usuario [&hellip;]","og_url":"https:\/\/utemakeup.com\/en\/politica-de-privacidad-2\/","og_site_name":"UT\u0112 - Espa\u00f1a","article_modified_time":"2026-02-24T22:37:26+00:00","og_image":[{"width":1920,"height":1080,"url":"https:\/\/utemakeup.com\/wp-content\/uploads\/2024\/11\/WhatsApp-Image-2024-11-28-at-22.32.26.jpeg","type":"image\/jpeg"}],"twitter_card":"summary_large_image","schema":{"@context":"https:\/\/schema.org","@graph":[{"@type":"WebPage","@id":"https:\/\/utemakeup.com\/politica-de-privacidad-2\/","url":"https:\/\/utemakeup.com\/politica-de-privacidad-2\/","name":"Pol\u00edtica de Privacidad - UT\u0112 - Espa\u00f1a","isPartOf":{"@id":"https:\/\/utemakeup.com\/#website"},"datePublished":"2026-02-24T22:36:30+00:00","dateModified":"2026-02-24T22:37:26+00:00","breadcrumb":{"@id":"https:\/\/utemakeup.com\/politica-de-privacidad-2\/#breadcrumb"},"inLanguage":"en-GB","potentialAction":[{"@type":"ReadAction","target":["https:\/\/utemakeup.com\/politica-de-privacidad-2\/"]}]},{"@type":"BreadcrumbList","@id":"https:\/\/utemakeup.com\/politica-de-privacidad-2\/#breadcrumb","itemListElement":[{"@type":"ListItem","position":1,"name":"Portada","item":"https:\/\/utemakeup.com\/"},{"@type":"ListItem","position":2,"name":"Pol\u00edtica de Privacidad"}]},{"@type":"WebSite","@id":"https:\/\/utemakeup.com\/#website","url":"https:\/\/utemakeup.com\/","name":"UT\u0112 Makeup","description":"Natural-vegan-sustainable make-up","publisher":{"@id":"https:\/\/utemakeup.com\/#organization"},"alternateName":"UT\u0112 Makeup- Productos de maquillaje natural","potentialAction":[{"@type":"SearchAction","target":{"@type":"EntryPoint","urlTemplate":"https:\/\/utemakeup.com\/?s={search_term_string}"},"query-input":{"@type":"PropertyValueSpecification","valueRequired":true,"valueName":"search_term_string"}}],"inLanguage":"en-GB"},{"@type":"Organization","@id":"https:\/\/utemakeup.com\/#organization","name":"UT\u0112 Makeup","alternateName":"UT\u0112 Productos de maquillaje vegano-natural-sostenible","url":"https:\/\/utemakeup.com\/","logo":{"@type":"ImageObject","inLanguage":"en-GB","@id":"https:\/\/utemakeup.com\/#\/schema\/logo\/image\/","url":"https:\/\/utemakeup.com\/wp-content\/uploads\/2025\/03\/UTE-02-1.png","contentUrl":"https:\/\/utemakeup.com\/wp-content\/uploads\/2025\/03\/UTE-02-1.png","width":3612,"height":3831,"caption":"UT\u0112 Makeup"},"image":{"@id":"https:\/\/utemakeup.com\/#\/schema\/logo\/image\/"},"sameAs":["https:\/\/www.instagram.com\/ute_makeup_?igsh=MTlqOWk5bzY0bnFsbw&utm_source=qr"],"description":"More than makeup, at UT\u0112 we celebrate authenticity and style. Our products are made with natural ingredients and animal cruelty-free, perfect for any style and occasion - love yourself and care for the planet at the same time!","email":"info@utemakeup.com","foundingDate":"2024-11-19","actionableFeedbackPolicy":"https:\/\/utemakeup.com\/contactanos\/"}]}},"jetpack_sharing_enabled":true,"_links":{"self":[{"href":"https:\/\/utemakeup.com\/en\/wp-json\/wp\/v2\/pages\/2031","targetHints":{"allow":["GET"]}}],"collection":[{"href":"https:\/\/utemakeup.com\/en\/wp-json\/wp\/v2\/pages"}],"about":[{"href":"https:\/\/utemakeup.com\/en\/wp-json\/wp\/v2\/types\/page"}],"author":[{"embeddable":true,"href":"https:\/\/utemakeup.com\/en\/wp-json\/wp\/v2\/users\/2"}],"replies":[{"embeddable":true,"href":"https:\/\/utemakeup.com\/en\/wp-json\/wp\/v2\/comments?post=2031"}],"version-history":[{"count":5,"href":"https:\/\/utemakeup.com\/en\/wp-json\/wp\/v2\/pages\/2031\/revisions"}],"predecessor-version":[{"id":2036,"href":"https:\/\/utemakeup.com\/en\/wp-json\/wp\/v2\/pages\/2031\/revisions\/2036"}],"wp:attachment":[{"href":"https:\/\/utemakeup.com\/en\/wp-json\/wp\/v2\/media?parent=2031"}],"curies":[{"name":"wp","href":"https:\/\/api.w.org\/{rel}","templated":true}]}}