{"id":2042,"date":"2026-02-24T22:41:35","date_gmt":"2026-02-24T22:41:35","guid":{"rendered":"https:\/\/utemakeup.com\/?page_id=2042"},"modified":"2026-02-24T22:44:28","modified_gmt":"2026-02-24T22:44:28","slug":"legal-notice","status":"publish","type":"page","link":"https:\/\/utemakeup.com\/en\/aviso-legal\/","title":{"rendered":"Legal Notice"},"content":{"rendered":"<p>[et_pb_section fb_built=\u00bb1&#8243; theme_builder_area=\u00bbpost_content\u00bb _builder_version=\u00bb4.27.4&#8243; _module_preset=\u00bbdefault\u00bb][et_pb_row _builder_version=\u00bb4.27.4&#8243; _module_preset=\u00bbdefault\u00bb theme_builder_area=\u00bbpost_content\u00bb][et_pb_column _builder_version=\u00bb4.27.4&#8243; _module_preset=\u00bbdefault\u00bb type=\u00bb4_4&#8243; theme_builder_area=\u00bbpost_content\u00bb][et_pb_text _builder_version=\u00bb4.27.4&#8243; _module_preset=\u00bbdefault\u00bb theme_builder_area=\u00bbpost_content\u00bb hover_enabled=\u00bb0&#8243; sticky_enabled=\u00bb0&#8243;]<\/p>\n<h1><b>Aviso Legal<\/b><\/h1>\n<p><b><\/b><\/p>\n<h2><b>1. Datos Identificativos<\/b><\/h2>\n<p><span style=\"font-weight: 400;\">En cumplimiento con el deber de informaci\u00f3n recogido en el art\u00edculo 10 de la Ley 34\/2002, de Servicios de la Sociedad de la Informaci\u00f3n y de Comercio Electr\u00f3nico (LSSI-CE), se informa que el presente sitio web pertenece a:<\/span><\/p>\n<p><b>Titular:<\/b><span style=\"font-weight: 400;\"> UT\u0112 MAKE UP<\/span><span style=\"font-weight: 400;\"><br \/><\/span><b>Correo electr\u00f3nico de contacto:<\/b><span style=\"font-weight: 400;\"> info@utemakeup.com<\/span><\/p>\n<p><span style=\"font-weight: 400;\">(Deber\u00e1s a\u00f1adir raz\u00f3n social completa, NIF\/CIF y domicilio fiscal).<\/span><\/p>\n<ol start=\"2\">\n<li><b> Objeto<\/b><\/li>\n<\/ol>\n<p><span style=\"font-weight: 400;\">El presente Aviso Legal regula el acceso, navegaci\u00f3n y uso del sitio web de UT\u0112, as\u00ed como las responsabilidades derivadas de la utilizaci\u00f3n de sus contenidos.<\/span><\/p>\n<p><span style=\"font-weight: 400;\">El acceso a la web atribuye la condici\u00f3n de usuario e implica la aceptaci\u00f3n plena y sin reservas de las disposiciones incluidas en este Aviso Legal.<\/span><\/p>\n<ol start=\"3\">\n<li><b> Condiciones de Uso<\/b><\/li>\n<\/ol>\n<p><span style=\"font-weight: 400;\">El usuario se compromete a hacer un uso adecuado del sitio web y a no emplearlo para:<\/span><\/p>\n<ul>\n<li style=\"font-weight: 400;\" aria-level=\"1\"><span style=\"font-weight: 400;\">Realizar actividades il\u00edcitas o contrarias a la buena fe y al orden p\u00fablico.<\/span><\/li>\n<li style=\"font-weight: 400;\" aria-level=\"1\"><span style=\"font-weight: 400;\">Difundir contenidos o propaganda de car\u00e1cter ilegal, ofensivo o discriminatorio.<\/span><\/li>\n<li style=\"font-weight: 400;\" aria-level=\"1\"><span style=\"font-weight: 400;\">Provocar da\u00f1os en los sistemas f\u00edsicos y l\u00f3gicos del titular o de terceros.<\/span><\/li>\n<\/ul>\n<p><span style=\"font-weight: 400;\">UT\u0112 se reserva el derecho a denegar o retirar el acceso al sitio web sin necesidad de preaviso en caso de incumplimiento.<\/span><\/p>\n<ol start=\"4\">\n<li><b> Propiedad Intelectual e Industrial<\/b><\/li>\n<\/ol>\n<p><span style=\"font-weight: 400;\">Todos los contenidos del sitio web (textos, im\u00e1genes, dise\u00f1os, logotipos, marcas, estructura, dise\u00f1o gr\u00e1fico, c\u00f3digo fuente y dem\u00e1s elementos) son titularidad de UT\u0112 o dispone de los derechos necesarios para su uso.<\/span><\/p>\n<p><span style=\"font-weight: 400;\">Queda expresamente prohibida la reproducci\u00f3n, distribuci\u00f3n, comunicaci\u00f3n p\u00fablica o transformaci\u00f3n, total o parcial, sin autorizaci\u00f3n expresa y por escrito del titular.<\/span><\/p>\n<p><span style=\"font-weight: 400;\">La marca <\/span><b>UT\u0112<\/b><span style=\"font-weight: 400;\"> est\u00e1 protegida conforme a la normativa vigente en materia de propiedad industrial.<\/span><\/p>\n<p>&nbsp;<\/p>\n<ol start=\"5\">\n<li><b> Responsabilidad<\/b><\/li>\n<\/ol>\n<p><span style=\"font-weight: 400;\">UT\u0112 no se responsabiliza de:<\/span><\/p>\n<ul>\n<li style=\"font-weight: 400;\" aria-level=\"1\"><span style=\"font-weight: 400;\">Errores u omisiones en los contenidos.<\/span><\/li>\n<li style=\"font-weight: 400;\" aria-level=\"1\"><span style=\"font-weight: 400;\">Falta de disponibilidad temporal del sitio web.<\/span><\/li>\n<li style=\"font-weight: 400;\" aria-level=\"1\"><span style=\"font-weight: 400;\">Da\u00f1os derivados del uso indebido del sitio web por parte del usuario.<\/span><\/li>\n<\/ul>\n<p><span style=\"font-weight: 400;\">UT\u0112 adopta las medidas t\u00e9cnicas necesarias para garantizar el correcto funcionamiento del sitio, pero no puede garantizar la ausencia absoluta de virus u otros elementos da\u00f1inos.<\/span><\/p>\n<ol start=\"6\">\n<li><b> Enlaces Externos<\/b><\/li>\n<\/ol>\n<p><span style=\"font-weight: 400;\">El sitio web puede incluir enlaces a p\u00e1ginas de terceros. UT\u0112 no se responsabiliza del contenido, pol\u00edticas o pr\u00e1cticas de dichos sitios externos.<\/span><\/p>\n<ol start=\"7\">\n<li><b> Protecci\u00f3n de Datos<\/b><\/li>\n<\/ol>\n<p><span style=\"font-weight: 400;\">El tratamiento de datos personales se rige por lo establecido en la Pol\u00edtica de Privacidad disponible en este sitio web y conforme al Reglamento (UE) 2016\/679 (RGPD) y la Ley Org\u00e1nica 3\/2018.<\/span><\/p>\n<ol start=\"8\">\n<li><b> Legislaci\u00f3n Aplicable<\/b><\/li>\n<\/ol>\n<p><span style=\"font-weight: 400;\">El presente Aviso Legal se rige por la legislaci\u00f3n espa\u00f1ola.<\/span><\/p>\n<p><span style=\"font-weight: 400;\">Para la resoluci\u00f3n de cualquier conflicto, las partes se someter\u00e1n a los Juzgados y Tribunales del domicilio del consumidor.<\/span><\/p>\n<p>&nbsp;<\/p>\n<p>[\/et_pb_text][\/et_pb_column][\/et_pb_row][\/et_pb_section]<\/p>\n","protected":false},"excerpt":{"rendered":"<p>Aviso Legal 1. Datos Identificativos En cumplimiento con el deber de informaci\u00f3n recogido en el art\u00edculo 10 de la Ley 34\/2002, de Servicios de la Sociedad de la Informaci\u00f3n y de Comercio Electr\u00f3nico (LSSI-CE), se informa que el presente sitio web pertenece a: Titular: UT\u0112 MAKE UPCorreo electr\u00f3nico de contacto: info@utemakeup.com (Deber\u00e1s a\u00f1adir raz\u00f3n social [&hellip;]<\/p>\n","protected":false},"author":2,"featured_media":0,"parent":0,"menu_order":0,"comment_status":"closed","ping_status":"closed","template":"","meta":{"_et_pb_use_builder":"on","_et_pb_old_content":"","_et_gb_content_width":"","footnotes":""},"class_list":["post-2042","page","type-page","status-publish","hentry"],"yoast_head":"<!-- This site is optimized with the Yoast SEO Premium plugin v26.3 (Yoast SEO v27.4) - https:\/\/yoast.com\/product\/yoast-seo-premium-wordpress\/ -->\n<title>Aviso legal - UT\u0112 - Espa\u00f1a<\/title>\n<meta name=\"robots\" content=\"index, follow, max-snippet:-1, max-image-preview:large, max-video-preview:-1\" \/>\n<link rel=\"canonical\" href=\"https:\/\/utemakeup.com\/en\/legal-notice\/\" \/>\n<meta property=\"og:locale\" content=\"en_GB\" \/>\n<meta property=\"og:type\" content=\"article\" \/>\n<meta property=\"og:title\" content=\"Aviso legal\" \/>\n<meta property=\"og:description\" content=\"Aviso Legal 1. Datos Identificativos En cumplimiento con el deber de informaci\u00f3n recogido en el art\u00edculo 10 de la Ley 34\/2002, de Servicios de la Sociedad de la Informaci\u00f3n y de Comercio Electr\u00f3nico (LSSI-CE), se informa que el presente sitio web pertenece a: Titular: UT\u0112 MAKE UPCorreo electr\u00f3nico de contacto: info@utemakeup.com (Deber\u00e1s a\u00f1adir raz\u00f3n social [&hellip;]\" \/>\n<meta property=\"og:url\" content=\"https:\/\/utemakeup.com\/en\/legal-notice\/\" \/>\n<meta property=\"og:site_name\" content=\"UT\u0112 - Espa\u00f1a\" \/>\n<meta property=\"article:modified_time\" content=\"2026-02-24T22:44:28+00:00\" \/>\n<meta property=\"og:image\" content=\"https:\/\/utemakeup.com\/wp-content\/uploads\/2024\/11\/WhatsApp-Image-2024-11-28-at-22.32.26.jpeg\" \/>\n\t<meta property=\"og:image:width\" content=\"1920\" \/>\n\t<meta property=\"og:image:height\" content=\"1080\" \/>\n\t<meta property=\"og:image:type\" content=\"image\/jpeg\" \/>\n<meta name=\"twitter:card\" content=\"summary_large_image\" \/>\n<script type=\"application\/ld+json\" class=\"yoast-schema-graph\">{\"@context\":\"https:\\\/\\\/schema.org\",\"@graph\":[{\"@type\":\"WebPage\",\"@id\":\"https:\\\/\\\/utemakeup.com\\\/aviso-legal\\\/\",\"url\":\"https:\\\/\\\/utemakeup.com\\\/aviso-legal\\\/\",\"name\":\"Aviso legal - UT\u0112 - Espa\u00f1a\",\"isPartOf\":{\"@id\":\"https:\\\/\\\/utemakeup.com\\\/#website\"},\"datePublished\":\"2026-02-24T22:41:35+00:00\",\"dateModified\":\"2026-02-24T22:44:28+00:00\",\"breadcrumb\":{\"@id\":\"https:\\\/\\\/utemakeup.com\\\/aviso-legal\\\/#breadcrumb\"},\"inLanguage\":\"en-GB\",\"potentialAction\":[{\"@type\":\"ReadAction\",\"target\":[\"https:\\\/\\\/utemakeup.com\\\/aviso-legal\\\/\"]}]},{\"@type\":\"BreadcrumbList\",\"@id\":\"https:\\\/\\\/utemakeup.com\\\/aviso-legal\\\/#breadcrumb\",\"itemListElement\":[{\"@type\":\"ListItem\",\"position\":1,\"name\":\"Portada\",\"item\":\"https:\\\/\\\/utemakeup.com\\\/\"},{\"@type\":\"ListItem\",\"position\":2,\"name\":\"Aviso legal\"}]},{\"@type\":\"WebSite\",\"@id\":\"https:\\\/\\\/utemakeup.com\\\/#website\",\"url\":\"https:\\\/\\\/utemakeup.com\\\/\",\"name\":\"UT\u0112 Makeup\",\"description\":\"Maquillaje Natural- vegano-sostenible\",\"publisher\":{\"@id\":\"https:\\\/\\\/utemakeup.com\\\/#organization\"},\"alternateName\":\"UT\u0112 Makeup- Productos de maquillaje natural\",\"potentialAction\":[{\"@type\":\"SearchAction\",\"target\":{\"@type\":\"EntryPoint\",\"urlTemplate\":\"https:\\\/\\\/utemakeup.com\\\/?s={search_term_string}\"},\"query-input\":{\"@type\":\"PropertyValueSpecification\",\"valueRequired\":true,\"valueName\":\"search_term_string\"}}],\"inLanguage\":\"en-GB\"},{\"@type\":\"Organization\",\"@id\":\"https:\\\/\\\/utemakeup.com\\\/#organization\",\"name\":\"UT\u0112 Makeup\",\"alternateName\":\"UT\u0112 Productos de maquillaje vegano-natural-sostenible\",\"url\":\"https:\\\/\\\/utemakeup.com\\\/\",\"logo\":{\"@type\":\"ImageObject\",\"inLanguage\":\"en-GB\",\"@id\":\"https:\\\/\\\/utemakeup.com\\\/#\\\/schema\\\/logo\\\/image\\\/\",\"url\":\"https:\\\/\\\/utemakeup.com\\\/wp-content\\\/uploads\\\/2025\\\/03\\\/UTE-02-1.png\",\"contentUrl\":\"https:\\\/\\\/utemakeup.com\\\/wp-content\\\/uploads\\\/2025\\\/03\\\/UTE-02-1.png\",\"width\":3612,\"height\":3831,\"caption\":\"UT\u0112 Makeup\"},\"image\":{\"@id\":\"https:\\\/\\\/utemakeup.com\\\/#\\\/schema\\\/logo\\\/image\\\/\"},\"sameAs\":[\"https:\\\/\\\/www.instagram.com\\\/ute_makeup_?igsh=MTlqOWk5bzY0bnFsbw&utm_source=qr\"],\"description\":\"M\u00e1s que maquillaje, en UT\u0112 celebramos la autenticidad y el estilo propio. Nuestros productos est\u00e1n elaborados con ingredientes naturales y sin crueldad animal, perfectos para cualquier estilo y ocasi\u00f3n. \u00a1Qui\u00e9rete como eres y cuida del planeta al mismo tiempo!\",\"email\":\"info@utemakeup.com\",\"foundingDate\":\"2024-11-19\",\"actionableFeedbackPolicy\":\"https:\\\/\\\/utemakeup.com\\\/contactanos\\\/\"}]}<\/script>\n<!-- \/ Yoast SEO Premium plugin. -->","yoast_head_json":{"title":"Legal Notice - UT\u0112 - Spain","robots":{"index":"index","follow":"follow","max-snippet":"max-snippet:-1","max-image-preview":"max-image-preview:large","max-video-preview":"max-video-preview:-1"},"canonical":"https:\/\/utemakeup.com\/en\/legal-notice\/","og_locale":"en_GB","og_type":"article","og_title":"Aviso legal","og_description":"Aviso Legal 1. Datos Identificativos En cumplimiento con el deber de informaci\u00f3n recogido en el art\u00edculo 10 de la Ley 34\/2002, de Servicios de la Sociedad de la Informaci\u00f3n y de Comercio Electr\u00f3nico (LSSI-CE), se informa que el presente sitio web pertenece a: Titular: UT\u0112 MAKE UPCorreo electr\u00f3nico de contacto: info@utemakeup.com (Deber\u00e1s a\u00f1adir raz\u00f3n social [&hellip;]","og_url":"https:\/\/utemakeup.com\/en\/legal-notice\/","og_site_name":"UT\u0112 - Espa\u00f1a","article_modified_time":"2026-02-24T22:44:28+00:00","og_image":[{"width":1920,"height":1080,"url":"https:\/\/utemakeup.com\/wp-content\/uploads\/2024\/11\/WhatsApp-Image-2024-11-28-at-22.32.26.jpeg","type":"image\/jpeg"}],"twitter_card":"summary_large_image","schema":{"@context":"https:\/\/schema.org","@graph":[{"@type":"WebPage","@id":"https:\/\/utemakeup.com\/aviso-legal\/","url":"https:\/\/utemakeup.com\/aviso-legal\/","name":"Legal Notice - UT\u0112 - Spain","isPartOf":{"@id":"https:\/\/utemakeup.com\/#website"},"datePublished":"2026-02-24T22:41:35+00:00","dateModified":"2026-02-24T22:44:28+00:00","breadcrumb":{"@id":"https:\/\/utemakeup.com\/aviso-legal\/#breadcrumb"},"inLanguage":"en-GB","potentialAction":[{"@type":"ReadAction","target":["https:\/\/utemakeup.com\/aviso-legal\/"]}]},{"@type":"BreadcrumbList","@id":"https:\/\/utemakeup.com\/aviso-legal\/#breadcrumb","itemListElement":[{"@type":"ListItem","position":1,"name":"Portada","item":"https:\/\/utemakeup.com\/"},{"@type":"ListItem","position":2,"name":"Aviso legal"}]},{"@type":"WebSite","@id":"https:\/\/utemakeup.com\/#website","url":"https:\/\/utemakeup.com\/","name":"UT\u0112 Makeup","description":"Natural-vegan-sustainable make-up","publisher":{"@id":"https:\/\/utemakeup.com\/#organization"},"alternateName":"UT\u0112 Makeup- Productos de maquillaje natural","potentialAction":[{"@type":"SearchAction","target":{"@type":"EntryPoint","urlTemplate":"https:\/\/utemakeup.com\/?s={search_term_string}"},"query-input":{"@type":"PropertyValueSpecification","valueRequired":true,"valueName":"search_term_string"}}],"inLanguage":"en-GB"},{"@type":"Organization","@id":"https:\/\/utemakeup.com\/#organization","name":"UT\u0112 Makeup","alternateName":"UT\u0112 Productos de maquillaje vegano-natural-sostenible","url":"https:\/\/utemakeup.com\/","logo":{"@type":"ImageObject","inLanguage":"en-GB","@id":"https:\/\/utemakeup.com\/#\/schema\/logo\/image\/","url":"https:\/\/utemakeup.com\/wp-content\/uploads\/2025\/03\/UTE-02-1.png","contentUrl":"https:\/\/utemakeup.com\/wp-content\/uploads\/2025\/03\/UTE-02-1.png","width":3612,"height":3831,"caption":"UT\u0112 Makeup"},"image":{"@id":"https:\/\/utemakeup.com\/#\/schema\/logo\/image\/"},"sameAs":["https:\/\/www.instagram.com\/ute_makeup_?igsh=MTlqOWk5bzY0bnFsbw&utm_source=qr"],"description":"More than makeup, at UT\u0112 we celebrate authenticity and style. Our products are made with natural ingredients and animal cruelty-free, perfect for any style and occasion - love yourself and care for the planet at the same time!","email":"info@utemakeup.com","foundingDate":"2024-11-19","actionableFeedbackPolicy":"https:\/\/utemakeup.com\/contactanos\/"}]}},"_links":{"self":[{"href":"https:\/\/utemakeup.com\/en\/wp-json\/wp\/v2\/pages\/2042","targetHints":{"allow":["GET"]}}],"collection":[{"href":"https:\/\/utemakeup.com\/en\/wp-json\/wp\/v2\/pages"}],"about":[{"href":"https:\/\/utemakeup.com\/en\/wp-json\/wp\/v2\/types\/page"}],"author":[{"embeddable":true,"href":"https:\/\/utemakeup.com\/en\/wp-json\/wp\/v2\/users\/2"}],"replies":[{"embeddable":true,"href":"https:\/\/utemakeup.com\/en\/wp-json\/wp\/v2\/comments?post=2042"}],"version-history":[{"count":4,"href":"https:\/\/utemakeup.com\/en\/wp-json\/wp\/v2\/pages\/2042\/revisions"}],"predecessor-version":[{"id":2046,"href":"https:\/\/utemakeup.com\/en\/wp-json\/wp\/v2\/pages\/2042\/revisions\/2046"}],"wp:attachment":[{"href":"https:\/\/utemakeup.com\/en\/wp-json\/wp\/v2\/media?parent=2042"}],"curies":[{"name":"wp","href":"https:\/\/api.w.org\/{rel}","templated":true}]}}