{"id":9,"date":"2024-08-16T05:53:51","date_gmt":"2024-08-16T05:53:51","guid":{"rendered":"https:\/\/utemakeup.com\/?page_id=9"},"modified":"2026-02-09T21:29:27","modified_gmt":"2026-02-09T21:29:27","slug":"upcoming-vegan-make-up-launches","status":"publish","type":"page","link":"https:\/\/utemakeup.com\/en\/proximos-lanzamientos-maquillaje-vegano\/","title":{"rendered":"Coming Soon"},"content":{"rendered":"<p>[et_pb_section fb_built=\u00bb1&#8243; _builder_version=\u00bb4.27.0&#8243; _module_preset=\u00bbdefault\u00bb background_image=\u00bbhttps:\/\/utemakeup.com\/wp-content\/uploads\/2024\/08\/Proximamente-fondo.png\u00bb parallax=\u00bbon\u00bb height=\u00bb100vh\u00bb custom_margin=\u00bb0px||0px||false|false\u00bb custom_padding=\u00bb0px||0px||false|false\u00bb global_colors_info=\u00bb{}\u00bb][et_pb_row _builder_version=\u00bb4.27.4&#8243; _module_preset=\u00bbdefault\u00bb column_structure=\u00bb1_4,1_2,1_4&#8243; module_alignment=\u00bbcenter\u00bb hover_enabled=\u00bb0&#8243; sticky_enabled=\u00bb0&#8243; custom_padding=\u00bb194px|||||\u00bb][et_pb_column _builder_version=\u00bb4.27.4&#8243; _module_preset=\u00bbdefault\u00bb type=\u00bb1_4&#8243;][\/et_pb_column][et_pb_column _builder_version=\u00bb4.27.4&#8243; _module_preset=\u00bbdefault\u00bb type=\u00bb1_2&#8243;][et_pb_text _builder_version=\u00bb4.27.4&#8243; _module_preset=\u00bbdefault\u00bb text_font=\u00bbWork Sans||||||||\u00bb header_font=\u00bbWork Sans||||||||\u00bb hover_enabled=\u00bb0&#8243; sticky_enabled=\u00bb0&#8243; custom_padding=\u00bb13px|31px|13px|31px|true|true\u00bb background_color=\u00bb#FFFFFF\u00bb]<\/p>\n<h1><img loading=\"lazy\" decoding=\"async\" src=\"https:\/\/utemakeup.com\/wp-content\/uploads\/2026\/01\/cropped-LOGO-UTE-GOOGLE-500-x-500-px-300x300.png\" width=\"300\" height=\"300\" alt=\"\" class=\"wp-image-1839 alignnone size-medium\" style=\"display: block; margin-left: auto; margin-right: auto;\" \/><\/h1>\n<h1 style=\"text-align: center;\">Estamos evolucionando<\/h1>\n<p style=\"text-align: center;\">Estamos afinando cada detalle de nuestra colecci\u00f3n.<br \/>F\u00f3rmulas, tonos y experiencia para ofrecerte la mejor versi\u00f3n de UT\u0112.<\/p>\n<p>[\/et_pb_text][\/et_pb_column][et_pb_column _builder_version=\u00bb4.27.4&#8243; _module_preset=\u00bbdefault\u00bb type=\u00bb1_4&#8243;][\/et_pb_column][\/et_pb_row][\/et_pb_section]<\/p>\n","protected":false},"excerpt":{"rendered":"<p>Estamos evolucionando Estamos afinando cada detalle de nuestra colecci\u00f3n.F\u00f3rmulas, tonos y experiencia para ofrecerte la mejor versi\u00f3n de UT\u0112.<\/p>","protected":false},"author":1,"featured_media":0,"parent":0,"menu_order":0,"comment_status":"closed","ping_status":"closed","template":"page-template-blank.php","meta":{"_et_pb_use_builder":"on","_et_pb_old_content":"","_et_gb_content_width":"","footnotes":""},"class_list":["post-9","page","type-page","status-publish","hentry"],"yoast_head":"<!-- This site is optimized with the Yoast SEO Premium plugin v26.3 (Yoast SEO v27.4) - https:\/\/yoast.com\/product\/yoast-seo-premium-wordpress\/ -->\n<title>Muy Pronto: Nuevos Productos Veganos | UTE Makeup<\/title>\n<meta name=\"description\" content=\"Descubre los pr\u00f3ximos lanzamientos de maquillaje vegano. Innovaci\u00f3n, belleza natural y sostenibilidad, muy pronto en UTE Makeup.\" \/>\n<meta name=\"robots\" content=\"index, follow, max-snippet:-1, max-image-preview:large, max-video-preview:-1\" \/>\n<link rel=\"canonical\" href=\"https:\/\/utemakeup.com\/en\/upcoming-vegan-make-up-launches\/\" \/>\n<meta property=\"og:locale\" content=\"en_GB\" \/>\n<meta property=\"og:type\" content=\"article\" \/>\n<meta property=\"og:title\" content=\"Muy Pronto\" \/>\n<meta property=\"og:description\" content=\"Descubre los pr\u00f3ximos lanzamientos de maquillaje vegano. Innovaci\u00f3n, belleza natural y sostenibilidad, muy pronto en UTE Makeup.\" \/>\n<meta property=\"og:url\" content=\"https:\/\/utemakeup.com\/en\/upcoming-vegan-make-up-launches\/\" \/>\n<meta property=\"og:site_name\" content=\"UT\u0112 - Espa\u00f1a\" \/>\n<meta property=\"article:modified_time\" content=\"2026-02-09T21:29:27+00:00\" \/>\n<meta property=\"og:image\" content=\"https:\/\/utemakeup.com\/wp-content\/uploads\/2026\/01\/cropped-LOGO-UTE-GOOGLE-500-x-500-px.png\" \/>\n\t<meta property=\"og:image:width\" content=\"512\" \/>\n\t<meta property=\"og:image:height\" content=\"512\" \/>\n\t<meta property=\"og:image:type\" content=\"image\/png\" \/>\n<meta name=\"twitter:card\" content=\"summary_large_image\" \/>\n<meta name=\"twitter:label1\" content=\"Estimated reading time\" \/>\n\t<meta name=\"twitter:data1\" content=\"1 minute\" \/>\n<script type=\"application\/ld+json\" class=\"yoast-schema-graph\">{\"@context\":\"https:\\\/\\\/schema.org\",\"@graph\":[{\"@type\":\"WebPage\",\"@id\":\"https:\\\/\\\/utemakeup.com\\\/proximos-lanzamientos-maquillaje-vegano\\\/\",\"url\":\"https:\\\/\\\/utemakeup.com\\\/proximos-lanzamientos-maquillaje-vegano\\\/\",\"name\":\"Muy Pronto: Nuevos Productos Veganos | UTE Makeup\",\"isPartOf\":{\"@id\":\"https:\\\/\\\/utemakeup.com\\\/#website\"},\"primaryImageOfPage\":{\"@id\":\"https:\\\/\\\/utemakeup.com\\\/proximos-lanzamientos-maquillaje-vegano\\\/#primaryimage\"},\"image\":{\"@id\":\"https:\\\/\\\/utemakeup.com\\\/proximos-lanzamientos-maquillaje-vegano\\\/#primaryimage\"},\"thumbnailUrl\":\"https:\\\/\\\/utemakeup.com\\\/wp-content\\\/uploads\\\/2026\\\/01\\\/cropped-LOGO-UTE-GOOGLE-500-x-500-px-300x300.png\",\"datePublished\":\"2024-08-16T05:53:51+00:00\",\"dateModified\":\"2026-02-09T21:29:27+00:00\",\"description\":\"Descubre los pr\u00f3ximos lanzamientos de maquillaje vegano. Innovaci\u00f3n, belleza natural y sostenibilidad, muy pronto en UTE Makeup.\",\"breadcrumb\":{\"@id\":\"https:\\\/\\\/utemakeup.com\\\/proximos-lanzamientos-maquillaje-vegano\\\/#breadcrumb\"},\"inLanguage\":\"en-GB\",\"potentialAction\":[{\"@type\":\"ReadAction\",\"target\":[\"https:\\\/\\\/utemakeup.com\\\/proximos-lanzamientos-maquillaje-vegano\\\/\"]}]},{\"@type\":\"ImageObject\",\"inLanguage\":\"en-GB\",\"@id\":\"https:\\\/\\\/utemakeup.com\\\/proximos-lanzamientos-maquillaje-vegano\\\/#primaryimage\",\"url\":\"https:\\\/\\\/utemakeup.com\\\/wp-content\\\/uploads\\\/2026\\\/01\\\/cropped-LOGO-UTE-GOOGLE-500-x-500-px-300x300.png\",\"contentUrl\":\"https:\\\/\\\/utemakeup.com\\\/wp-content\\\/uploads\\\/2026\\\/01\\\/cropped-LOGO-UTE-GOOGLE-500-x-500-px-300x300.png\"},{\"@type\":\"BreadcrumbList\",\"@id\":\"https:\\\/\\\/utemakeup.com\\\/proximos-lanzamientos-maquillaje-vegano\\\/#breadcrumb\",\"itemListElement\":[{\"@type\":\"ListItem\",\"position\":1,\"name\":\"Portada\",\"item\":\"https:\\\/\\\/utemakeup.com\\\/\"},{\"@type\":\"ListItem\",\"position\":2,\"name\":\"Muy Pronto\"}]},{\"@type\":\"WebSite\",\"@id\":\"https:\\\/\\\/utemakeup.com\\\/#website\",\"url\":\"https:\\\/\\\/utemakeup.com\\\/\",\"name\":\"UT\u0112 Makeup\",\"description\":\"Maquillaje Natural- vegano-sostenible\",\"publisher\":{\"@id\":\"https:\\\/\\\/utemakeup.com\\\/#organization\"},\"alternateName\":\"UT\u0112 Makeup- Productos de maquillaje natural\",\"potentialAction\":[{\"@type\":\"SearchAction\",\"target\":{\"@type\":\"EntryPoint\",\"urlTemplate\":\"https:\\\/\\\/utemakeup.com\\\/?s={search_term_string}\"},\"query-input\":{\"@type\":\"PropertyValueSpecification\",\"valueRequired\":true,\"valueName\":\"search_term_string\"}}],\"inLanguage\":\"en-GB\"},{\"@type\":\"Organization\",\"@id\":\"https:\\\/\\\/utemakeup.com\\\/#organization\",\"name\":\"UT\u0112 Makeup\",\"alternateName\":\"UT\u0112 Productos de maquillaje vegano-natural-sostenible\",\"url\":\"https:\\\/\\\/utemakeup.com\\\/\",\"logo\":{\"@type\":\"ImageObject\",\"inLanguage\":\"en-GB\",\"@id\":\"https:\\\/\\\/utemakeup.com\\\/#\\\/schema\\\/logo\\\/image\\\/\",\"url\":\"https:\\\/\\\/utemakeup.com\\\/wp-content\\\/uploads\\\/2025\\\/03\\\/UTE-02-1.png\",\"contentUrl\":\"https:\\\/\\\/utemakeup.com\\\/wp-content\\\/uploads\\\/2025\\\/03\\\/UTE-02-1.png\",\"width\":3612,\"height\":3831,\"caption\":\"UT\u0112 Makeup\"},\"image\":{\"@id\":\"https:\\\/\\\/utemakeup.com\\\/#\\\/schema\\\/logo\\\/image\\\/\"},\"sameAs\":[\"https:\\\/\\\/www.instagram.com\\\/ute_makeup_?igsh=MTlqOWk5bzY0bnFsbw&utm_source=qr\"],\"description\":\"M\u00e1s que maquillaje, en UT\u0112 celebramos la autenticidad y el estilo propio. Nuestros productos est\u00e1n elaborados con ingredientes naturales y sin crueldad animal, perfectos para cualquier estilo y ocasi\u00f3n. \u00a1Qui\u00e9rete como eres y cuida del planeta al mismo tiempo!\",\"email\":\"info@utemakeup.com\",\"foundingDate\":\"2024-11-19\",\"actionableFeedbackPolicy\":\"https:\\\/\\\/utemakeup.com\\\/contactanos\\\/\"}]}<\/script>\n<!-- \/ Yoast SEO Premium plugin. -->","yoast_head_json":{"title":"Coming Soon: New Vegan Products | UTE Makeup","description":"Discover the upcoming launches of vegan make-up. Innovation, natural beauty and sustainability, coming soon to UTE Makeup.","robots":{"index":"index","follow":"follow","max-snippet":"max-snippet:-1","max-image-preview":"max-image-preview:large","max-video-preview":"max-video-preview:-1"},"canonical":"https:\/\/utemakeup.com\/en\/upcoming-vegan-make-up-launches\/","og_locale":"en_GB","og_type":"article","og_title":"Muy Pronto","og_description":"Descubre los pr\u00f3ximos lanzamientos de maquillaje vegano. Innovaci\u00f3n, belleza natural y sostenibilidad, muy pronto en UTE Makeup.","og_url":"https:\/\/utemakeup.com\/en\/upcoming-vegan-make-up-launches\/","og_site_name":"UT\u0112 - Espa\u00f1a","article_modified_time":"2026-02-09T21:29:27+00:00","og_image":[{"width":512,"height":512,"url":"https:\/\/utemakeup.com\/wp-content\/uploads\/2026\/01\/cropped-LOGO-UTE-GOOGLE-500-x-500-px.png","type":"image\/png"}],"twitter_card":"summary_large_image","twitter_misc":{"Estimated reading time":"1 minute"},"schema":{"@context":"https:\/\/schema.org","@graph":[{"@type":"WebPage","@id":"https:\/\/utemakeup.com\/proximos-lanzamientos-maquillaje-vegano\/","url":"https:\/\/utemakeup.com\/proximos-lanzamientos-maquillaje-vegano\/","name":"Coming Soon: New Vegan Products | UTE Makeup","isPartOf":{"@id":"https:\/\/utemakeup.com\/#website"},"primaryImageOfPage":{"@id":"https:\/\/utemakeup.com\/proximos-lanzamientos-maquillaje-vegano\/#primaryimage"},"image":{"@id":"https:\/\/utemakeup.com\/proximos-lanzamientos-maquillaje-vegano\/#primaryimage"},"thumbnailUrl":"https:\/\/utemakeup.com\/wp-content\/uploads\/2026\/01\/cropped-LOGO-UTE-GOOGLE-500-x-500-px-300x300.png","datePublished":"2024-08-16T05:53:51+00:00","dateModified":"2026-02-09T21:29:27+00:00","description":"Discover the upcoming launches of vegan make-up. Innovation, natural beauty and sustainability, coming soon to UTE Makeup.","breadcrumb":{"@id":"https:\/\/utemakeup.com\/proximos-lanzamientos-maquillaje-vegano\/#breadcrumb"},"inLanguage":"en-GB","potentialAction":[{"@type":"ReadAction","target":["https:\/\/utemakeup.com\/proximos-lanzamientos-maquillaje-vegano\/"]}]},{"@type":"ImageObject","inLanguage":"en-GB","@id":"https:\/\/utemakeup.com\/proximos-lanzamientos-maquillaje-vegano\/#primaryimage","url":"https:\/\/utemakeup.com\/wp-content\/uploads\/2026\/01\/cropped-LOGO-UTE-GOOGLE-500-x-500-px-300x300.png","contentUrl":"https:\/\/utemakeup.com\/wp-content\/uploads\/2026\/01\/cropped-LOGO-UTE-GOOGLE-500-x-500-px-300x300.png"},{"@type":"BreadcrumbList","@id":"https:\/\/utemakeup.com\/proximos-lanzamientos-maquillaje-vegano\/#breadcrumb","itemListElement":[{"@type":"ListItem","position":1,"name":"Portada","item":"https:\/\/utemakeup.com\/"},{"@type":"ListItem","position":2,"name":"Muy Pronto"}]},{"@type":"WebSite","@id":"https:\/\/utemakeup.com\/#website","url":"https:\/\/utemakeup.com\/","name":"UT\u0112 Makeup","description":"Natural-vegan-sustainable make-up","publisher":{"@id":"https:\/\/utemakeup.com\/#organization"},"alternateName":"UT\u0112 Makeup- Productos de maquillaje natural","potentialAction":[{"@type":"SearchAction","target":{"@type":"EntryPoint","urlTemplate":"https:\/\/utemakeup.com\/?s={search_term_string}"},"query-input":{"@type":"PropertyValueSpecification","valueRequired":true,"valueName":"search_term_string"}}],"inLanguage":"en-GB"},{"@type":"Organization","@id":"https:\/\/utemakeup.com\/#organization","name":"UT\u0112 Makeup","alternateName":"UT\u0112 Productos de maquillaje vegano-natural-sostenible","url":"https:\/\/utemakeup.com\/","logo":{"@type":"ImageObject","inLanguage":"en-GB","@id":"https:\/\/utemakeup.com\/#\/schema\/logo\/image\/","url":"https:\/\/utemakeup.com\/wp-content\/uploads\/2025\/03\/UTE-02-1.png","contentUrl":"https:\/\/utemakeup.com\/wp-content\/uploads\/2025\/03\/UTE-02-1.png","width":3612,"height":3831,"caption":"UT\u0112 Makeup"},"image":{"@id":"https:\/\/utemakeup.com\/#\/schema\/logo\/image\/"},"sameAs":["https:\/\/www.instagram.com\/ute_makeup_?igsh=MTlqOWk5bzY0bnFsbw&utm_source=qr"],"description":"More than makeup, at UT\u0112 we celebrate authenticity and style. Our products are made with natural ingredients and animal cruelty-free, perfect for any style and occasion - love yourself and care for the planet at the same time!","email":"info@utemakeup.com","foundingDate":"2024-11-19","actionableFeedbackPolicy":"https:\/\/utemakeup.com\/contactanos\/"}]}},"_links":{"self":[{"href":"https:\/\/utemakeup.com\/en\/wp-json\/wp\/v2\/pages\/9","targetHints":{"allow":["GET"]}}],"collection":[{"href":"https:\/\/utemakeup.com\/en\/wp-json\/wp\/v2\/pages"}],"about":[{"href":"https:\/\/utemakeup.com\/en\/wp-json\/wp\/v2\/types\/page"}],"author":[{"embeddable":true,"href":"https:\/\/utemakeup.com\/en\/wp-json\/wp\/v2\/users\/1"}],"replies":[{"embeddable":true,"href":"https:\/\/utemakeup.com\/en\/wp-json\/wp\/v2\/comments?post=9"}],"version-history":[{"count":13,"href":"https:\/\/utemakeup.com\/en\/wp-json\/wp\/v2\/pages\/9\/revisions"}],"predecessor-version":[{"id":1873,"href":"https:\/\/utemakeup.com\/en\/wp-json\/wp\/v2\/pages\/9\/revisions\/1873"}],"wp:attachment":[{"href":"https:\/\/utemakeup.com\/en\/wp-json\/wp\/v2\/media?parent=9"}],"curies":[{"name":"wp","href":"https:\/\/api.w.org\/{rel}","templated":true}]}}