{"id":1239,"date":"2025-04-24T18:28:56","date_gmt":"2025-04-24T18:28:56","guid":{"rendered":"https:\/\/utemakeup.com\/?post_type=product&#038;p=1239"},"modified":"2026-04-07T03:40:18","modified_gmt":"2026-04-07T03:40:18","slug":"blusher-stick-bubblegum-pink","status":"publish","type":"product","link":"https:\/\/utemakeup.com\/en\/producto\/colorete-barra-rosa-chicle\/","title":{"rendered":"Vegan Blush Stick with Bubblegum Pink Brush"},"content":{"rendered":"<p><span data-sheets-root=\"1\">Cream blush in a twist-up stick format designed for quick and precise application. Its creamy texture melts into the skin, providing a fresh and healthy effect on both cheeks and lips.<\/p>\n<p>The formula provides a smooth glide and a lightweight finish, leaving skin looking dewy and balanced without a greasy feel.<\/p>\n<p>Includes an integrated brush to blend and perfect the result at any time.<\/span><\/p>\n<ul>\n<li><span data-sheets-root=\"1\">Colour that can be modulated and is easy to work with<\/span><\/li>\n<li><span data-sheets-root=\"1\">Creamy and smooth texture<\/span><\/li>\n<li><span data-sheets-root=\"1\">Instant good-skin effect<\/span><\/li>\n<li><span data-sheets-root=\"1\">Practical application in stick format<\/span><\/li>\n<li><span data-sheets-root=\"1\">Versatile use: cheeks and lips<\/span><\/li>\n<li><span data-sheets-root=\"1\">Ideal for touch-ups<\/span><\/li>\n<\/ul>","protected":false},"excerpt":{"rendered":"<p><span data-sheets-root=\"1\"><em>Palmitoyl Tripeptide-1 and Palmitoyl Hexapeptide-12<\/em> Peptides that help improve the skin's appearance of smoothness and firmness.<\/p>\n<p><em>Tocopheryl Acetate (Vitamin E)<\/em> antioxidant.<\/p>\n<p><em>Silica:<\/em> Helps to visually smooth the texture and imparts a silky finish.<\/p>\n<p><em>Structuring waxes (Ozokerite, Microcrystalline Wax, Beeswax):<\/em> They provide stability, slip, and light hold.<\/span><\/p>\n<p><span data-sheets-root=\"1\">Ethylhexyl Palmitate, Triethylhexanoin, Polyisobutene, Ozokerite, Tridecyl Trimellitate, Silica, Sonovyl Isononanoate, Microcrystalline Wax, Beeswax, Tocopheryl Acetate, Phenoxyethanol, Palmitoyl Tripeptide-1, Palmitoyl Hexapeptide-12.<br \/>\nMay Contain: Red Lake (CI 15850), Iron Oxides (CI 77492, CI 77491, CI 77499), Titanium Dioxide (CI 77891).<\/span><\/p>","protected":false},"featured_media":2377,"comment_status":"open","ping_status":"closed","template":"","meta":{"_et_pb_use_builder":"","_et_pb_old_content":"","_et_gb_content_width":""},"product_brand":[50,38],"product_cat":[381,92,186],"product_tag":[140,174,61,272,269,271,268,273,270,79,57,53,86,275,274],"class_list":{"0":"post-1239","1":"product","2":"type-product","3":"status-publish","4":"has-post-thumbnail","6":"product_brand-ute-fusion-botanica","7":"product_brand-marca-ute-makeup","8":"product_cat-cara","9":"product_cat-colorete","10":"product_cat-fusion-botanica","11":"product_tag-acabado-luminoso","12":"product_tag-barra-de-labios","13":"product_tag-belleza-consciente","14":"product_tag-blush-cremoso","15":"product_tag-blush-vegano","16":"product_tag-colorete-con-brocha","17":"product_tag-colorete-en-barra","18":"product_tag-colorete-hidratante","19":"product_tag-colorete-rosa-chicle","20":"product_tag-formula-innovadora","21":"product_tag-larga-duracion","22":"product_tag-maquillaje-natural","23":"product_tag-maquillaje-vegano","24":"product_tag-rubor-rosa-claro","25":"product_tag-stick-de-rubor","27":"first","28":"instock","29":"shipping-taxable","30":"purchasable","31":"product-type-simple"},"yoast_head":"<!-- This site is optimized with the Yoast SEO Premium plugin v26.3 (Yoast SEO v27.4) - https:\/\/yoast.com\/product\/yoast-seo-premium-wordpress\/ -->\n<title>Colorete en Barra Vegano con Brocha Rosa Chicle| UT\u0112 MAKEUP<\/title>\n<meta name=\"description\" content=\"Colorete en barra rosa chicle con brocha incluida. Cremoso, vegano y f\u00e1cil de aplicar para un rubor dulce, natural y luminoso.\" \/>\n<meta name=\"robots\" content=\"index, follow, max-snippet:-1, max-image-preview:large, max-video-preview:-1\" \/>\n<link rel=\"canonical\" href=\"https:\/\/utemakeup.com\/en\/product\/blusher-stick-bubblegum-pink\/\" \/>\n<meta property=\"og:locale\" content=\"en_GB\" \/>\n<meta property=\"og:type\" content=\"article\" \/>\n<meta property=\"og:title\" content=\"Colorete en Barra Vegano con Brocha Rosa Chicle\" \/>\n<meta property=\"og:description\" content=\"Colorete en barra rosa chicle con brocha incluida. Cremoso, vegano y f\u00e1cil de aplicar para un rubor dulce, natural y luminoso.\" \/>\n<meta property=\"og:url\" content=\"https:\/\/utemakeup.com\/en\/product\/blusher-stick-bubblegum-pink\/\" \/>\n<meta property=\"og:site_name\" content=\"UT\u0112 - Espa\u00f1a\" \/>\n<meta property=\"article:modified_time\" content=\"2026-04-07T03:40:18+00:00\" \/>\n<meta property=\"og:image\" content=\"https:\/\/utemakeup.com\/wp-content\/uploads\/2025\/04\/Colorete-en-Barra-Vegano-con-Brocha-Rosa-Chicle.png\" \/>\n\t<meta property=\"og:image:width\" content=\"600\" \/>\n\t<meta property=\"og:image:height\" content=\"600\" \/>\n\t<meta property=\"og:image:type\" content=\"image\/png\" \/>\n<meta name=\"twitter:card\" content=\"summary_large_image\" \/>\n<meta name=\"twitter:label1\" content=\"Price\" \/>\n\t<meta name=\"twitter:data1\" content=\"35,00&nbsp;&euro;\" \/>\n\t<meta name=\"twitter:label2\" content=\"Availability\" \/>\n\t<meta name=\"twitter:data2\" content=\"In stock\" \/>\n<script type=\"application\/ld+json\" class=\"yoast-schema-graph\">{\"@context\":\"https:\\\/\\\/schema.org\",\"@graph\":[{\"@type\":\"WebPage\",\"@id\":\"https:\\\/\\\/utemakeup.com\\\/producto\\\/colorete-barra-rosa-chicle\\\/\",\"url\":\"https:\\\/\\\/utemakeup.com\\\/producto\\\/colorete-barra-rosa-chicle\\\/\",\"name\":\"Colorete en Barra Vegano con Brocha Rosa Chicle| UT\u0112 MAKEUP\",\"isPartOf\":{\"@id\":\"https:\\\/\\\/utemakeup.com\\\/#website\"},\"primaryImageOfPage\":{\"@id\":\"https:\\\/\\\/utemakeup.com\\\/producto\\\/colorete-barra-rosa-chicle\\\/#primaryimage\"},\"image\":{\"@id\":\"https:\\\/\\\/utemakeup.com\\\/producto\\\/colorete-barra-rosa-chicle\\\/#primaryimage\"},\"thumbnailUrl\":\"https:\\\/\\\/utemakeup.com\\\/wp-content\\\/uploads\\\/2025\\\/04\\\/Colorete-en-Barra-Vegano-con-Brocha-Rosa-Chicle.png\",\"datePublished\":\"2025-04-24T18:28:56+00:00\",\"dateModified\":\"2026-04-07T03:40:18+00:00\",\"description\":\"Colorete en barra rosa chicle con brocha incluida. Cremoso, vegano y f\u00e1cil de aplicar para un rubor dulce, natural y luminoso.\",\"breadcrumb\":{\"@id\":\"https:\\\/\\\/utemakeup.com\\\/producto\\\/colorete-barra-rosa-chicle\\\/#breadcrumb\"},\"inLanguage\":\"en-GB\",\"potentialAction\":[{\"@type\":\"ReadAction\",\"target\":[\"https:\\\/\\\/utemakeup.com\\\/producto\\\/colorete-barra-rosa-chicle\\\/\"]}]},{\"@type\":\"ImageObject\",\"inLanguage\":\"en-GB\",\"@id\":\"https:\\\/\\\/utemakeup.com\\\/producto\\\/colorete-barra-rosa-chicle\\\/#primaryimage\",\"url\":\"https:\\\/\\\/utemakeup.com\\\/wp-content\\\/uploads\\\/2025\\\/04\\\/Colorete-en-Barra-Vegano-con-Brocha-Rosa-Chicle.png\",\"contentUrl\":\"https:\\\/\\\/utemakeup.com\\\/wp-content\\\/uploads\\\/2025\\\/04\\\/Colorete-en-Barra-Vegano-con-Brocha-Rosa-Chicle.png\",\"width\":600,\"height\":600},{\"@type\":\"BreadcrumbList\",\"@id\":\"https:\\\/\\\/utemakeup.com\\\/producto\\\/colorete-barra-rosa-chicle\\\/#breadcrumb\",\"itemListElement\":[{\"@type\":\"ListItem\",\"position\":1,\"name\":\"Portada\",\"item\":\"https:\\\/\\\/utemakeup.com\\\/\"},{\"@type\":\"ListItem\",\"position\":2,\"name\":\"Tienda\",\"item\":\"https:\\\/\\\/utemakeup.com\\\/tienda\\\/\"},{\"@type\":\"ListItem\",\"position\":3,\"name\":\"Colorete en Barra Vegano con Brocha Rosa Chicle\"}]},{\"@type\":\"WebSite\",\"@id\":\"https:\\\/\\\/utemakeup.com\\\/#website\",\"url\":\"https:\\\/\\\/utemakeup.com\\\/\",\"name\":\"UT\u0112 Makeup\",\"description\":\"Maquillaje Natural- vegano-sostenible\",\"publisher\":{\"@id\":\"https:\\\/\\\/utemakeup.com\\\/#organization\"},\"alternateName\":\"UT\u0112 Makeup- Productos de maquillaje natural\",\"potentialAction\":[{\"@type\":\"SearchAction\",\"target\":{\"@type\":\"EntryPoint\",\"urlTemplate\":\"https:\\\/\\\/utemakeup.com\\\/?s={search_term_string}\"},\"query-input\":{\"@type\":\"PropertyValueSpecification\",\"valueRequired\":true,\"valueName\":\"search_term_string\"}}],\"inLanguage\":\"en-GB\"},{\"@type\":\"Organization\",\"@id\":\"https:\\\/\\\/utemakeup.com\\\/#organization\",\"name\":\"UT\u0112 Makeup\",\"alternateName\":\"UT\u0112 Productos de maquillaje vegano-natural-sostenible\",\"url\":\"https:\\\/\\\/utemakeup.com\\\/\",\"logo\":{\"@type\":\"ImageObject\",\"inLanguage\":\"en-GB\",\"@id\":\"https:\\\/\\\/utemakeup.com\\\/#\\\/schema\\\/logo\\\/image\\\/\",\"url\":\"https:\\\/\\\/utemakeup.com\\\/wp-content\\\/uploads\\\/2025\\\/03\\\/UTE-02-1.png\",\"contentUrl\":\"https:\\\/\\\/utemakeup.com\\\/wp-content\\\/uploads\\\/2025\\\/03\\\/UTE-02-1.png\",\"width\":3612,\"height\":3831,\"caption\":\"UT\u0112 Makeup\"},\"image\":{\"@id\":\"https:\\\/\\\/utemakeup.com\\\/#\\\/schema\\\/logo\\\/image\\\/\"},\"sameAs\":[\"https:\\\/\\\/www.instagram.com\\\/ute_makeup_?igsh=MTlqOWk5bzY0bnFsbw&utm_source=qr\"],\"description\":\"M\u00e1s que maquillaje, en UT\u0112 celebramos la autenticidad y el estilo propio. Nuestros productos est\u00e1n elaborados con ingredientes naturales y sin crueldad animal, perfectos para cualquier estilo y ocasi\u00f3n. \u00a1Qui\u00e9rete como eres y cuida del planeta al mismo tiempo!\",\"email\":\"info@utemakeup.com\",\"foundingDate\":\"2024-11-19\",\"actionableFeedbackPolicy\":\"https:\\\/\\\/utemakeup.com\\\/contactanos\\\/\"}]}<\/script>\n<meta property=\"product:price:amount\" content=\"35.00\" \/>\n<meta property=\"product:price:currency\" content=\"EUR\" \/>\n<meta property=\"og:availability\" content=\"instock\" \/>\n<meta property=\"product:availability\" content=\"instock\" \/>\n<meta property=\"product:retailer_item_id\" content=\"Y017\" \/>\n<meta property=\"product:condition\" content=\"new\" \/>\n<!-- \/ Yoast SEO Premium plugin. -->","yoast_head_json":{"title":"Vegan Stick Blush with Bubblegum Pink Brush | UT\u0112 MAKEUP","description":"Bubblegum pink blush stick with brush included. Creamy, vegan and easy to apply for a sweet, natural and luminous blush.","robots":{"index":"index","follow":"follow","max-snippet":"max-snippet:-1","max-image-preview":"max-image-preview:large","max-video-preview":"max-video-preview:-1"},"canonical":"https:\/\/utemakeup.com\/en\/product\/blusher-stick-bubblegum-pink\/","og_locale":"en_GB","og_type":"article","og_title":"Colorete en Barra Vegano con Brocha Rosa Chicle","og_description":"Colorete en barra rosa chicle con brocha incluida. Cremoso, vegano y f\u00e1cil de aplicar para un rubor dulce, natural y luminoso.","og_url":"https:\/\/utemakeup.com\/en\/product\/blusher-stick-bubblegum-pink\/","og_site_name":"UT\u0112 - Espa\u00f1a","article_modified_time":"2026-04-07T03:40:18+00:00","og_image":[{"width":600,"height":600,"url":"https:\/\/utemakeup.com\/wp-content\/uploads\/2025\/04\/Colorete-en-Barra-Vegano-con-Brocha-Rosa-Chicle.png","type":"image\/png"}],"twitter_card":"summary_large_image","twitter_misc":{"Price":"35,00&nbsp;&euro;","Availability":"In stock"},"schema":{"@context":"https:\/\/schema.org","@graph":[{"@type":"WebPage","@id":"https:\/\/utemakeup.com\/producto\/colorete-barra-rosa-chicle\/","url":"https:\/\/utemakeup.com\/producto\/colorete-barra-rosa-chicle\/","name":"Vegan Stick Blush with Bubblegum Pink Brush | UT\u0112 MAKEUP","isPartOf":{"@id":"https:\/\/utemakeup.com\/#website"},"primaryImageOfPage":{"@id":"https:\/\/utemakeup.com\/producto\/colorete-barra-rosa-chicle\/#primaryimage"},"image":{"@id":"https:\/\/utemakeup.com\/producto\/colorete-barra-rosa-chicle\/#primaryimage"},"thumbnailUrl":"https:\/\/utemakeup.com\/wp-content\/uploads\/2025\/04\/Colorete-en-Barra-Vegano-con-Brocha-Rosa-Chicle.png","datePublished":"2025-04-24T18:28:56+00:00","dateModified":"2026-04-07T03:40:18+00:00","description":"Bubblegum pink blush stick with brush included. Creamy, vegan and easy to apply for a sweet, natural and luminous blush.","breadcrumb":{"@id":"https:\/\/utemakeup.com\/producto\/colorete-barra-rosa-chicle\/#breadcrumb"},"inLanguage":"en-GB","potentialAction":[{"@type":"ReadAction","target":["https:\/\/utemakeup.com\/producto\/colorete-barra-rosa-chicle\/"]}]},{"@type":"ImageObject","inLanguage":"en-GB","@id":"https:\/\/utemakeup.com\/producto\/colorete-barra-rosa-chicle\/#primaryimage","url":"https:\/\/utemakeup.com\/wp-content\/uploads\/2025\/04\/Colorete-en-Barra-Vegano-con-Brocha-Rosa-Chicle.png","contentUrl":"https:\/\/utemakeup.com\/wp-content\/uploads\/2025\/04\/Colorete-en-Barra-Vegano-con-Brocha-Rosa-Chicle.png","width":600,"height":600},{"@type":"BreadcrumbList","@id":"https:\/\/utemakeup.com\/producto\/colorete-barra-rosa-chicle\/#breadcrumb","itemListElement":[{"@type":"ListItem","position":1,"name":"Portada","item":"https:\/\/utemakeup.com\/"},{"@type":"ListItem","position":2,"name":"Tienda","item":"https:\/\/utemakeup.com\/tienda\/"},{"@type":"ListItem","position":3,"name":"Colorete en Barra Vegano con Brocha Rosa Chicle"}]},{"@type":"WebSite","@id":"https:\/\/utemakeup.com\/#website","url":"https:\/\/utemakeup.com\/","name":"UT\u0112 Makeup","description":"Natural-vegan-sustainable make-up","publisher":{"@id":"https:\/\/utemakeup.com\/#organization"},"alternateName":"UT\u0112 Makeup- Productos de maquillaje natural","potentialAction":[{"@type":"SearchAction","target":{"@type":"EntryPoint","urlTemplate":"https:\/\/utemakeup.com\/?s={search_term_string}"},"query-input":{"@type":"PropertyValueSpecification","valueRequired":true,"valueName":"search_term_string"}}],"inLanguage":"en-GB"},{"@type":"Organization","@id":"https:\/\/utemakeup.com\/#organization","name":"UT\u0112 Makeup","alternateName":"UT\u0112 Productos de maquillaje vegano-natural-sostenible","url":"https:\/\/utemakeup.com\/","logo":{"@type":"ImageObject","inLanguage":"en-GB","@id":"https:\/\/utemakeup.com\/#\/schema\/logo\/image\/","url":"https:\/\/utemakeup.com\/wp-content\/uploads\/2025\/03\/UTE-02-1.png","contentUrl":"https:\/\/utemakeup.com\/wp-content\/uploads\/2025\/03\/UTE-02-1.png","width":3612,"height":3831,"caption":"UT\u0112 Makeup"},"image":{"@id":"https:\/\/utemakeup.com\/#\/schema\/logo\/image\/"},"sameAs":["https:\/\/www.instagram.com\/ute_makeup_?igsh=MTlqOWk5bzY0bnFsbw&utm_source=qr"],"description":"More than makeup, at UT\u0112 we celebrate authenticity and style. Our products are made with natural ingredients and animal cruelty-free, perfect for any style and occasion - love yourself and care for the planet at the same time!","email":"info@utemakeup.com","foundingDate":"2024-11-19","actionableFeedbackPolicy":"https:\/\/utemakeup.com\/contactanos\/"}]},"product_price_amount":"35.00","product_price_currency":"EUR","og_availability":"instock","product_availability":"instock","product_retailer_item_id":"Y017","product_condition":"new"},"jetpack_sharing_enabled":true,"_links":{"self":[{"href":"https:\/\/utemakeup.com\/en\/wp-json\/wp\/v2\/product\/1239","targetHints":{"allow":["GET"]}}],"collection":[{"href":"https:\/\/utemakeup.com\/en\/wp-json\/wp\/v2\/product"}],"about":[{"href":"https:\/\/utemakeup.com\/en\/wp-json\/wp\/v2\/types\/product"}],"replies":[{"embeddable":true,"href":"https:\/\/utemakeup.com\/en\/wp-json\/wp\/v2\/comments?post=1239"}],"wp:featuredmedia":[{"embeddable":true,"href":"https:\/\/utemakeup.com\/en\/wp-json\/wp\/v2\/media\/2377"}],"wp:attachment":[{"href":"https:\/\/utemakeup.com\/en\/wp-json\/wp\/v2\/media?parent=1239"}],"wp:term":[{"taxonomy":"product_brand","embeddable":true,"href":"https:\/\/utemakeup.com\/en\/wp-json\/wp\/v2\/product_brand?post=1239"},{"taxonomy":"product_cat","embeddable":true,"href":"https:\/\/utemakeup.com\/en\/wp-json\/wp\/v2\/product_cat?post=1239"},{"taxonomy":"product_tag","embeddable":true,"href":"https:\/\/utemakeup.com\/en\/wp-json\/wp\/v2\/product_tag?post=1239"}],"curies":[{"name":"wp","href":"https:\/\/api.w.org\/{rel}","templated":true}]}}