{"id":1453,"date":"2025-07-29T15:38:58","date_gmt":"2025-07-29T15:38:58","guid":{"rendered":"https:\/\/utemakeup.com\/?post_type=product&#038;p=1453"},"modified":"2026-04-07T03:19:16","modified_gmt":"2026-04-07T03:19:16","slug":"deep-moisturising-collagen-face-mask-1-unit","status":"publish","type":"product","link":"https:\/\/utemakeup.com\/en\/producto\/mascarilla-de-colageno-facial-hidratacion-profunda-1-unidad\/","title":{"rendered":"Deep Moisturising Collagen Facial Mask - 1 unit"},"content":{"rendered":"<p>[et_pb_section fb_built=\u00bb1&#8243; _builder_version=\u00bb4.16&#8243; custom_padding=\u00bb0px||||false|false\u00bb global_colors_info=\u00bb{}\u00bb][et_pb_row _builder_version=\u00bb4.16&#8243; background_size=\u00bbinitial\u00bb background_position=\u00bbtop_left\u00bb background_repeat=\u00bbrepeat\u00bb width=\u00bb100%\u00bb custom_padding=\u00bb0px||0px||false|false\u00bb global_colors_info=\u00bb{}\u00bb][et_pb_column type=\u00bb4_4&#8243; _builder_version=\u00bb4.16&#8243; custom_padding=\u00bb|||\u00bb global_colors_info=\u00bb{}\u00bb custom_padding__hover=\u00bb|||\u00bb][et_pb_wc_breadcrumb _builder_version=\u00bb4.16&#8243; global_colors_info=\u00bb{}\u00bb][\/et_pb_wc_breadcrumb][et_pb_wc_cart_notice _builder_version=\u00bb4.16&#8243; global_colors_info=\u00bb{}\u00bb][\/et_pb_wc_cart_notice][\/et_pb_column][\/et_pb_row][et_pb_row column_structure=\u00bb1_2,1_2&#8243; _builder_version=\u00bb4.16&#8243; background_size=\u00bbinitial\u00bb background_position=\u00bbtop_left\u00bb background_repeat=\u00bbrepeat\u00bb width=\u00bb100%\u00bb custom_padding=\u00bb0px||||false|false\u00bb global_colors_info=\u00bb{}\u00bb][et_pb_column type=\u00bb1_2&#8243; _builder_version=\u00bb4.16&#8243; custom_padding=\u00bb|||\u00bb global_colors_info=\u00bb{}\u00bb custom_padding__hover=\u00bb|||\u00bb][et_pb_wc_images _builder_version=\u00bb4.16&#8243; global_colors_info=\u00bb{}\u00bb][\/et_pb_wc_images][\/et_pb_column][et_pb_column type=\u00bb1_2&#8243; _builder_version=\u00bb4.16&#8243; custom_padding=\u00bb|||\u00bb global_colors_info=\u00bb{}\u00bb custom_padding__hover=\u00bb|||\u00bb][et_pb_wc_title _builder_version=\u00bb4.16&#8243; global_colors_info=\u00bb{}\u00bb][\/et_pb_wc_title][et_pb_wc_rating _builder_version=\u00bb4.16&#8243; global_colors_info=\u00bb{}\u00bb][\/et_pb_wc_rating][et_pb_wc_price _builder_version=\u00bb4.16&#8243; global_colors_info=\u00bb{}\u00bb][\/et_pb_wc_price][et_pb_wc_description _builder_version=\u00bb4.16&#8243; global_colors_info=\u00bb{}\u00bb][\/et_pb_wc_description][et_pb_wc_add_to_cart _builder_version=\u00bb4.16&#8243; global_colors_info=\u00bb{}\u00bb][\/et_pb_wc_add_to_cart][et_pb_wc_meta _builder_version=\u00bb4.16&#8243; global_colors_info=\u00bb{}\u00bb][\/et_pb_wc_meta][\/et_pb_column][\/et_pb_row][et_pb_row _builder_version=\u00bb4.16&#8243; background_size=\u00bbinitial\u00bb background_position=\u00bbtop_left\u00bb background_repeat=\u00bbrepeat\u00bb width=\u00bb100%\u00bb global_colors_info=\u00bb{}\u00bb][et_pb_column type=\u00bb4_4&#8243; _builder_version=\u00bb4.16&#8243; custom_padding=\u00bb|||\u00bb global_colors_info=\u00bb{}\u00bb custom_padding__hover=\u00bb|||\u00bb][et_pb_wc_additional_info admin_label=\u00bbInformaci\u00f3n del producto Woo\u00bb _builder_version=\u00bb4.27.4&#8243; _module_preset=\u00bbdefault\u00bb header_text_color=\u00bb#FFFFFF\u00bb global_colors_info=\u00bb{}\u00bb][\/et_pb_wc_additional_info][et_pb_wc_tabs _builder_version=\u00bb4.16&#8243; global_colors_info=\u00bb{}\u00bb]\t\t\t\t\t[\/et_pb_wc_tabs][et_pb_wc_upsells _builder_version=\u00bb4.16&#8243; global_colors_info=\u00bb{}\u00bb][\/et_pb_wc_upsells][et_pb_wc_related_products _builder_version=\u00bb4.16&#8243; global_colors_info=\u00bb{}\u00bb][\/et_pb_wc_related_products][\/et_pb_column][\/et_pb_row][\/et_pb_section]<\/p>\n","protected":false},"excerpt":{"rendered":"<p><span data-sheets-root=\"1\">Facial mask formulated with hydrolysed collagen and hyaluronic acid to provide deep hydration and visibly improve the appearance of the skin. Its hydrogel-like structure adapts to the face and favours progressive absorption of the active ingredients.<\/span><\/p>\n<p>Enriched with niacinamide, adenosine and an amino acid complex to help smooth, revitalise and improve the appearance of firmness and radiance.<\/p>\n<p>As the skin absorbs the formula, the mask becomes thinner and more translucent.<\/p>\n<p>&nbsp;<\/p>","protected":false},"featured_media":2371,"comment_status":"open","ping_status":"closed","template":"","meta":{"_et_pb_use_builder":"on","_et_pb_old_content":"<strong>Caracter\u00edsticas:<\/strong>\r\nHidrataci\u00f3n intensiva\r\nMejora la apariencia de firmeza\r\nAyuda a suavizar l\u00edneas visibles.\r\nAporta luminosidad.\r\nEfecto piel m\u00e1s uniforme y revitalizada.\r\n\r\n<strong>Ingredientes activos:<\/strong>\r\nCol\u00e1geno hidrolizado: contribuye a mejorar la apariencia de elasticidad.\r\n\u00c1cido hialur\u00f3nico (Sodium Hyaluronate): ayuda a mantener hidrataci\u00f3n.\r\nNiacinamida: contribuye a uniformar el tono.\r\nAdenosina: activo reconocido por su acci\u00f3n suavizante.\r\nComplejo de amino\u00e1cidos: ayuda a reforzar la apariencia de la piel.\r\nChondrus Crispus (alga roja): aporta efecto film\u00f3geno y ayuda a mantener la hidrataci\u00f3n.","_et_gb_content_width":""},"product_brand":[38],"product_cat":[382],"product_tag":[],"class_list":{"0":"post-1453","1":"product","2":"type-product","3":"status-publish","4":"has-post-thumbnail","6":"product_brand-marca-ute-makeup","7":"product_cat-piel","9":"first","10":"instock","11":"shipping-taxable","12":"purchasable","13":"product-type-simple"},"yoast_head":"<!-- This site is optimized with the Yoast SEO Premium plugin v26.3 (Yoast SEO v27.4) - https:\/\/yoast.com\/product\/yoast-seo-premium-wordpress\/ -->\n<title>Mascarilla de Col\u00e1geno Facial Hidrataci\u00f3n Profunda \u2013 1 Unidad<\/title>\n<meta name=\"description\" content=\"Mascarilla de col\u00e1geno facial de hidrataci\u00f3n profunda que transforma tu piel en solo 2 a 6 horas. Hidrataci\u00f3n intensa, acabado luminoso y resultados visibles desde la primera aplicaci\u00f3n.\" \/>\n<meta name=\"robots\" content=\"index, follow, max-snippet:-1, max-image-preview:large, max-video-preview:-1\" \/>\n<link rel=\"canonical\" href=\"https:\/\/utemakeup.com\/en\/product\/deep-moisturising-collagen-face-mask-1-unit\/\" \/>\n<meta property=\"og:locale\" content=\"en_GB\" \/>\n<meta property=\"og:type\" content=\"article\" \/>\n<meta property=\"og:title\" content=\"Mascarilla de Col\u00e1geno Facial Hidrataci\u00f3n Profunda \u2013 1 unidad\" \/>\n<meta property=\"og:description\" content=\"Mascarilla de col\u00e1geno facial de hidrataci\u00f3n profunda que transforma tu piel en solo 2 a 6 horas. Hidrataci\u00f3n intensa, acabado luminoso y resultados visibles desde la primera aplicaci\u00f3n.\" \/>\n<meta property=\"og:url\" content=\"https:\/\/utemakeup.com\/en\/product\/deep-moisturising-collagen-face-mask-1-unit\/\" \/>\n<meta property=\"og:site_name\" content=\"UT\u0112 - Espa\u00f1a\" \/>\n<meta property=\"article:modified_time\" content=\"2026-04-07T03:19:16+00:00\" \/>\n<meta property=\"og:image\" content=\"https:\/\/utemakeup.com\/wp-content\/uploads\/2025\/07\/Mascarilla-de-Colageno-Facial-Hidratacion-Profunda-\u2013-Pack-5-unidades-1.png\" \/>\n\t<meta property=\"og:image:width\" content=\"600\" \/>\n\t<meta property=\"og:image:height\" content=\"600\" \/>\n\t<meta property=\"og:image:type\" content=\"image\/png\" \/>\n<meta name=\"twitter:card\" content=\"summary_large_image\" \/>\n<meta name=\"twitter:label1\" content=\"Price\" \/>\n\t<meta name=\"twitter:data1\" content=\"7,00&nbsp;&euro;\" \/>\n\t<meta name=\"twitter:label2\" content=\"Availability\" \/>\n\t<meta name=\"twitter:data2\" content=\"In stock\" \/>\n<script type=\"application\/ld+json\" class=\"yoast-schema-graph\">{\"@context\":\"https:\\\/\\\/schema.org\",\"@graph\":[{\"@type\":\"WebPage\",\"@id\":\"https:\\\/\\\/utemakeup.com\\\/producto\\\/mascarilla-de-colageno-facial-hidratacion-profunda-1-unidad\\\/\",\"url\":\"https:\\\/\\\/utemakeup.com\\\/producto\\\/mascarilla-de-colageno-facial-hidratacion-profunda-1-unidad\\\/\",\"name\":\"Mascarilla de Col\u00e1geno Facial Hidrataci\u00f3n Profunda \u2013 1 Unidad\",\"isPartOf\":{\"@id\":\"https:\\\/\\\/utemakeup.com\\\/#website\"},\"primaryImageOfPage\":{\"@id\":\"https:\\\/\\\/utemakeup.com\\\/producto\\\/mascarilla-de-colageno-facial-hidratacion-profunda-1-unidad\\\/#primaryimage\"},\"image\":{\"@id\":\"https:\\\/\\\/utemakeup.com\\\/producto\\\/mascarilla-de-colageno-facial-hidratacion-profunda-1-unidad\\\/#primaryimage\"},\"thumbnailUrl\":\"https:\\\/\\\/utemakeup.com\\\/wp-content\\\/uploads\\\/2025\\\/07\\\/Mascarilla-de-Colageno-Facial-Hidratacion-Profunda-\u2013-Pack-5-unidades-1.png\",\"datePublished\":\"2025-07-29T15:38:58+00:00\",\"dateModified\":\"2026-04-07T03:19:16+00:00\",\"description\":\"Mascarilla de col\u00e1geno facial de hidrataci\u00f3n profunda que transforma tu piel en solo 2 a 6 horas. Hidrataci\u00f3n intensa, acabado luminoso y resultados visibles desde la primera aplicaci\u00f3n.\",\"breadcrumb\":{\"@id\":\"https:\\\/\\\/utemakeup.com\\\/producto\\\/mascarilla-de-colageno-facial-hidratacion-profunda-1-unidad\\\/#breadcrumb\"},\"inLanguage\":\"en-GB\",\"potentialAction\":[{\"@type\":\"ReadAction\",\"target\":[\"https:\\\/\\\/utemakeup.com\\\/producto\\\/mascarilla-de-colageno-facial-hidratacion-profunda-1-unidad\\\/\"]}]},{\"@type\":\"ImageObject\",\"inLanguage\":\"en-GB\",\"@id\":\"https:\\\/\\\/utemakeup.com\\\/producto\\\/mascarilla-de-colageno-facial-hidratacion-profunda-1-unidad\\\/#primaryimage\",\"url\":\"https:\\\/\\\/utemakeup.com\\\/wp-content\\\/uploads\\\/2025\\\/07\\\/Mascarilla-de-Colageno-Facial-Hidratacion-Profunda-\u2013-Pack-5-unidades-1.png\",\"contentUrl\":\"https:\\\/\\\/utemakeup.com\\\/wp-content\\\/uploads\\\/2025\\\/07\\\/Mascarilla-de-Colageno-Facial-Hidratacion-Profunda-\u2013-Pack-5-unidades-1.png\",\"width\":600,\"height\":600},{\"@type\":\"BreadcrumbList\",\"@id\":\"https:\\\/\\\/utemakeup.com\\\/producto\\\/mascarilla-de-colageno-facial-hidratacion-profunda-1-unidad\\\/#breadcrumb\",\"itemListElement\":[{\"@type\":\"ListItem\",\"position\":1,\"name\":\"Portada\",\"item\":\"https:\\\/\\\/utemakeup.com\\\/\"},{\"@type\":\"ListItem\",\"position\":2,\"name\":\"Tienda\",\"item\":\"https:\\\/\\\/utemakeup.com\\\/tienda\\\/\"},{\"@type\":\"ListItem\",\"position\":3,\"name\":\"Mascarilla de Col\u00e1geno Facial Hidrataci\u00f3n Profunda \u2013 1 unidad\"}]},{\"@type\":\"WebSite\",\"@id\":\"https:\\\/\\\/utemakeup.com\\\/#website\",\"url\":\"https:\\\/\\\/utemakeup.com\\\/\",\"name\":\"UT\u0112 Makeup\",\"description\":\"Maquillaje Natural- vegano-sostenible\",\"publisher\":{\"@id\":\"https:\\\/\\\/utemakeup.com\\\/#organization\"},\"alternateName\":\"UT\u0112 Makeup- Productos de maquillaje natural\",\"potentialAction\":[{\"@type\":\"SearchAction\",\"target\":{\"@type\":\"EntryPoint\",\"urlTemplate\":\"https:\\\/\\\/utemakeup.com\\\/?s={search_term_string}\"},\"query-input\":{\"@type\":\"PropertyValueSpecification\",\"valueRequired\":true,\"valueName\":\"search_term_string\"}}],\"inLanguage\":\"en-GB\"},{\"@type\":\"Organization\",\"@id\":\"https:\\\/\\\/utemakeup.com\\\/#organization\",\"name\":\"UT\u0112 Makeup\",\"alternateName\":\"UT\u0112 Productos de maquillaje vegano-natural-sostenible\",\"url\":\"https:\\\/\\\/utemakeup.com\\\/\",\"logo\":{\"@type\":\"ImageObject\",\"inLanguage\":\"en-GB\",\"@id\":\"https:\\\/\\\/utemakeup.com\\\/#\\\/schema\\\/logo\\\/image\\\/\",\"url\":\"https:\\\/\\\/utemakeup.com\\\/wp-content\\\/uploads\\\/2025\\\/03\\\/UTE-02-1.png\",\"contentUrl\":\"https:\\\/\\\/utemakeup.com\\\/wp-content\\\/uploads\\\/2025\\\/03\\\/UTE-02-1.png\",\"width\":3612,\"height\":3831,\"caption\":\"UT\u0112 Makeup\"},\"image\":{\"@id\":\"https:\\\/\\\/utemakeup.com\\\/#\\\/schema\\\/logo\\\/image\\\/\"},\"sameAs\":[\"https:\\\/\\\/www.instagram.com\\\/ute_makeup_?igsh=MTlqOWk5bzY0bnFsbw&utm_source=qr\"],\"description\":\"M\u00e1s que maquillaje, en UT\u0112 celebramos la autenticidad y el estilo propio. Nuestros productos est\u00e1n elaborados con ingredientes naturales y sin crueldad animal, perfectos para cualquier estilo y ocasi\u00f3n. \u00a1Qui\u00e9rete como eres y cuida del planeta al mismo tiempo!\",\"email\":\"info@utemakeup.com\",\"foundingDate\":\"2024-11-19\",\"actionableFeedbackPolicy\":\"https:\\\/\\\/utemakeup.com\\\/contactanos\\\/\"}]}<\/script>\n<meta property=\"product:price:amount\" content=\"7.00\" \/>\n<meta property=\"product:price:currency\" content=\"EUR\" \/>\n<meta property=\"og:availability\" content=\"instock\" \/>\n<meta property=\"product:availability\" content=\"instock\" \/>\n<meta property=\"product:retailer_item_id\" content=\"Y2100\" \/>\n<meta property=\"product:condition\" content=\"new\" \/>\n<!-- \/ Yoast SEO Premium plugin. -->","yoast_head_json":{"title":"Collagen Facial Mask Deep Hydration \u2013 1 Unit","description":"Deep hydration collagen facial mask that transforms your skin in just 2 to 6 hours. Intense hydration, luminous finish, and visible results from the first application.","robots":{"index":"index","follow":"follow","max-snippet":"max-snippet:-1","max-image-preview":"max-image-preview:large","max-video-preview":"max-video-preview:-1"},"canonical":"https:\/\/utemakeup.com\/en\/product\/deep-moisturising-collagen-face-mask-1-unit\/","og_locale":"en_GB","og_type":"article","og_title":"Mascarilla de Col\u00e1geno Facial Hidrataci\u00f3n Profunda \u2013 1 unidad","og_description":"Mascarilla de col\u00e1geno facial de hidrataci\u00f3n profunda que transforma tu piel en solo 2 a 6 horas. Hidrataci\u00f3n intensa, acabado luminoso y resultados visibles desde la primera aplicaci\u00f3n.","og_url":"https:\/\/utemakeup.com\/en\/product\/deep-moisturising-collagen-face-mask-1-unit\/","og_site_name":"UT\u0112 - Espa\u00f1a","article_modified_time":"2026-04-07T03:19:16+00:00","og_image":[{"width":600,"height":600,"url":"https:\/\/utemakeup.com\/wp-content\/uploads\/2025\/07\/Mascarilla-de-Colageno-Facial-Hidratacion-Profunda-\u2013-Pack-5-unidades-1.png","type":"image\/png"}],"twitter_card":"summary_large_image","twitter_misc":{"Price":"7,00&nbsp;&euro;","Availability":"In stock"},"schema":{"@context":"https:\/\/schema.org","@graph":[{"@type":"WebPage","@id":"https:\/\/utemakeup.com\/producto\/mascarilla-de-colageno-facial-hidratacion-profunda-1-unidad\/","url":"https:\/\/utemakeup.com\/producto\/mascarilla-de-colageno-facial-hidratacion-profunda-1-unidad\/","name":"Collagen Facial Mask Deep Hydration \u2013 1 Unit","isPartOf":{"@id":"https:\/\/utemakeup.com\/#website"},"primaryImageOfPage":{"@id":"https:\/\/utemakeup.com\/producto\/mascarilla-de-colageno-facial-hidratacion-profunda-1-unidad\/#primaryimage"},"image":{"@id":"https:\/\/utemakeup.com\/producto\/mascarilla-de-colageno-facial-hidratacion-profunda-1-unidad\/#primaryimage"},"thumbnailUrl":"https:\/\/utemakeup.com\/wp-content\/uploads\/2025\/07\/Mascarilla-de-Colageno-Facial-Hidratacion-Profunda-\u2013-Pack-5-unidades-1.png","datePublished":"2025-07-29T15:38:58+00:00","dateModified":"2026-04-07T03:19:16+00:00","description":"Deep hydration collagen facial mask that transforms your skin in just 2 to 6 hours. Intense hydration, luminous finish, and visible results from the first application.","breadcrumb":{"@id":"https:\/\/utemakeup.com\/producto\/mascarilla-de-colageno-facial-hidratacion-profunda-1-unidad\/#breadcrumb"},"inLanguage":"en-GB","potentialAction":[{"@type":"ReadAction","target":["https:\/\/utemakeup.com\/producto\/mascarilla-de-colageno-facial-hidratacion-profunda-1-unidad\/"]}]},{"@type":"ImageObject","inLanguage":"en-GB","@id":"https:\/\/utemakeup.com\/producto\/mascarilla-de-colageno-facial-hidratacion-profunda-1-unidad\/#primaryimage","url":"https:\/\/utemakeup.com\/wp-content\/uploads\/2025\/07\/Mascarilla-de-Colageno-Facial-Hidratacion-Profunda-\u2013-Pack-5-unidades-1.png","contentUrl":"https:\/\/utemakeup.com\/wp-content\/uploads\/2025\/07\/Mascarilla-de-Colageno-Facial-Hidratacion-Profunda-\u2013-Pack-5-unidades-1.png","width":600,"height":600},{"@type":"BreadcrumbList","@id":"https:\/\/utemakeup.com\/producto\/mascarilla-de-colageno-facial-hidratacion-profunda-1-unidad\/#breadcrumb","itemListElement":[{"@type":"ListItem","position":1,"name":"Portada","item":"https:\/\/utemakeup.com\/"},{"@type":"ListItem","position":2,"name":"Tienda","item":"https:\/\/utemakeup.com\/tienda\/"},{"@type":"ListItem","position":3,"name":"Mascarilla de Col\u00e1geno Facial Hidrataci\u00f3n Profunda \u2013 1 unidad"}]},{"@type":"WebSite","@id":"https:\/\/utemakeup.com\/#website","url":"https:\/\/utemakeup.com\/","name":"UT\u0112 Makeup","description":"Natural-vegan-sustainable make-up","publisher":{"@id":"https:\/\/utemakeup.com\/#organization"},"alternateName":"UT\u0112 Makeup- Productos de maquillaje natural","potentialAction":[{"@type":"SearchAction","target":{"@type":"EntryPoint","urlTemplate":"https:\/\/utemakeup.com\/?s={search_term_string}"},"query-input":{"@type":"PropertyValueSpecification","valueRequired":true,"valueName":"search_term_string"}}],"inLanguage":"en-GB"},{"@type":"Organization","@id":"https:\/\/utemakeup.com\/#organization","name":"UT\u0112 Makeup","alternateName":"UT\u0112 Productos de maquillaje vegano-natural-sostenible","url":"https:\/\/utemakeup.com\/","logo":{"@type":"ImageObject","inLanguage":"en-GB","@id":"https:\/\/utemakeup.com\/#\/schema\/logo\/image\/","url":"https:\/\/utemakeup.com\/wp-content\/uploads\/2025\/03\/UTE-02-1.png","contentUrl":"https:\/\/utemakeup.com\/wp-content\/uploads\/2025\/03\/UTE-02-1.png","width":3612,"height":3831,"caption":"UT\u0112 Makeup"},"image":{"@id":"https:\/\/utemakeup.com\/#\/schema\/logo\/image\/"},"sameAs":["https:\/\/www.instagram.com\/ute_makeup_?igsh=MTlqOWk5bzY0bnFsbw&utm_source=qr"],"description":"More than makeup, at UT\u0112 we celebrate authenticity and style. Our products are made with natural ingredients and animal cruelty-free, perfect for any style and occasion - love yourself and care for the planet at the same time!","email":"info@utemakeup.com","foundingDate":"2024-11-19","actionableFeedbackPolicy":"https:\/\/utemakeup.com\/contactanos\/"}]},"product_price_amount":"7.00","product_price_currency":"EUR","og_availability":"instock","product_availability":"instock","product_retailer_item_id":"Y2100","product_condition":"new"},"jetpack_sharing_enabled":true,"_links":{"self":[{"href":"https:\/\/utemakeup.com\/en\/wp-json\/wp\/v2\/product\/1453","targetHints":{"allow":["GET"]}}],"collection":[{"href":"https:\/\/utemakeup.com\/en\/wp-json\/wp\/v2\/product"}],"about":[{"href":"https:\/\/utemakeup.com\/en\/wp-json\/wp\/v2\/types\/product"}],"replies":[{"embeddable":true,"href":"https:\/\/utemakeup.com\/en\/wp-json\/wp\/v2\/comments?post=1453"}],"wp:featuredmedia":[{"embeddable":true,"href":"https:\/\/utemakeup.com\/en\/wp-json\/wp\/v2\/media\/2371"}],"wp:attachment":[{"href":"https:\/\/utemakeup.com\/en\/wp-json\/wp\/v2\/media?parent=1453"}],"wp:term":[{"taxonomy":"product_brand","embeddable":true,"href":"https:\/\/utemakeup.com\/en\/wp-json\/wp\/v2\/product_brand?post=1453"},{"taxonomy":"product_cat","embeddable":true,"href":"https:\/\/utemakeup.com\/en\/wp-json\/wp\/v2\/product_cat?post=1453"},{"taxonomy":"product_tag","embeddable":true,"href":"https:\/\/utemakeup.com\/en\/wp-json\/wp\/v2\/product_tag?post=1453"}],"curies":[{"name":"wp","href":"https:\/\/api.w.org\/{rel}","templated":true}]}}