{"id":1657,"date":"2025-08-14T10:49:14","date_gmt":"2025-08-14T10:49:14","guid":{"rendered":"https:\/\/utemakeup.com\/?post_type=product&#038;p=1657"},"modified":"2026-04-06T23:18:51","modified_gmt":"2026-04-06T23:18:51","slug":"pink-poison-vegan-matte-lipstick","status":"publish","type":"product","link":"https:\/\/utemakeup.com\/en\/producto\/labial-mate-pink-poison-vegano\/","title":{"rendered":"Vegan Matte Lipstick \u2013 Pink Poison \u2013 Fuchsia Pink"},"content":{"rendered":"<p><span data-sheets-root=\"1\">Vegan lipstick formulated to deliver intense colour with a sophisticated, comfortable matte finish. It deposits rich, even pigment from the first swipe, maintaining definition and stability without feeling heavy.<\/span><\/p>\n<p>Provides high coverage and long-lasting colour with a creamy texture that sets without drying. The result is a defined lip, visually more uniform and with a polished effect for hours.<\/p>\n<ul>\n<li><span data-sheets-root=\"1\">High pigmentation and full coverage<\/span><\/li>\n<li><span data-sheets-root=\"1\">Smooth matte finish, not stiff<\/span><\/li>\n<li><span data-sheets-root=\"1\">Comfortable formula<\/span><\/li>\n<li><span data-sheets-root=\"1\">Long life<\/span><\/li>\n<li><span data-sheets-root=\"1\">It doesn't flake or clump.<\/span><\/li>\n<li><span data-sheets-root=\"1\">Uniform and precise application<\/span><\/li>\n<\/ul>","protected":false},"excerpt":{"rendered":"<p><span data-sheets-root=\"1\"><em>Squalene y aceite de soja:<\/em> ayudan a mantener suavidad y confort.<br \/>\n<em>Vitamina E: <\/em>antioxidante que contribuye a la protecci\u00f3n de la f\u00f3rmula.<br \/>\n<em>Ceras vegetales (candelilla y carnauba)<\/em>: aportan estructura, estabilidad y deslizamiento controlado.<br \/>\n<em>Manteca de karit\u00e9 y manteca de cacao:<\/em> contribuyen a la nutrici\u00f3n y flexibilidad del labio.<\/span><\/p>\n<p>INCI: <span data-sheets-root=\"1\">Octyldodecanol, Neopentyl Glycol Diheptanoate, Synthetic Wax, Pentaerythrityl Tetraisostearate, Trimethylpentanediol\/Adipic Acid\/Glycerin Crosspolymer, Silica, Microcrystalline Wax (Cera Microcristallina), Euphorbia Cerifera (Candelilla) Wax, Butyrospermum Parkii (Shea) Butter, Cocos Nucifera (Coconut) Oil, Kaolin, Bis-Diglyceryl Polyacyladipate-2, Copernicia Cerifera (Carnauba) Wax, Boron Nitride, Theobroma Cacao (Cocoa) Seed Butter, Polyglyceryl-3 Diisostearate, Methicone, Disteardimonium Hectorite, Propylene Carbonate, Lecithin, Vanillin, Pentaerythrityl Tetra-di-t-butyl Hydroxyhydrocinnamate, [+\/- Mica, Titanium Dioxide (CI 77891), Iron Oxides (CI 77491, CI 77492, CI 77499), Red 6 (CI 15850), Red 7 (CI 15850), Red 28 (CI 45410), Red 30 (CI 73360), Red 33 (CI 17200), Yellow 5 (CI 19140), Blue 1 Lake (CI 42090), Red 6 Lake (CI 15850), Red 7 Lake (CI 15850), Red 28 Lake (CI 45410), Red 30 Lake (CI 73360), Red 33 Lake (CI 17200), Yellow 5 Lake (CI 19140), Yellow 6 Lake (CI 15985)].<\/span><\/p>\n","protected":false},"featured_media":2339,"comment_status":"open","ping_status":"closed","template":"","meta":{"_et_pb_use_builder":"","_et_pb_old_content":"","_et_gb_content_width":""},"product_brand":[50,38],"product_cat":[17,379],"product_tag":[140,174,353,61,109,79,347,342,348,178,57,345,86,346,343,344,64],"class_list":{"0":"post-1657","1":"product","2":"type-product","3":"status-publish","4":"has-post-thumbnail","6":"product_brand-ute-fusion-botanica","7":"product_brand-marca-ute-makeup","8":"product_cat-barra-de-labios-hidratante-vegano-y-natural","9":"product_cat-labios","10":"product_tag-acabado-luminoso","11":"product_tag-barra-de-labios","12":"product_tag-barra-de-labios-rosa-vegana","13":"product_tag-belleza-consciente","14":"product_tag-brillo-de-labios","15":"product_tag-formula-innovadora","16":"product_tag-labial-mate-vegano-color-vino-labial-vino-oscuro-maquillaje-vegano-ute-pintalabios-mate-elegante-labial-hidratante-vino","17":"product_tag-labial-mate-vegano-labial-tono-neutro-labial-hidratante-mate-maquillaje-natural-vegano-ute-makeup-labial-skin","18":"product_tag-labial-rosa-vibrante-maquillaje-vegano-ute-pintalabios-mate-vegano-labial-hidratante-rosa","19":"product_tag-labial-vegano","20":"product_tag-larga-duracion","21":"product_tag-lipstick-vegan","22":"product_tag-maquillaje-vegano","23":"product_tag-naranja-mate","24":"product_tag-pintalabios-mate-neutro-labial-elegante-diario-maquillaje-cruelty-free-labial-mineral-natural-labial-sin-parabenos","25":"product_tag-rouge-de-levres-mat","26":"product_tag-etiqueta-producto-ute-makeup","28":"first","29":"instock","30":"shipping-taxable","31":"purchasable","32":"product-type-simple"},"yoast_head":"<!-- This site is optimized with the Yoast SEO Premium plugin v26.3 (Yoast SEO v27.4) - https:\/\/yoast.com\/product\/yoast-seo-premium-wordpress\/ -->\n<title>Labial Mate Vegano- Pink Poison - Rosa Fucsia<\/title>\n<meta name=\"description\" content=\"Labial mate vegano Pink Poison de UT\u0112 Makeup. Rosa vibrante y atrevido, hidratante y duradero, ideal para un look fresco y lleno de energ\u00eda.\" \/>\n<meta name=\"robots\" content=\"index, follow, max-snippet:-1, max-image-preview:large, max-video-preview:-1\" \/>\n<link rel=\"canonical\" href=\"https:\/\/utemakeup.com\/en\/product\/pink-poison-vegan-matte-lipstick\/\" \/>\n<meta property=\"og:locale\" content=\"en_GB\" \/>\n<meta property=\"og:type\" content=\"article\" \/>\n<meta property=\"og:title\" content=\"Labial Mate Vegano- Pink Poison - Rosa Fucsia\" \/>\n<meta property=\"og:description\" content=\"Labial mate vegano Pink Poison de UT\u0112 Makeup. Rosa vibrante y atrevido, hidratante y duradero, ideal para un look fresco y lleno de energ\u00eda.\" \/>\n<meta property=\"og:url\" content=\"https:\/\/utemakeup.com\/en\/product\/pink-poison-vegan-matte-lipstick\/\" \/>\n<meta property=\"og:site_name\" content=\"UT\u0112 - Espa\u00f1a\" \/>\n<meta property=\"article:modified_time\" content=\"2026-04-06T23:18:51+00:00\" \/>\n<meta property=\"og:image\" content=\"https:\/\/utemakeup.com\/wp-content\/uploads\/2025\/08\/Base-maquillaje-tan-natural-que-el-clean-look-jamas-se-vera-como-una-segunda-piel-600-x-400-px-600-x-600-px.png\" \/>\n\t<meta property=\"og:image:width\" content=\"600\" \/>\n\t<meta property=\"og:image:height\" content=\"600\" \/>\n\t<meta property=\"og:image:type\" content=\"image\/png\" \/>\n<meta name=\"twitter:card\" content=\"summary_large_image\" \/>\n<meta name=\"twitter:label1\" content=\"Price\" \/>\n\t<meta name=\"twitter:data1\" content=\"24,00&nbsp;&euro;\" \/>\n\t<meta name=\"twitter:label2\" content=\"Availability\" \/>\n\t<meta name=\"twitter:data2\" content=\"In stock\" \/>\n<script type=\"application\/ld+json\" class=\"yoast-schema-graph\">{\"@context\":\"https:\\\/\\\/schema.org\",\"@graph\":[{\"@type\":\"WebPage\",\"@id\":\"https:\\\/\\\/utemakeup.com\\\/producto\\\/labial-mate-pink-poison-vegano\\\/\",\"url\":\"https:\\\/\\\/utemakeup.com\\\/producto\\\/labial-mate-pink-poison-vegano\\\/\",\"name\":\"Labial Mate Vegano- Pink Poison - Rosa Fucsia\",\"isPartOf\":{\"@id\":\"https:\\\/\\\/utemakeup.com\\\/#website\"},\"primaryImageOfPage\":{\"@id\":\"https:\\\/\\\/utemakeup.com\\\/producto\\\/labial-mate-pink-poison-vegano\\\/#primaryimage\"},\"image\":{\"@id\":\"https:\\\/\\\/utemakeup.com\\\/producto\\\/labial-mate-pink-poison-vegano\\\/#primaryimage\"},\"thumbnailUrl\":\"https:\\\/\\\/utemakeup.com\\\/wp-content\\\/uploads\\\/2025\\\/08\\\/Base-maquillaje-tan-natural-que-el-clean-look-jamas-se-vera-como-una-segunda-piel-600-x-400-px-600-x-600-px.png\",\"datePublished\":\"2025-08-14T10:49:14+00:00\",\"dateModified\":\"2026-04-06T23:18:51+00:00\",\"description\":\"Labial mate vegano Pink Poison de UT\u0112 Makeup. Rosa vibrante y atrevido, hidratante y duradero, ideal para un look fresco y lleno de energ\u00eda.\",\"breadcrumb\":{\"@id\":\"https:\\\/\\\/utemakeup.com\\\/producto\\\/labial-mate-pink-poison-vegano\\\/#breadcrumb\"},\"inLanguage\":\"en-GB\",\"potentialAction\":[{\"@type\":\"ReadAction\",\"target\":[\"https:\\\/\\\/utemakeup.com\\\/producto\\\/labial-mate-pink-poison-vegano\\\/\"]}]},{\"@type\":\"ImageObject\",\"inLanguage\":\"en-GB\",\"@id\":\"https:\\\/\\\/utemakeup.com\\\/producto\\\/labial-mate-pink-poison-vegano\\\/#primaryimage\",\"url\":\"https:\\\/\\\/utemakeup.com\\\/wp-content\\\/uploads\\\/2025\\\/08\\\/Base-maquillaje-tan-natural-que-el-clean-look-jamas-se-vera-como-una-segunda-piel-600-x-400-px-600-x-600-px.png\",\"contentUrl\":\"https:\\\/\\\/utemakeup.com\\\/wp-content\\\/uploads\\\/2025\\\/08\\\/Base-maquillaje-tan-natural-que-el-clean-look-jamas-se-vera-como-una-segunda-piel-600-x-400-px-600-x-600-px.png\",\"width\":600,\"height\":600},{\"@type\":\"BreadcrumbList\",\"@id\":\"https:\\\/\\\/utemakeup.com\\\/producto\\\/labial-mate-pink-poison-vegano\\\/#breadcrumb\",\"itemListElement\":[{\"@type\":\"ListItem\",\"position\":1,\"name\":\"Portada\",\"item\":\"https:\\\/\\\/utemakeup.com\\\/\"},{\"@type\":\"ListItem\",\"position\":2,\"name\":\"Tienda\",\"item\":\"https:\\\/\\\/utemakeup.com\\\/tienda\\\/\"},{\"@type\":\"ListItem\",\"position\":3,\"name\":\"Labial Mate Vegano- Pink Poison &#8211; Rosa Fucsia\"}]},{\"@type\":\"WebSite\",\"@id\":\"https:\\\/\\\/utemakeup.com\\\/#website\",\"url\":\"https:\\\/\\\/utemakeup.com\\\/\",\"name\":\"UT\u0112 Makeup\",\"description\":\"Maquillaje Natural- vegano-sostenible\",\"publisher\":{\"@id\":\"https:\\\/\\\/utemakeup.com\\\/#organization\"},\"alternateName\":\"UT\u0112 Makeup- Productos de maquillaje natural\",\"potentialAction\":[{\"@type\":\"SearchAction\",\"target\":{\"@type\":\"EntryPoint\",\"urlTemplate\":\"https:\\\/\\\/utemakeup.com\\\/?s={search_term_string}\"},\"query-input\":{\"@type\":\"PropertyValueSpecification\",\"valueRequired\":true,\"valueName\":\"search_term_string\"}}],\"inLanguage\":\"en-GB\"},{\"@type\":\"Organization\",\"@id\":\"https:\\\/\\\/utemakeup.com\\\/#organization\",\"name\":\"UT\u0112 Makeup\",\"alternateName\":\"UT\u0112 Productos de maquillaje vegano-natural-sostenible\",\"url\":\"https:\\\/\\\/utemakeup.com\\\/\",\"logo\":{\"@type\":\"ImageObject\",\"inLanguage\":\"en-GB\",\"@id\":\"https:\\\/\\\/utemakeup.com\\\/#\\\/schema\\\/logo\\\/image\\\/\",\"url\":\"https:\\\/\\\/utemakeup.com\\\/wp-content\\\/uploads\\\/2025\\\/03\\\/UTE-02-1.png\",\"contentUrl\":\"https:\\\/\\\/utemakeup.com\\\/wp-content\\\/uploads\\\/2025\\\/03\\\/UTE-02-1.png\",\"width\":3612,\"height\":3831,\"caption\":\"UT\u0112 Makeup\"},\"image\":{\"@id\":\"https:\\\/\\\/utemakeup.com\\\/#\\\/schema\\\/logo\\\/image\\\/\"},\"sameAs\":[\"https:\\\/\\\/www.instagram.com\\\/ute_makeup_?igsh=MTlqOWk5bzY0bnFsbw&utm_source=qr\"],\"description\":\"M\u00e1s que maquillaje, en UT\u0112 celebramos la autenticidad y el estilo propio. Nuestros productos est\u00e1n elaborados con ingredientes naturales y sin crueldad animal, perfectos para cualquier estilo y ocasi\u00f3n. \u00a1Qui\u00e9rete como eres y cuida del planeta al mismo tiempo!\",\"email\":\"info@utemakeup.com\",\"foundingDate\":\"2024-11-19\",\"actionableFeedbackPolicy\":\"https:\\\/\\\/utemakeup.com\\\/contactanos\\\/\"}]}<\/script>\n<meta property=\"product:price:amount\" content=\"24.00\" \/>\n<meta property=\"product:price:currency\" content=\"EUR\" \/>\n<meta property=\"og:availability\" content=\"instock\" \/>\n<meta property=\"product:availability\" content=\"instock\" \/>\n<meta property=\"product:retailer_item_id\" content=\"Y005\" \/>\n<meta property=\"product:condition\" content=\"new\" \/>\n<!-- \/ Yoast SEO Premium plugin. -->","yoast_head_json":{"title":"Vegan Matte Lipstick - Pink Poison - Fuchsia Pink","description":"Pink Poison vegan matte lipstick by UT\u0112 Makeup. Vibrant and bold pink, moisturising and long-lasting, ideal for a fresh and energetic look.","robots":{"index":"index","follow":"follow","max-snippet":"max-snippet:-1","max-image-preview":"max-image-preview:large","max-video-preview":"max-video-preview:-1"},"canonical":"https:\/\/utemakeup.com\/en\/product\/pink-poison-vegan-matte-lipstick\/","og_locale":"en_GB","og_type":"article","og_title":"Labial Mate Vegano- Pink Poison - Rosa Fucsia","og_description":"Labial mate vegano Pink Poison de UT\u0112 Makeup. Rosa vibrante y atrevido, hidratante y duradero, ideal para un look fresco y lleno de energ\u00eda.","og_url":"https:\/\/utemakeup.com\/en\/product\/pink-poison-vegan-matte-lipstick\/","og_site_name":"UT\u0112 - Espa\u00f1a","article_modified_time":"2026-04-06T23:18:51+00:00","og_image":[{"width":600,"height":600,"url":"https:\/\/utemakeup.com\/wp-content\/uploads\/2025\/08\/Base-maquillaje-tan-natural-que-el-clean-look-jamas-se-vera-como-una-segunda-piel-600-x-400-px-600-x-600-px.png","type":"image\/png"}],"twitter_card":"summary_large_image","twitter_misc":{"Price":"24,00&nbsp;&euro;","Availability":"In stock"},"schema":{"@context":"https:\/\/schema.org","@graph":[{"@type":"WebPage","@id":"https:\/\/utemakeup.com\/producto\/labial-mate-pink-poison-vegano\/","url":"https:\/\/utemakeup.com\/producto\/labial-mate-pink-poison-vegano\/","name":"Vegan Matte Lipstick - Pink Poison - Fuchsia Pink","isPartOf":{"@id":"https:\/\/utemakeup.com\/#website"},"primaryImageOfPage":{"@id":"https:\/\/utemakeup.com\/producto\/labial-mate-pink-poison-vegano\/#primaryimage"},"image":{"@id":"https:\/\/utemakeup.com\/producto\/labial-mate-pink-poison-vegano\/#primaryimage"},"thumbnailUrl":"https:\/\/utemakeup.com\/wp-content\/uploads\/2025\/08\/Base-maquillaje-tan-natural-que-el-clean-look-jamas-se-vera-como-una-segunda-piel-600-x-400-px-600-x-600-px.png","datePublished":"2025-08-14T10:49:14+00:00","dateModified":"2026-04-06T23:18:51+00:00","description":"Pink Poison vegan matte lipstick by UT\u0112 Makeup. Vibrant and bold pink, moisturising and long-lasting, ideal for a fresh and energetic look.","breadcrumb":{"@id":"https:\/\/utemakeup.com\/producto\/labial-mate-pink-poison-vegano\/#breadcrumb"},"inLanguage":"en-GB","potentialAction":[{"@type":"ReadAction","target":["https:\/\/utemakeup.com\/producto\/labial-mate-pink-poison-vegano\/"]}]},{"@type":"ImageObject","inLanguage":"en-GB","@id":"https:\/\/utemakeup.com\/producto\/labial-mate-pink-poison-vegano\/#primaryimage","url":"https:\/\/utemakeup.com\/wp-content\/uploads\/2025\/08\/Base-maquillaje-tan-natural-que-el-clean-look-jamas-se-vera-como-una-segunda-piel-600-x-400-px-600-x-600-px.png","contentUrl":"https:\/\/utemakeup.com\/wp-content\/uploads\/2025\/08\/Base-maquillaje-tan-natural-que-el-clean-look-jamas-se-vera-como-una-segunda-piel-600-x-400-px-600-x-600-px.png","width":600,"height":600},{"@type":"BreadcrumbList","@id":"https:\/\/utemakeup.com\/producto\/labial-mate-pink-poison-vegano\/#breadcrumb","itemListElement":[{"@type":"ListItem","position":1,"name":"Portada","item":"https:\/\/utemakeup.com\/"},{"@type":"ListItem","position":2,"name":"Tienda","item":"https:\/\/utemakeup.com\/tienda\/"},{"@type":"ListItem","position":3,"name":"Labial Mate Vegano- Pink Poison &#8211; Rosa Fucsia"}]},{"@type":"WebSite","@id":"https:\/\/utemakeup.com\/#website","url":"https:\/\/utemakeup.com\/","name":"UT\u0112 Makeup","description":"Natural-vegan-sustainable make-up","publisher":{"@id":"https:\/\/utemakeup.com\/#organization"},"alternateName":"UT\u0112 Makeup- Productos de maquillaje natural","potentialAction":[{"@type":"SearchAction","target":{"@type":"EntryPoint","urlTemplate":"https:\/\/utemakeup.com\/?s={search_term_string}"},"query-input":{"@type":"PropertyValueSpecification","valueRequired":true,"valueName":"search_term_string"}}],"inLanguage":"en-GB"},{"@type":"Organization","@id":"https:\/\/utemakeup.com\/#organization","name":"UT\u0112 Makeup","alternateName":"UT\u0112 Productos de maquillaje vegano-natural-sostenible","url":"https:\/\/utemakeup.com\/","logo":{"@type":"ImageObject","inLanguage":"en-GB","@id":"https:\/\/utemakeup.com\/#\/schema\/logo\/image\/","url":"https:\/\/utemakeup.com\/wp-content\/uploads\/2025\/03\/UTE-02-1.png","contentUrl":"https:\/\/utemakeup.com\/wp-content\/uploads\/2025\/03\/UTE-02-1.png","width":3612,"height":3831,"caption":"UT\u0112 Makeup"},"image":{"@id":"https:\/\/utemakeup.com\/#\/schema\/logo\/image\/"},"sameAs":["https:\/\/www.instagram.com\/ute_makeup_?igsh=MTlqOWk5bzY0bnFsbw&utm_source=qr"],"description":"More than makeup, at UT\u0112 we celebrate authenticity and style. Our products are made with natural ingredients and animal cruelty-free, perfect for any style and occasion - love yourself and care for the planet at the same time!","email":"info@utemakeup.com","foundingDate":"2024-11-19","actionableFeedbackPolicy":"https:\/\/utemakeup.com\/contactanos\/"}]},"product_price_amount":"24.00","product_price_currency":"EUR","og_availability":"instock","product_availability":"instock","product_retailer_item_id":"Y005","product_condition":"new"},"jetpack_sharing_enabled":true,"_links":{"self":[{"href":"https:\/\/utemakeup.com\/en\/wp-json\/wp\/v2\/product\/1657","targetHints":{"allow":["GET"]}}],"collection":[{"href":"https:\/\/utemakeup.com\/en\/wp-json\/wp\/v2\/product"}],"about":[{"href":"https:\/\/utemakeup.com\/en\/wp-json\/wp\/v2\/types\/product"}],"replies":[{"embeddable":true,"href":"https:\/\/utemakeup.com\/en\/wp-json\/wp\/v2\/comments?post=1657"}],"wp:featuredmedia":[{"embeddable":true,"href":"https:\/\/utemakeup.com\/en\/wp-json\/wp\/v2\/media\/2339"}],"wp:attachment":[{"href":"https:\/\/utemakeup.com\/en\/wp-json\/wp\/v2\/media?parent=1657"}],"wp:term":[{"taxonomy":"product_brand","embeddable":true,"href":"https:\/\/utemakeup.com\/en\/wp-json\/wp\/v2\/product_brand?post=1657"},{"taxonomy":"product_cat","embeddable":true,"href":"https:\/\/utemakeup.com\/en\/wp-json\/wp\/v2\/product_cat?post=1657"},{"taxonomy":"product_tag","embeddable":true,"href":"https:\/\/utemakeup.com\/en\/wp-json\/wp\/v2\/product_tag?post=1657"}],"curies":[{"name":"wp","href":"https:\/\/api.w.org\/{rel}","templated":true}]}}