{"id":2455,"date":"2026-04-23T20:20:12","date_gmt":"2026-04-23T20:20:12","guid":{"rendered":"https:\/\/utemakeup.com\/producto\/mascarilla-de-acido-hialuronico\/"},"modified":"2026-04-27T08:38:53","modified_gmt":"2026-04-27T08:38:53","slug":"hyaluronic-acid-face-mask","status":"publish","type":"product","link":"https:\/\/utemakeup.com\/en\/producto\/mascarilla-de-acido-hialuronico\/","title":{"rendered":"Hyaluronic Acid Mask"},"content":{"rendered":"<p>Face mask with hyaluronic acid that deeply hydrates, improves elasticity, and leaves skin soft and radiant. Its lightweight formula adapts to the face and provides an immediate effect of freshness and comfort, helping to strengthen the skin barrier. Ideal for all skin types seeking a healthy and revitalised finish.<\/p>\n<p>INCI: Aqua (Water), Glycerin, Sodium Hyaluronate, Hydroxyacetophenone, Xanthan Gum, Allantoin.<\/p>","protected":false},"excerpt":{"rendered":"<p>Mascarilla facial con \u00e1cido hialur\u00f3nico que hidrata en profundidad, mejora la elasticidad y deja la piel suave y luminosa. Su f\u00f3rmula ligera se adapta al rostro y aporta un efecto inmediato de frescura y confort, ayudando a reforzar la barrera cut\u00e1nea. Ideal para todo tipo de piel que busca un acabado saludable y revitalizado. INCI: [&hellip;]<\/p>\n","protected":false},"featured_media":2453,"comment_status":"open","ping_status":"closed","template":"","meta":{"_et_pb_use_builder":"","_et_pb_old_content":"","_et_gb_content_width":""},"product_brand":[],"product_cat":[382],"product_tag":[],"class_list":{"0":"post-2455","1":"product","2":"type-product","3":"status-publish","4":"has-post-thumbnail","6":"product_cat-piel","8":"first","9":"instock","10":"shipping-taxable","11":"purchasable","12":"product-type-simple"},"yoast_head":"<!-- This site is optimized with the Yoast SEO Premium plugin v26.3 (Yoast SEO v27.5) - https:\/\/yoast.com\/product\/yoast-seo-premium-wordpress\/ -->\n<title>Mascarilla de \u00c1cido Hialur\u00f3nico - UT\u0112 - Espa\u00f1a<\/title>\n<meta name=\"robots\" content=\"index, follow, max-snippet:-1, max-image-preview:large, max-video-preview:-1\" \/>\n<link rel=\"canonical\" href=\"https:\/\/utemakeup.com\/en\/product\/hyaluronic-acid-face-mask\/\" \/>\n<meta property=\"og:locale\" content=\"en_GB\" \/>\n<meta property=\"og:type\" content=\"article\" \/>\n<meta property=\"og:title\" content=\"Mascarilla de \u00c1cido Hialur\u00f3nico\" \/>\n<meta property=\"og:description\" content=\"Mascarilla facial con \u00e1cido hialur\u00f3nico que hidrata en profundidad, mejora la elasticidad y deja la piel suave y luminosa. Su f\u00f3rmula ligera se adapta al rostro y aporta un efecto inmediato de frescura y confort, ayudando a reforzar la barrera cut\u00e1nea. Ideal para todo tipo de piel que busca un acabado saludable y revitalizado. INCI: [&hellip;]\" \/>\n<meta property=\"og:url\" content=\"https:\/\/utemakeup.com\/en\/product\/hyaluronic-acid-face-mask\/\" \/>\n<meta property=\"og:site_name\" content=\"UT\u0112 - Espa\u00f1a\" \/>\n<meta property=\"article:modified_time\" content=\"2026-04-27T08:38:53+00:00\" \/>\n<meta property=\"og:image\" content=\"https:\/\/utemakeup.com\/wp-content\/uploads\/2024\/11\/WhatsApp-Image-2024-11-28-at-22.32.26.jpeg\" \/>\n\t<meta property=\"og:image:width\" content=\"1920\" \/>\n\t<meta property=\"og:image:height\" content=\"1080\" \/>\n\t<meta property=\"og:image:type\" content=\"image\/jpeg\" \/>\n<meta name=\"twitter:card\" content=\"summary_large_image\" \/>\n<meta name=\"twitter:label1\" content=\"Price\" \/>\n\t<meta name=\"twitter:data1\" content=\"7,00&nbsp;&euro;\" \/>\n\t<meta name=\"twitter:label2\" content=\"Availability\" \/>\n\t<meta name=\"twitter:data2\" content=\"In stock\" \/>\n<script type=\"application\/ld+json\" class=\"yoast-schema-graph\">{\"@context\":\"https:\\\/\\\/schema.org\",\"@graph\":[{\"@type\":\"WebPage\",\"@id\":\"https:\\\/\\\/utemakeup.com\\\/producto\\\/mascarilla-de-acido-hialuronico\\\/\",\"url\":\"https:\\\/\\\/utemakeup.com\\\/producto\\\/mascarilla-de-acido-hialuronico\\\/\",\"name\":\"Mascarilla de \u00c1cido Hialur\u00f3nico - UT\u0112 - Espa\u00f1a\",\"isPartOf\":{\"@id\":\"https:\\\/\\\/utemakeup.com\\\/#website\"},\"primaryImageOfPage\":{\"@id\":\"https:\\\/\\\/utemakeup.com\\\/producto\\\/mascarilla-de-acido-hialuronico\\\/#primaryimage\"},\"image\":{\"@id\":\"https:\\\/\\\/utemakeup.com\\\/producto\\\/mascarilla-de-acido-hialuronico\\\/#primaryimage\"},\"thumbnailUrl\":\"https:\\\/\\\/utemakeup.com\\\/wp-content\\\/uploads\\\/2026\\\/04\\\/501f5aa3-35f4-4c0d-9226-84c52545a1ef.png\",\"datePublished\":\"2026-04-23T20:20:12+00:00\",\"dateModified\":\"2026-04-27T08:38:53+00:00\",\"breadcrumb\":{\"@id\":\"https:\\\/\\\/utemakeup.com\\\/producto\\\/mascarilla-de-acido-hialuronico\\\/#breadcrumb\"},\"inLanguage\":\"en-GB\",\"potentialAction\":[{\"@type\":\"ReadAction\",\"target\":[\"https:\\\/\\\/utemakeup.com\\\/producto\\\/mascarilla-de-acido-hialuronico\\\/\"]}]},{\"@type\":\"ImageObject\",\"inLanguage\":\"en-GB\",\"@id\":\"https:\\\/\\\/utemakeup.com\\\/producto\\\/mascarilla-de-acido-hialuronico\\\/#primaryimage\",\"url\":\"https:\\\/\\\/utemakeup.com\\\/wp-content\\\/uploads\\\/2026\\\/04\\\/501f5aa3-35f4-4c0d-9226-84c52545a1ef.png\",\"contentUrl\":\"https:\\\/\\\/utemakeup.com\\\/wp-content\\\/uploads\\\/2026\\\/04\\\/501f5aa3-35f4-4c0d-9226-84c52545a1ef.png\",\"width\":1086,\"height\":1448},{\"@type\":\"BreadcrumbList\",\"@id\":\"https:\\\/\\\/utemakeup.com\\\/producto\\\/mascarilla-de-acido-hialuronico\\\/#breadcrumb\",\"itemListElement\":[{\"@type\":\"ListItem\",\"position\":1,\"name\":\"Portada\",\"item\":\"https:\\\/\\\/utemakeup.com\\\/\"},{\"@type\":\"ListItem\",\"position\":2,\"name\":\"Tienda\",\"item\":\"https:\\\/\\\/utemakeup.com\\\/tienda\\\/\"},{\"@type\":\"ListItem\",\"position\":3,\"name\":\"Mascarilla de \u00c1cido Hialur\u00f3nico\"}]},{\"@type\":\"WebSite\",\"@id\":\"https:\\\/\\\/utemakeup.com\\\/#website\",\"url\":\"https:\\\/\\\/utemakeup.com\\\/\",\"name\":\"UT\u0112 Makeup\",\"description\":\"Maquillaje Natural- vegano-sostenible\",\"publisher\":{\"@id\":\"https:\\\/\\\/utemakeup.com\\\/#organization\"},\"alternateName\":\"UT\u0112 Makeup- Productos de maquillaje natural\",\"potentialAction\":[{\"@type\":\"SearchAction\",\"target\":{\"@type\":\"EntryPoint\",\"urlTemplate\":\"https:\\\/\\\/utemakeup.com\\\/?s={search_term_string}\"},\"query-input\":{\"@type\":\"PropertyValueSpecification\",\"valueRequired\":true,\"valueName\":\"search_term_string\"}}],\"inLanguage\":\"en-GB\"},{\"@type\":\"Organization\",\"@id\":\"https:\\\/\\\/utemakeup.com\\\/#organization\",\"name\":\"UT\u0112 Makeup\",\"alternateName\":\"UT\u0112 Productos de maquillaje vegano-natural-sostenible\",\"url\":\"https:\\\/\\\/utemakeup.com\\\/\",\"logo\":{\"@type\":\"ImageObject\",\"inLanguage\":\"en-GB\",\"@id\":\"https:\\\/\\\/utemakeup.com\\\/#\\\/schema\\\/logo\\\/image\\\/\",\"url\":\"https:\\\/\\\/utemakeup.com\\\/wp-content\\\/uploads\\\/2025\\\/03\\\/UTE-02-1.png\",\"contentUrl\":\"https:\\\/\\\/utemakeup.com\\\/wp-content\\\/uploads\\\/2025\\\/03\\\/UTE-02-1.png\",\"width\":3612,\"height\":3831,\"caption\":\"UT\u0112 Makeup\"},\"image\":{\"@id\":\"https:\\\/\\\/utemakeup.com\\\/#\\\/schema\\\/logo\\\/image\\\/\"},\"sameAs\":[\"https:\\\/\\\/www.instagram.com\\\/ute_makeup_?igsh=MTlqOWk5bzY0bnFsbw&utm_source=qr\"],\"description\":\"M\u00e1s que maquillaje, en UT\u0112 celebramos la autenticidad y el estilo propio. Nuestros productos est\u00e1n elaborados con ingredientes naturales y sin crueldad animal, perfectos para cualquier estilo y ocasi\u00f3n. \u00a1Qui\u00e9rete como eres y cuida del planeta al mismo tiempo!\",\"email\":\"info@utemakeup.com\",\"foundingDate\":\"2024-11-19\",\"actionableFeedbackPolicy\":\"https:\\\/\\\/utemakeup.com\\\/contactanos\\\/\"}]}<\/script>\n<meta property=\"product:price:amount\" content=\"7.00\" \/>\n<meta property=\"product:price:currency\" content=\"EUR\" \/>\n<meta property=\"og:availability\" content=\"instock\" \/>\n<meta property=\"product:availability\" content=\"instock\" \/>\n<meta property=\"product:condition\" content=\"new\" \/>\n<!-- \/ Yoast SEO Premium plugin. -->","yoast_head_json":{"title":"Hyaluronic Acid Face Mask - UT\u0112 - Spain","robots":{"index":"index","follow":"follow","max-snippet":"max-snippet:-1","max-image-preview":"max-image-preview:large","max-video-preview":"max-video-preview:-1"},"canonical":"https:\/\/utemakeup.com\/en\/product\/hyaluronic-acid-face-mask\/","og_locale":"en_GB","og_type":"article","og_title":"Mascarilla de \u00c1cido Hialur\u00f3nico","og_description":"Mascarilla facial con \u00e1cido hialur\u00f3nico que hidrata en profundidad, mejora la elasticidad y deja la piel suave y luminosa. Su f\u00f3rmula ligera se adapta al rostro y aporta un efecto inmediato de frescura y confort, ayudando a reforzar la barrera cut\u00e1nea. Ideal para todo tipo de piel que busca un acabado saludable y revitalizado. INCI: [&hellip;]","og_url":"https:\/\/utemakeup.com\/en\/product\/hyaluronic-acid-face-mask\/","og_site_name":"UT\u0112 - Espa\u00f1a","article_modified_time":"2026-04-27T08:38:53+00:00","og_image":[{"width":1920,"height":1080,"url":"https:\/\/utemakeup.com\/wp-content\/uploads\/2024\/11\/WhatsApp-Image-2024-11-28-at-22.32.26.jpeg","type":"image\/jpeg"}],"twitter_card":"summary_large_image","twitter_misc":{"Price":"7,00&nbsp;&euro;","Availability":"In stock"},"schema":{"@context":"https:\/\/schema.org","@graph":[{"@type":"WebPage","@id":"https:\/\/utemakeup.com\/producto\/mascarilla-de-acido-hialuronico\/","url":"https:\/\/utemakeup.com\/producto\/mascarilla-de-acido-hialuronico\/","name":"Hyaluronic Acid Face Mask - UT\u0112 - Spain","isPartOf":{"@id":"https:\/\/utemakeup.com\/#website"},"primaryImageOfPage":{"@id":"https:\/\/utemakeup.com\/producto\/mascarilla-de-acido-hialuronico\/#primaryimage"},"image":{"@id":"https:\/\/utemakeup.com\/producto\/mascarilla-de-acido-hialuronico\/#primaryimage"},"thumbnailUrl":"https:\/\/utemakeup.com\/wp-content\/uploads\/2026\/04\/501f5aa3-35f4-4c0d-9226-84c52545a1ef.png","datePublished":"2026-04-23T20:20:12+00:00","dateModified":"2026-04-27T08:38:53+00:00","breadcrumb":{"@id":"https:\/\/utemakeup.com\/producto\/mascarilla-de-acido-hialuronico\/#breadcrumb"},"inLanguage":"en-GB","potentialAction":[{"@type":"ReadAction","target":["https:\/\/utemakeup.com\/producto\/mascarilla-de-acido-hialuronico\/"]}]},{"@type":"ImageObject","inLanguage":"en-GB","@id":"https:\/\/utemakeup.com\/producto\/mascarilla-de-acido-hialuronico\/#primaryimage","url":"https:\/\/utemakeup.com\/wp-content\/uploads\/2026\/04\/501f5aa3-35f4-4c0d-9226-84c52545a1ef.png","contentUrl":"https:\/\/utemakeup.com\/wp-content\/uploads\/2026\/04\/501f5aa3-35f4-4c0d-9226-84c52545a1ef.png","width":1086,"height":1448},{"@type":"BreadcrumbList","@id":"https:\/\/utemakeup.com\/producto\/mascarilla-de-acido-hialuronico\/#breadcrumb","itemListElement":[{"@type":"ListItem","position":1,"name":"Portada","item":"https:\/\/utemakeup.com\/"},{"@type":"ListItem","position":2,"name":"Tienda","item":"https:\/\/utemakeup.com\/tienda\/"},{"@type":"ListItem","position":3,"name":"Mascarilla de \u00c1cido Hialur\u00f3nico"}]},{"@type":"WebSite","@id":"https:\/\/utemakeup.com\/#website","url":"https:\/\/utemakeup.com\/","name":"UT\u0112 Makeup","description":"Natural-vegan-sustainable make-up","publisher":{"@id":"https:\/\/utemakeup.com\/#organization"},"alternateName":"UT\u0112 Makeup- Productos de maquillaje natural","potentialAction":[{"@type":"SearchAction","target":{"@type":"EntryPoint","urlTemplate":"https:\/\/utemakeup.com\/?s={search_term_string}"},"query-input":{"@type":"PropertyValueSpecification","valueRequired":true,"valueName":"search_term_string"}}],"inLanguage":"en-GB"},{"@type":"Organization","@id":"https:\/\/utemakeup.com\/#organization","name":"UT\u0112 Makeup","alternateName":"UT\u0112 Productos de maquillaje vegano-natural-sostenible","url":"https:\/\/utemakeup.com\/","logo":{"@type":"ImageObject","inLanguage":"en-GB","@id":"https:\/\/utemakeup.com\/#\/schema\/logo\/image\/","url":"https:\/\/utemakeup.com\/wp-content\/uploads\/2025\/03\/UTE-02-1.png","contentUrl":"https:\/\/utemakeup.com\/wp-content\/uploads\/2025\/03\/UTE-02-1.png","width":3612,"height":3831,"caption":"UT\u0112 Makeup"},"image":{"@id":"https:\/\/utemakeup.com\/#\/schema\/logo\/image\/"},"sameAs":["https:\/\/www.instagram.com\/ute_makeup_?igsh=MTlqOWk5bzY0bnFsbw&utm_source=qr"],"description":"More than makeup, at UT\u0112 we celebrate authenticity and style. Our products are made with natural ingredients and animal cruelty-free, perfect for any style and occasion - love yourself and care for the planet at the same time!","email":"info@utemakeup.com","foundingDate":"2024-11-19","actionableFeedbackPolicy":"https:\/\/utemakeup.com\/contactanos\/"}]},"product_price_amount":"7.00","product_price_currency":"EUR","og_availability":"instock","product_availability":"instock","product_condition":"new"},"jetpack_sharing_enabled":true,"_links":{"self":[{"href":"https:\/\/utemakeup.com\/en\/wp-json\/wp\/v2\/product\/2455","targetHints":{"allow":["GET"]}}],"collection":[{"href":"https:\/\/utemakeup.com\/en\/wp-json\/wp\/v2\/product"}],"about":[{"href":"https:\/\/utemakeup.com\/en\/wp-json\/wp\/v2\/types\/product"}],"replies":[{"embeddable":true,"href":"https:\/\/utemakeup.com\/en\/wp-json\/wp\/v2\/comments?post=2455"}],"wp:featuredmedia":[{"embeddable":true,"href":"https:\/\/utemakeup.com\/en\/wp-json\/wp\/v2\/media\/2453"}],"wp:attachment":[{"href":"https:\/\/utemakeup.com\/en\/wp-json\/wp\/v2\/media?parent=2455"}],"wp:term":[{"taxonomy":"product_brand","embeddable":true,"href":"https:\/\/utemakeup.com\/en\/wp-json\/wp\/v2\/product_brand?post=2455"},{"taxonomy":"product_cat","embeddable":true,"href":"https:\/\/utemakeup.com\/en\/wp-json\/wp\/v2\/product_cat?post=2455"},{"taxonomy":"product_tag","embeddable":true,"href":"https:\/\/utemakeup.com\/en\/wp-json\/wp\/v2\/product_tag?post=2455"}],"curies":[{"name":"wp","href":"https:\/\/api.w.org\/{rel}","templated":true}]}}