{"id":310,"date":"2024-08-26T18:43:11","date_gmt":"2024-08-26T18:43:11","guid":{"rendered":"https:\/\/utemakeup.com\/?post_type=product&#038;p=310"},"modified":"2026-04-07T05:23:08","modified_gmt":"2026-04-07T05:23:08","slug":"summer-complexion-base-tanned-brown-skin-tanned-complexion-luminous-effect","status":"publish","type":"product","link":"https:\/\/utemakeup.com\/en\/producto\/base-tez-de-verano-piel-morena-bronceada-efecto-luminoso\/","title":{"rendered":"Natural Make-Up Foundation Summer Complexion Healthy Skin Effect - Tan"},"content":{"rendered":"<p>[et_pb_section fb_built=\u00bb1&#8243; admin_label=\u00bbHeader\u00bb _builder_version=\u00bb4.27.0&#8243; background_enable_color=\u00bboff\u00bb background_image=\u00bbhttps:\/\/utemakeup.com\/wp-content\/uploads\/2024\/08\/Header-image3.jpg\u00bb min_height=\u00bb100vh\u00bb custom_margin=\u00bb||-0.4%||false|false\u00bb custom_padding=\u00bb0px||||false|false\u00bb background_last_edited=\u00bbon|phone\u00bb background_enable_image_tablet=\u00bboff\u00bb locked=\u00bboff\u00bb global_colors_info=\u00bb{}\u00bb][et_pb_row use_custom_gutter=\u00bbon\u00bb gutter_width=\u00bb1&#8243; make_equal=\u00bbon\u00bb _builder_version=\u00bb4.27.0&#8243; max_width=\u00bb100%\u00bb module_alignment=\u00bbcenter\u00bb min_height=\u00bb126px\u00bb custom_padding=\u00bb0px||0px|||\u00bb global_colors_info=\u00bb{}\u00bb][et_pb_column type=\u00bb4_4&#8243; _builder_version=\u00bb4.27.0&#8243; background_color=\u00bbRGBA(255,255,255,0)\u00bb custom_padding=\u00bb160px|51px|||false|false\u00bb custom_padding_tablet=\u00bb80px||||false|false\u00bb custom_padding_phone=\u00bb\u00bb custom_padding_last_edited=\u00bbon|phone\u00bb global_colors_info=\u00bb{}\u00bb][et_pb_wc_cart_notice _builder_version=\u00bb4.27.0&#8243; _module_preset=\u00bbdefault\u00bb title_font=\u00bbWork Sans||||||||\u00bb error_font=\u00bbWork Sans||||||||\u00bb content_font=\u00bbWork Sans||||||||\u00bb background_color=\u00bb#9f8d19&#8243; custom_button=\u00bbon\u00bb button_text_color=\u00bb#FFFFFF\u00bb button_bg_color=\u00bb#201f1d\u00bb button_border_radius=\u00bb33px\u00bb custom_margin=\u00bb-7em|0em|0em|0em|false|false\u00bb global_colors_info=\u00bb{}\u00bb][\/et_pb_wc_cart_notice][\/et_pb_column][\/et_pb_row][et_pb_row column_structure=\u00bb1_2,1_2&#8243; use_custom_gutter=\u00bbon\u00bb _builder_version=\u00bb4.27.0&#8243; max_width=\u00bb100%\u00bb custom_padding=\u00bb0px||0px|||\u00bb global_colors_info=\u00bb{}\u00bb][et_pb_column type=\u00bb1_2&#8243; _builder_version=\u00bb4.27.0&#8243; background_color=\u00bbRGBA(255,255,255,0)\u00bb custom_padding=\u00bb5%||5%||false|false\u00bb custom_padding_tablet=\u00bb80px||||false|false\u00bb custom_padding_phone=\u00bb\u00bb custom_padding_last_edited=\u00bbon|phone\u00bb border_color_all=\u00bb#000000&#8243; global_colors_info=\u00bb{}\u00bb][et_pb_wc_title _builder_version=\u00bb4.27.0&#8243; _module_preset=\u00bbdefault\u00bb header_font=\u00bbWork Sans||||||||\u00bb header_text_align=\u00bbcenter\u00bb header_text_color=\u00bb#201f1d\u00bb header_font_size=\u00bb4em\u00bb custom_margin=\u00bb|5%|4%|5%|false|false\u00bb custom_padding=\u00bb|||0px|false|false\u00bb global_colors_info=\u00bb{}\u00bb][\/et_pb_wc_title][et_pb_wc_rating _builder_version=\u00bb4.27.0&#8243; _module_preset=\u00bbdefault\u00bb rating_text_align=\u00bbcenter\u00bb global_colors_info=\u00bb{}\u00bb][\/et_pb_wc_rating][et_pb_wc_price _builder_version=\u00bb4.27.0&#8243; _module_preset=\u00bbdefault\u00bb body_font=\u00bbWork Sans|700|||||||\u00bb body_text_color=\u00bb#E02B20&#8243; body_font_size=\u00bb2em\u00bb text_orientation=\u00bbcenter\u00bb custom_margin=\u00bb|5%|5%|5%|false|false\u00bb global_colors_info=\u00bb{}\u00bb][\/et_pb_wc_price][et_pb_wc_description _builder_version=\u00bb4.27.0&#8243; _module_preset=\u00bbdefault\u00bb body_font=\u00bbWork Sans|500|||||||\u00bb body_font_size=\u00bb1.2em\u00bb body_line_height=\u00bb1.3em\u00bb custom_margin=\u00bb|5%|5%|5%|false|false\u00bb global_colors_info=\u00bb{}\u00bb][\/et_pb_wc_description][et_pb_wc_stock _builder_version=\u00bb4.27.0&#8243; _module_preset=\u00bbdefault\u00bb instock_font=\u00bbWork Sans|500|||||||\u00bb instock_text_color=\u00bb#E02B20&#8243; instock_font_size=\u00bb1.3em\u00bb text_orientation=\u00bbcenter\u00bb global_colors_info=\u00bb{}\u00bb][\/et_pb_wc_stock][et_pb_wc_add_to_cart show_quantity=\u00bboff\u00bb show_stock=\u00bboff\u00bb _builder_version=\u00bb4.27.0&#8243; _module_preset=\u00bbdefault\u00bb field_label_font=\u00bbWork Sans|700|||||||\u00bb custom_button=\u00bbon\u00bb button_text_color=\u00bb#201f1d\u00bb button_border_radius=\u00bb5em\u00bb button_font=\u00bbWork Sans||||||||\u00bb text_orientation=\u00bbcenter\u00bb custom_margin=\u00bb|5%||5%|false|false\u00bb global_colors_info=\u00bb{}\u00bb][\/et_pb_wc_add_to_cart][\/et_pb_column][et_pb_column type=\u00bb1_2&#8243; _builder_version=\u00bb4.27.0&#8243; custom_padding=\u00bb||||false|false\u00bb global_colors_info=\u00bb{}\u00bb][et_pb_wc_images show_product_gallery=\u00bboff\u00bb _builder_version=\u00bb4.27.0&#8243; _module_preset=\u00bbdefault\u00bb min_height=\u00bb502px\u00bb custom_margin=\u00bb|10%|-7px||false|false\u00bb custom_padding=\u00bb|||0px|false|false\u00bb global_colors_info=\u00bb{}\u00bb][\/et_pb_wc_images][\/et_pb_column][\/et_pb_row][\/et_pb_section][et_pb_section fb_built=\u00bb1&#8243; admin_label=\u00bbFeatures\u00bb _builder_version=\u00bb4.27.0&#8243; background_color=\u00bb#ffefda\u00bb background_enable_image=\u00bboff\u00bb custom_margin=\u00bb-1px|||||\u00bb custom_padding=\u00bb59px||||false|false\u00bb locked=\u00bboff\u00bb global_colors_info=\u00bb{}\u00bb][et_pb_row column_structure=\u00bb1_2,1_2&#8243; use_custom_gutter=\u00bbon\u00bb _builder_version=\u00bb4.27.0&#8243; max_width=\u00bb100%\u00bb custom_padding=\u00bb0px||||false|false\u00bb global_colors_info=\u00bb{}\u00bb][et_pb_column type=\u00bb1_2&#8243; _builder_version=\u00bb4.27.0&#8243; border_color_all=\u00bb#2B343B\u00bb global_colors_info=\u00bb{}\u00bb][et_pb_image src=\u00bbhttps:\/\/utemakeup.com\/wp-content\/uploads\/2024\/08\/Tez-de-Verano_sindeco.png\u00bb title_text=\u00bbTez-de-Verano_sindeco\u00bb _builder_version=\u00bb4.27.0&#8243; border_color_all=\u00bb#201f1d\u00bb global_colors_info=\u00bb{}\u00bb][\/et_pb_image][\/et_pb_column][et_pb_column type=\u00bb1_2&#8243; _builder_version=\u00bb4.16&#8243; custom_padding=\u00bb60px|||30px|false|false\u00bb custom_padding_tablet=\u00bb|||0px|false|false\u00bb custom_padding_phone=\u00bb\u00bb custom_padding_last_edited=\u00bbon|desktop\u00bb global_colors_info=\u00bb{}\u00bb][et_pb_wc_additional_info _builder_version=\u00bb4.27.0&#8243; _module_preset=\u00bbdefault\u00bb body_font=\u00bbWork Sans|500|||||||\u00bb header_font=\u00bbWork Sans|500|||||||\u00bb header_font_size=\u00bb30px\u00bb attribute_font=\u00bbWork Sans|700|||||||\u00bb global_colors_info=\u00bb{}\u00bb][\/et_pb_wc_additional_info][\/et_pb_column][\/et_pb_row][et_pb_row _builder_version=\u00bb4.27.0&#8243; _module_preset=\u00bbdefault\u00bb custom_margin=\u00bb5%||||false|false\u00bb global_colors_info=\u00bb{}\u00bb][et_pb_column type=\u00bb4_4&#8243; _builder_version=\u00bb4.27.0&#8243; _module_preset=\u00bbdefault\u00bb global_colors_info=\u00bb{}\u00bb][et_pb_heading title=\u00bbRese\u00f1as de %22Tez de verano%22&#8243; _builder_version=\u00bb4.27.0&#8243; _module_preset=\u00bbdefault\u00bb custom_margin=\u00bb||||false|false\u00bb custom_padding=\u00bb||||false|false\u00bb global_colors_info=\u00bb{}\u00bb][\/et_pb_heading][et_pb_wc_reviews show_avatar=\u00bboff\u00bb _builder_version=\u00bb4.27.0&#8243; _module_preset=\u00bbdefault\u00bb header_font=\u00bbWork Sans|600|||||||\u00bb header_font_size=\u00bb0px\u00bb title_font=\u00bbWork Sans|600|||||||\u00bb title_font_size=\u00bb1.5em\u00bb rating_font_size=\u00bb1.5em\u00bb custom_button=\u00bbon\u00bb button_text_color=\u00bb#000000&#8243; button_border_color=\u00bb#000000&#8243; button_border_radius=\u00bb31px\u00bb button_font=\u00bbWork Sans||||||||\u00bb button_alignment=\u00bbleft\u00bb text_orientation=\u00bbleft\u00bb global_colors_info=\u00bb{}\u00bb][\/et_pb_wc_reviews][\/et_pb_column][\/et_pb_row][et_pb_row _builder_version=\u00bb4.27.0&#8243; _module_preset=\u00bbdefault\u00bb max_width=\u00bb100%\u00bb custom_margin=\u00bb5%||||false|false\u00bb custom_padding=\u00bb5%||||false|false\u00bb border_width_top=\u00bb1px\u00bb global_colors_info=\u00bb{}\u00bb][et_pb_column type=\u00bb4_4&#8243; _builder_version=\u00bb4.27.0&#8243; _module_preset=\u00bbdefault\u00bb global_colors_info=\u00bb{}\u00bb][et_pb_heading title=\u00bbProductos relacionados\u00bb _builder_version=\u00bb4.27.0&#8243; _module_preset=\u00bbdefault\u00bb title_font=\u00bbWork Sans|500|||||||\u00bb min_height=\u00bb26px\u00bb custom_margin=\u00bb||11px|||\u00bb global_colors_info=\u00bb{}\u00bb][\/et_pb_heading][et_pb_shop type=\u00bbproduct_category\u00bb posts_number=\u00bb4&#8243; include_categories=\u00bb27,26&#8243; _builder_version=\u00bb4.27.0&#8243; _module_preset=\u00bbdefault\u00bb global_colors_info=\u00bb{}\u00bb][\/et_pb_shop][\/et_pb_column][\/et_pb_row][\/et_pb_section]<\/p>\n","protected":false},"excerpt":{"rendered":"<p><span data-sheets-root=\"1\">Fluid foundation that unifies skin tone with buildable coverage and a natural, refreshing finish. It combines mineral pigments with botanical actives for a uniform, light, and comfortable effect.<\/p>\n<p>Its texture melts easily, helping to visually smooth imperfections and leaving the skin looking balanced and healthy. The formula provides prolonged hydration and comfort without feeling heavy.<\/span><\/p>\n<ul>\n<li><span data-sheets-root=\"1\">Natural Luminous Finish. Clean Look Effect. <\/span><\/li>\n<li><span data-sheets-root=\"1\">Luminous Natural Finish<\/span><\/li>\n<li><span data-sheets-root=\"1\">Modular Media Coverage<\/span><\/li>\n<li><span data-sheets-root=\"1\">Unify the tone with a real-skin effect<\/span><\/li>\n<li><span data-sheets-root=\"1\">Lightweight and easy to blend texture<\/span><\/li>\n<li><span data-sheets-root=\"1\">Hydration and comfort for hours<\/span><\/li>\n<li><span data-sheets-root=\"1\">Helps to visually smooth imperfections<\/span><\/li>\n<li><span data-sheets-root=\"1\">Uniform and flexible outcome<\/span><\/li>\n<\/ul>","protected":false},"featured_media":2402,"comment_status":"open","ping_status":"closed","template":"","meta":{"_et_pb_use_builder":"on","_et_pb_old_content":"<span data-sheets-root=\"1\"><em>Aloe vera (Aloe Barbadensis Leaf Juice):<\/em> contribuye a la hidrataci\u00f3n y sensaci\u00f3n calmante.\r\n<em>\u00c9steres de jojoba y aceite de jojoba:<\/em> aportan suavidad y elasticidad.\r\n<em>Glicerina y propanediol:<\/em> ayudan a mantener la hidrataci\u00f3n.\r\n<em>Vitamina E (Tocopherol):<\/em> antioxidante.\r\n<em>Extracto de salvia:<\/em> activo vegetal con propiedades equilibrantes.\r\n<em>Di\u00f3xido de titanio y \u00f3xidos de hierro:<\/em> pigmentos minerales que proporcionan cobertura y uniformidad.\r\n\r\n<\/span>\r\n\r\n<span data-sheets-root=\"1\">INCI: Aloe Barbadensis Leaf Juice*, Coco-Caprylate, Caprylic\/Capric Triglyceride, Titanium Dioxide, Decyl Oleate, Propanediol, Cetearyl Alcohol, Polyglyceryl-6 Distearate, Jojoba Esters, Simmondsia Chinensis Seed Oil*, Salvia Officinalis Leaf Extract, Tocopherol, Glycerin, Aqua, Xanthan Gum, Aluminium Hydroxide, Stearic Acid, Cetearyl Glucoside, Polyglyceryl-3 Beeswax, Cetyl Alcohol, Glyceryl Caprylate, Glyceryl Undecylenate, Benzyl Alcohol, Potassium Sorbate, Sodium Benzoate, Parfum. (+\/-) CI 77891, CI 77492, CI 77491, CI 77499.<\/span>","_et_gb_content_width":""},"product_brand":[38],"product_cat":[26,381],"product_tag":[153,207,131,132,204,206,152,154,137,57,136,205,98],"class_list":{"0":"post-310","1":"product","2":"type-product","3":"status-publish","4":"has-post-thumbnail","6":"product_brand-marca-ute-makeup","7":"product_cat-base-maquillaje-hidratante","8":"product_cat-cara","9":"product_tag-acabado-bronceado","10":"product_tag-base-de-cobertura-adaptable","11":"product_tag-base-de-maquillaje","12":"product_tag-base-liquida","13":"product_tag-base-liquida-para-piel-dorada","14":"product_tag-base-para-piel-morena-luminosa","15":"product_tag-cobertura-ligera","16":"product_tag-efecto-s","17":"product_tag-hidratacion","18":"product_tag-larga-duracion","19":"product_tag-maquillaje-fluido","20":"product_tag-maquillaje-para-piel-bronceada","21":"product_tag-piel-luminosa","23":"first","24":"instock","25":"shipping-taxable","26":"purchasable","27":"product-type-simple"},"yoast_head":"<!-- This site is optimized with the Yoast SEO Premium plugin v26.3 (Yoast SEO v27.4) - https:\/\/yoast.com\/product\/yoast-seo-premium-wordpress\/ -->\n<title>Base de Maquillaje Natural Tez de Verano Efecto Healthy Skin Moreno<\/title>\n<meta name=\"description\" content=\"Base de Maquillaje NATURAL Tez de Verano Acabado Radiante de UT\u0112 Makeup, dise\u00f1ada para pieles morenas y bronceadas. Su f\u00f3rmula ligera y de larga duraci\u00f3n ofrece una cobertura modulable y un acabado radiante. Se adapta a todo tipo de piel, proporcionando un efecto natural y luminoso sin sensaci\u00f3n pesada. Perfecta para el d\u00eda a d\u00eda o eventos especiales.\" \/>\n<meta name=\"robots\" content=\"index, follow, max-snippet:-1, max-image-preview:large, max-video-preview:-1\" \/>\n<link rel=\"canonical\" href=\"https:\/\/www.utemakeup.com\/base-tez-de-verano-piel-morena-bronceada\" \/>\n<meta property=\"og:locale\" content=\"en_GB\" \/>\n<meta property=\"og:type\" content=\"article\" \/>\n<meta property=\"og:title\" content=\"Base de Maquillaje Natural Tez de Verano Efecto Healthy Skin- Tostado\" \/>\n<meta property=\"og:description\" content=\"Base de Maquillaje NATURAL Tez de Verano Acabado Radiante de UT\u0112 Makeup, dise\u00f1ada para pieles morenas y bronceadas. Su f\u00f3rmula ligera y de larga duraci\u00f3n ofrece una cobertura modulable y un acabado radiante. Se adapta a todo tipo de piel, proporcionando un efecto natural y luminoso sin sensaci\u00f3n pesada. Perfecta para el d\u00eda a d\u00eda o eventos especiales.\" \/>\n<meta property=\"og:url\" content=\"https:\/\/www.utemakeup.com\/base-tez-de-verano-piel-morena-bronceada\" \/>\n<meta property=\"og:site_name\" content=\"UT\u0112 - Espa\u00f1a\" \/>\n<meta property=\"article:modified_time\" content=\"2026-04-07T05:23:08+00:00\" \/>\n<meta property=\"og:image\" content=\"https:\/\/utemakeup.com\/wp-content\/uploads\/2024\/08\/Base-de-Maquillaje-Natural-Tez-de-Verano-Efecto-Healthy-Skin-Tostado.png\" \/>\n\t<meta property=\"og:image:width\" content=\"600\" \/>\n\t<meta property=\"og:image:height\" content=\"600\" \/>\n\t<meta property=\"og:image:type\" content=\"image\/png\" \/>\n<meta name=\"twitter:card\" content=\"summary_large_image\" \/>\n<meta name=\"twitter:label1\" content=\"Price\" \/>\n\t<meta name=\"twitter:data1\" content=\"42,35&nbsp;&euro;\" \/>\n\t<meta name=\"twitter:label2\" content=\"Availability\" \/>\n\t<meta name=\"twitter:data2\" content=\"In stock\" \/>\n<script type=\"application\/ld+json\" class=\"yoast-schema-graph\">{\"@context\":\"https:\\\/\\\/schema.org\",\"@graph\":[{\"@type\":\"WebPage\",\"@id\":\"https:\\\/\\\/utemakeup.com\\\/producto\\\/base-tez-de-verano-piel-morena-bronceada-efecto-luminoso\\\/\",\"url\":\"https:\\\/\\\/www.utemakeup.com\\\/base-tez-de-verano-piel-morena-bronceada\",\"name\":\"Base de Maquillaje Natural Tez de Verano Efecto Healthy Skin Moreno\",\"isPartOf\":{\"@id\":\"https:\\\/\\\/utemakeup.com\\\/#website\"},\"primaryImageOfPage\":{\"@id\":\"https:\\\/\\\/www.utemakeup.com\\\/base-tez-de-verano-piel-morena-bronceada#primaryimage\"},\"image\":{\"@id\":\"https:\\\/\\\/www.utemakeup.com\\\/base-tez-de-verano-piel-morena-bronceada#primaryimage\"},\"thumbnailUrl\":\"https:\\\/\\\/utemakeup.com\\\/wp-content\\\/uploads\\\/2024\\\/08\\\/Base-de-Maquillaje-Natural-Tez-de-Verano-Efecto-Healthy-Skin-Tostado.png\",\"datePublished\":\"2024-08-26T18:43:11+00:00\",\"dateModified\":\"2026-04-07T05:23:08+00:00\",\"description\":\"Base de Maquillaje NATURAL Tez de Verano Acabado Radiante de UT\u0112 Makeup, dise\u00f1ada para pieles morenas y bronceadas. Su f\u00f3rmula ligera y de larga duraci\u00f3n ofrece una cobertura modulable y un acabado radiante. Se adapta a todo tipo de piel, proporcionando un efecto natural y luminoso sin sensaci\u00f3n pesada. Perfecta para el d\u00eda a d\u00eda o eventos especiales.\",\"breadcrumb\":{\"@id\":\"https:\\\/\\\/www.utemakeup.com\\\/base-tez-de-verano-piel-morena-bronceada#breadcrumb\"},\"inLanguage\":\"en-GB\",\"potentialAction\":[{\"@type\":\"ReadAction\",\"target\":[\"https:\\\/\\\/www.utemakeup.com\\\/base-tez-de-verano-piel-morena-bronceada\"]}]},{\"@type\":\"ImageObject\",\"inLanguage\":\"en-GB\",\"@id\":\"https:\\\/\\\/www.utemakeup.com\\\/base-tez-de-verano-piel-morena-bronceada#primaryimage\",\"url\":\"https:\\\/\\\/utemakeup.com\\\/wp-content\\\/uploads\\\/2024\\\/08\\\/Base-de-Maquillaje-Natural-Tez-de-Verano-Efecto-Healthy-Skin-Tostado.png\",\"contentUrl\":\"https:\\\/\\\/utemakeup.com\\\/wp-content\\\/uploads\\\/2024\\\/08\\\/Base-de-Maquillaje-Natural-Tez-de-Verano-Efecto-Healthy-Skin-Tostado.png\",\"width\":600,\"height\":600},{\"@type\":\"BreadcrumbList\",\"@id\":\"https:\\\/\\\/www.utemakeup.com\\\/base-tez-de-verano-piel-morena-bronceada#breadcrumb\",\"itemListElement\":[{\"@type\":\"ListItem\",\"position\":1,\"name\":\"Portada\",\"item\":\"https:\\\/\\\/utemakeup.com\\\/\"},{\"@type\":\"ListItem\",\"position\":2,\"name\":\"Tienda\",\"item\":\"https:\\\/\\\/utemakeup.com\\\/tienda\\\/\"},{\"@type\":\"ListItem\",\"position\":3,\"name\":\"Inicio > Maquillaje > Rostro > Bases\"}]},{\"@type\":\"WebSite\",\"@id\":\"https:\\\/\\\/utemakeup.com\\\/#website\",\"url\":\"https:\\\/\\\/utemakeup.com\\\/\",\"name\":\"UT\u0112 Makeup\",\"description\":\"Maquillaje Natural- vegano-sostenible\",\"publisher\":{\"@id\":\"https:\\\/\\\/utemakeup.com\\\/#organization\"},\"alternateName\":\"UT\u0112 Makeup- Productos de maquillaje natural\",\"potentialAction\":[{\"@type\":\"SearchAction\",\"target\":{\"@type\":\"EntryPoint\",\"urlTemplate\":\"https:\\\/\\\/utemakeup.com\\\/?s={search_term_string}\"},\"query-input\":{\"@type\":\"PropertyValueSpecification\",\"valueRequired\":true,\"valueName\":\"search_term_string\"}}],\"inLanguage\":\"en-GB\"},{\"@type\":\"Organization\",\"@id\":\"https:\\\/\\\/utemakeup.com\\\/#organization\",\"name\":\"UT\u0112 Makeup\",\"alternateName\":\"UT\u0112 Productos de maquillaje vegano-natural-sostenible\",\"url\":\"https:\\\/\\\/utemakeup.com\\\/\",\"logo\":{\"@type\":\"ImageObject\",\"inLanguage\":\"en-GB\",\"@id\":\"https:\\\/\\\/utemakeup.com\\\/#\\\/schema\\\/logo\\\/image\\\/\",\"url\":\"https:\\\/\\\/utemakeup.com\\\/wp-content\\\/uploads\\\/2025\\\/03\\\/UTE-02-1.png\",\"contentUrl\":\"https:\\\/\\\/utemakeup.com\\\/wp-content\\\/uploads\\\/2025\\\/03\\\/UTE-02-1.png\",\"width\":3612,\"height\":3831,\"caption\":\"UT\u0112 Makeup\"},\"image\":{\"@id\":\"https:\\\/\\\/utemakeup.com\\\/#\\\/schema\\\/logo\\\/image\\\/\"},\"sameAs\":[\"https:\\\/\\\/www.instagram.com\\\/ute_makeup_?igsh=MTlqOWk5bzY0bnFsbw&utm_source=qr\"],\"description\":\"M\u00e1s que maquillaje, en UT\u0112 celebramos la autenticidad y el estilo propio. Nuestros productos est\u00e1n elaborados con ingredientes naturales y sin crueldad animal, perfectos para cualquier estilo y ocasi\u00f3n. \u00a1Qui\u00e9rete como eres y cuida del planeta al mismo tiempo!\",\"email\":\"info@utemakeup.com\",\"foundingDate\":\"2024-11-19\",\"actionableFeedbackPolicy\":\"https:\\\/\\\/utemakeup.com\\\/contactanos\\\/\"}]}<\/script>\n<meta property=\"product:price:amount\" content=\"42.35\" \/>\n<meta property=\"product:price:currency\" content=\"EUR\" \/>\n<meta property=\"og:availability\" content=\"instock\" \/>\n<meta property=\"product:availability\" content=\"instock\" \/>\n<meta property=\"product:retailer_item_id\" content=\"Y2030\" \/>\n<meta property=\"product:condition\" content=\"new\" \/>\n<!-- \/ Yoast SEO Premium plugin. -->","yoast_head_json":{"title":"Natural Foundation Summer Glow Healthy Skin Dark Shade","description":"UT\u0112 Makeup NATURAL Summer Complexion Radiant Finish Foundation by UT\u0112 Makeup, designed for tanned and bronzed skin. Its lightweight, long-wearing formula offers buildable coverage and a radiant finish. It adapts to all skin types, providing a natural, luminous effect without a heavy feel. Perfect for everyday or special events.","robots":{"index":"index","follow":"follow","max-snippet":"max-snippet:-1","max-image-preview":"max-image-preview:large","max-video-preview":"max-video-preview:-1"},"canonical":"https:\/\/www.utemakeup.com\/base-tez-de-verano-piel-morena-bronceada","og_locale":"en_GB","og_type":"article","og_title":"Base de Maquillaje Natural Tez de Verano Efecto Healthy Skin- Tostado","og_description":"Base de Maquillaje NATURAL Tez de Verano Acabado Radiante de UT\u0112 Makeup, dise\u00f1ada para pieles morenas y bronceadas. Su f\u00f3rmula ligera y de larga duraci\u00f3n ofrece una cobertura modulable y un acabado radiante. Se adapta a todo tipo de piel, proporcionando un efecto natural y luminoso sin sensaci\u00f3n pesada. Perfecta para el d\u00eda a d\u00eda o eventos especiales.","og_url":"https:\/\/www.utemakeup.com\/base-tez-de-verano-piel-morena-bronceada","og_site_name":"UT\u0112 - Espa\u00f1a","article_modified_time":"2026-04-07T05:23:08+00:00","og_image":[{"width":600,"height":600,"url":"https:\/\/utemakeup.com\/wp-content\/uploads\/2024\/08\/Base-de-Maquillaje-Natural-Tez-de-Verano-Efecto-Healthy-Skin-Tostado.png","type":"image\/png"}],"twitter_card":"summary_large_image","twitter_misc":{"Price":"42,35&nbsp;&euro;","Availability":"In stock"},"schema":{"@context":"https:\/\/schema.org","@graph":[{"@type":"WebPage","@id":"https:\/\/utemakeup.com\/producto\/base-tez-de-verano-piel-morena-bronceada-efecto-luminoso\/","url":"https:\/\/www.utemakeup.com\/base-tez-de-verano-piel-morena-bronceada","name":"Natural Foundation Summer Glow Healthy Skin Dark Shade","isPartOf":{"@id":"https:\/\/utemakeup.com\/#website"},"primaryImageOfPage":{"@id":"https:\/\/www.utemakeup.com\/base-tez-de-verano-piel-morena-bronceada#primaryimage"},"image":{"@id":"https:\/\/www.utemakeup.com\/base-tez-de-verano-piel-morena-bronceada#primaryimage"},"thumbnailUrl":"https:\/\/utemakeup.com\/wp-content\/uploads\/2024\/08\/Base-de-Maquillaje-Natural-Tez-de-Verano-Efecto-Healthy-Skin-Tostado.png","datePublished":"2024-08-26T18:43:11+00:00","dateModified":"2026-04-07T05:23:08+00:00","description":"UT\u0112 Makeup NATURAL Summer Complexion Radiant Finish Foundation by UT\u0112 Makeup, designed for tanned and bronzed skin. Its lightweight, long-wearing formula offers buildable coverage and a radiant finish. It adapts to all skin types, providing a natural, luminous effect without a heavy feel. Perfect for everyday or special events.","breadcrumb":{"@id":"https:\/\/www.utemakeup.com\/base-tez-de-verano-piel-morena-bronceada#breadcrumb"},"inLanguage":"en-GB","potentialAction":[{"@type":"ReadAction","target":["https:\/\/www.utemakeup.com\/base-tez-de-verano-piel-morena-bronceada"]}]},{"@type":"ImageObject","inLanguage":"en-GB","@id":"https:\/\/www.utemakeup.com\/base-tez-de-verano-piel-morena-bronceada#primaryimage","url":"https:\/\/utemakeup.com\/wp-content\/uploads\/2024\/08\/Base-de-Maquillaje-Natural-Tez-de-Verano-Efecto-Healthy-Skin-Tostado.png","contentUrl":"https:\/\/utemakeup.com\/wp-content\/uploads\/2024\/08\/Base-de-Maquillaje-Natural-Tez-de-Verano-Efecto-Healthy-Skin-Tostado.png","width":600,"height":600},{"@type":"BreadcrumbList","@id":"https:\/\/www.utemakeup.com\/base-tez-de-verano-piel-morena-bronceada#breadcrumb","itemListElement":[{"@type":"ListItem","position":1,"name":"Portada","item":"https:\/\/utemakeup.com\/"},{"@type":"ListItem","position":2,"name":"Tienda","item":"https:\/\/utemakeup.com\/tienda\/"},{"@type":"ListItem","position":3,"name":"Inicio > Maquillaje > Rostro > Bases"}]},{"@type":"WebSite","@id":"https:\/\/utemakeup.com\/#website","url":"https:\/\/utemakeup.com\/","name":"UT\u0112 Makeup","description":"Natural-vegan-sustainable make-up","publisher":{"@id":"https:\/\/utemakeup.com\/#organization"},"alternateName":"UT\u0112 Makeup- Productos de maquillaje natural","potentialAction":[{"@type":"SearchAction","target":{"@type":"EntryPoint","urlTemplate":"https:\/\/utemakeup.com\/?s={search_term_string}"},"query-input":{"@type":"PropertyValueSpecification","valueRequired":true,"valueName":"search_term_string"}}],"inLanguage":"en-GB"},{"@type":"Organization","@id":"https:\/\/utemakeup.com\/#organization","name":"UT\u0112 Makeup","alternateName":"UT\u0112 Productos de maquillaje vegano-natural-sostenible","url":"https:\/\/utemakeup.com\/","logo":{"@type":"ImageObject","inLanguage":"en-GB","@id":"https:\/\/utemakeup.com\/#\/schema\/logo\/image\/","url":"https:\/\/utemakeup.com\/wp-content\/uploads\/2025\/03\/UTE-02-1.png","contentUrl":"https:\/\/utemakeup.com\/wp-content\/uploads\/2025\/03\/UTE-02-1.png","width":3612,"height":3831,"caption":"UT\u0112 Makeup"},"image":{"@id":"https:\/\/utemakeup.com\/#\/schema\/logo\/image\/"},"sameAs":["https:\/\/www.instagram.com\/ute_makeup_?igsh=MTlqOWk5bzY0bnFsbw&utm_source=qr"],"description":"More than makeup, at UT\u0112 we celebrate authenticity and style. Our products are made with natural ingredients and animal cruelty-free, perfect for any style and occasion - love yourself and care for the planet at the same time!","email":"info@utemakeup.com","foundingDate":"2024-11-19","actionableFeedbackPolicy":"https:\/\/utemakeup.com\/contactanos\/"}]},"product_price_amount":"42.35","product_price_currency":"EUR","og_availability":"instock","product_availability":"instock","product_retailer_item_id":"Y2030","product_condition":"new"},"jetpack_sharing_enabled":true,"_links":{"self":[{"href":"https:\/\/utemakeup.com\/en\/wp-json\/wp\/v2\/product\/310","targetHints":{"allow":["GET"]}}],"collection":[{"href":"https:\/\/utemakeup.com\/en\/wp-json\/wp\/v2\/product"}],"about":[{"href":"https:\/\/utemakeup.com\/en\/wp-json\/wp\/v2\/types\/product"}],"replies":[{"embeddable":true,"href":"https:\/\/utemakeup.com\/en\/wp-json\/wp\/v2\/comments?post=310"}],"wp:featuredmedia":[{"embeddable":true,"href":"https:\/\/utemakeup.com\/en\/wp-json\/wp\/v2\/media\/2402"}],"wp:attachment":[{"href":"https:\/\/utemakeup.com\/en\/wp-json\/wp\/v2\/media?parent=310"}],"wp:term":[{"taxonomy":"product_brand","embeddable":true,"href":"https:\/\/utemakeup.com\/en\/wp-json\/wp\/v2\/product_brand?post=310"},{"taxonomy":"product_cat","embeddable":true,"href":"https:\/\/utemakeup.com\/en\/wp-json\/wp\/v2\/product_cat?post=310"},{"taxonomy":"product_tag","embeddable":true,"href":"https:\/\/utemakeup.com\/en\/wp-json\/wp\/v2\/product_tag?post=310"}],"curies":[{"name":"wp","href":"https:\/\/api.w.org\/{rel}","templated":true}]}}