{"id":83,"date":"2024-08-16T06:32:33","date_gmt":"2024-08-16T06:32:33","guid":{"rendered":"https:\/\/utemakeup.com\/?page_id=83"},"modified":"2026-04-06T18:55:45","modified_gmt":"2026-04-06T18:55:45","slug":"nous-contacter","status":"publish","type":"page","link":"https:\/\/utemakeup.com\/fr\/contactanos\/","title":{"rendered":"Contactez-nous \u00e0 l'adresse suivante"},"content":{"rendered":"<p>[et_pb_section fb_built=\u00bb1&#8243; admin_label=\u00bbHero\u00bb _builder_version=\u00bb4.27.0&#8243; use_background_color_gradient=\u00bbon\u00bb background_color_gradient_stops=\u00bbrgba(0,0,0,0.2) 0%|rgba(0,0,0,0.2) 100%\u00bb background_color_gradient_overlays_image=\u00bbon\u00bb background_image=\u00bbhttps:\/\/utemakeup.com\/wp-content\/uploads\/2024\/09\/UTE_web_img_slider02_01.png\u00bb custom_padding=\u00bb8vw||8vw||true|false\u00bb global_colors_info=\u00bb{}\u00bb][et_pb_row _builder_version=\u00bb4.16&#8243; background_size=\u00bbinitial\u00bb background_position=\u00bbtop_left\u00bb background_repeat=\u00bbrepeat\u00bb global_colors_info=\u00bb{}\u00bb][et_pb_column type=\u00bb4_4&#8243; _builder_version=\u00bb4.16&#8243; custom_padding=\u00bb|||\u00bb global_colors_info=\u00bb{}\u00bb custom_padding__hover=\u00bb|||\u00bb][et_pb_cta title=\u00bbCont\u00e1ctanos\u00bb button_url=\u00bb#top\u00bb _builder_version=\u00bb4.27.4&#8243; header_level=\u00bbh1&#8243; header_font=\u00bb|&#8211;et_global_heading_font_weight|||||||\u00bb header_text_color=\u00bb#FFFFFF\u00bb header_font_size=\u00bb80px\u00bb header_line_height=\u00bb1.3em\u00bb body_font=\u00bbMontserrat|700|||||||\u00bb body_text_color=\u00bb#FFFFFF\u00bb body_font_size=\u00bb22px\u00bb body_line_height=\u00bb1.9em\u00bb use_background_color=\u00bboff\u00bb custom_button=\u00bbon\u00bb button_text_size=\u00bb16px\u00bb button_text_color=\u00bb#ffffff\u00bb button_bg_color=\u00bb#2f3854&#8243; button_border_width=\u00bb10px\u00bb button_border_color=\u00bbrgba(47,56,84,0)\u00bb button_border_radius=\u00bb60px\u00bb button_letter_spacing=\u00bb1px\u00bb button_font=\u00bbMontserrat|700||on|||||\u00bb button_use_icon=\u00bboff\u00bb background_layout=\u00bblight\u00bb animation_style=\u00bbzoom\u00bb animation_direction=\u00bbbottom\u00bb animation_intensity_zoom=\u00bb10%\u00bb header_font_size_tablet=\u00bb\u00bb header_font_size_phone=\u00bb50px\u00bb header_font_size_last_edited=\u00bbon|phone\u00bb button_text_color_hover=\u00bb#ffffff\u00bb button_border_radius_hover=\u00bb66px\u00bb button_letter_spacing_hover=\u00bb1px\u00bb button_bg_color_hover=\u00bbrgba(47,56,84,0.9)\u00bb global_colors_info=\u00bb{}\u00bb button_text_size__hover_enabled=\u00bboff\u00bb button_one_text_size__hover_enabled=\u00bboff\u00bb button_two_text_size__hover_enabled=\u00bboff\u00bb button_text_color__hover_enabled=\u00bbon\u00bb button_text_color__hover=\u00bb#ffffff\u00bb button_one_text_color__hover_enabled=\u00bboff\u00bb button_two_text_color__hover_enabled=\u00bboff\u00bb button_border_width__hover_enabled=\u00bboff\u00bb button_one_border_width__hover_enabled=\u00bboff\u00bb button_two_border_width__hover_enabled=\u00bboff\u00bb button_border_color__hover_enabled=\u00bboff\u00bb button_one_border_color__hover_enabled=\u00bboff\u00bb button_two_border_color__hover_enabled=\u00bboff\u00bb button_border_radius__hover_enabled=\u00bbon\u00bb button_border_radius__hover=\u00bb66px\u00bb button_one_border_radius__hover_enabled=\u00bboff\u00bb button_two_border_radius__hover_enabled=\u00bboff\u00bb button_letter_spacing__hover_enabled=\u00bbon\u00bb button_letter_spacing__hover=\u00bb1px\u00bb button_one_letter_spacing__hover_enabled=\u00bboff\u00bb button_two_letter_spacing__hover_enabled=\u00bboff\u00bb button_bg_color__hover_enabled=\u00bbon\u00bb button_bg_color__hover=\u00bbrgba(47,56,84,0.9)\u00bb button_one_bg_color__hover_enabled=\u00bboff\u00bb button_two_bg_color__hover_enabled=\u00bboff\u00bb]<\/p>\n<p><span style=\"font-weight: 400;\">Si tienes un comentario o quieres distribuir nuestros productos \u00a1queremos conocerte!<\/span><\/p>\n<p>[\/et_pb_cta][\/et_pb_column][\/et_pb_row][\/et_pb_section][et_pb_section fb_built=\u00bb1&#8243; admin_label=\u00bbContact\u00bb _builder_version=\u00bb4.16&#8243; custom_padding=\u00bb0px|0px|0px|0px\u00bb global_colors_info=\u00bb{}\u00bb][et_pb_row column_structure=\u00bb1_2,1_2&#8243; use_custom_gutter=\u00bbon\u00bb gutter_width=\u00bb1&#8243; make_equal=\u00bbon\u00bb admin_label=\u00bbContact Row\u00bb module_class=\u00bb et_pb_row_fullwidth\u00bb _builder_version=\u00bb4.27.0&#8243; background_color=\u00bb#b68e6b\u00bb width=\u00bb100%\u00bb width_tablet=\u00bb100%\u00bb width_phone=\u00bb100%\u00bb width_last_edited=\u00bbon|desktop\u00bb max_width=\u00bb100%\u00bb max_width_tablet=\u00bb100%\u00bb max_width_phone=\u00bb100%\u00bb max_width_last_edited=\u00bbon|desktop\u00bb custom_padding=\u00bb0px|0px|0px|0px\u00bb make_fullwidth=\u00bbon\u00bb global_colors_info=\u00bb{}\u00bb][et_pb_column type=\u00bb1_2&#8243; _builder_version=\u00bb4.16&#8243; use_background_color_gradient=\u00bbon\u00bb background_color_gradient_direction=\u00bb270deg\u00bb background_color_gradient_stops=\u00bbrgba(0,0,0,0) 50%|#ffffff 50%\u00bb background_color_gradient_start=\u00bbrgba(0,0,0,0)\u00bb background_color_gradient_start_position=\u00bb50%\u00bb background_color_gradient_end=\u00bb#ffffff\u00bb background_color_gradient_end_position=\u00bb50%\u00bb custom_padding=\u00bb|||\u00bb global_colors_info=\u00bb{}\u00bb custom_padding__hover=\u00bb|||\u00bb][et_pb_image src=\u00bbhttps:\/\/utemakeup.com\/wp-content\/uploads\/2024\/09\/UTE_web_img_home_imagen04.png\u00bb title_text=\u00bbUTE_web_img_home_imagen04&#8243; _builder_version=\u00bb4.27.0&#8243; _module_preset=\u00bbdefault\u00bb global_colors_info=\u00bb{}\u00bb][\/et_pb_image][\/et_pb_column][et_pb_column type=\u00bb1_2&#8243; _builder_version=\u00bb4.16&#8243; custom_padding=\u00bb|||\u00bb global_colors_info=\u00bb{}\u00bb custom_padding__hover=\u00bb|||\u00bb][et_pb_contact_form captcha=\u00bboff\u00bb email=\u00bbnidia_gm@hotmail.com\u00bb title=\u00bbEnv\u00edanos un mensaje\u00bb custom_message=\u00bbMensaje desde p\u00e1gina de contacto de utemakeup.com a continuaci\u00f3n:||et_pb_line_break_holder||||et_pb_line_break_holder||Nombre: %%Name%%||et_pb_line_break_holder||Email: %%Email%%||et_pb_line_break_holder||Mensaje: %%Message%%||et_pb_line_break_holder||||et_pb_line_break_holder|| No responder a este correo.\u00bb success_message=\u00bbGracias. Te contactaremos pronto.\u00bb module_id=\u00bbet_pb_contact_form_0&#8243; _builder_version=\u00bb4.27.4&#8243; form_field_background_color=\u00bbrgba(255,255,255,0)\u00bb form_field_text_color=\u00bbrgba(255,255,255,0.4)\u00bb title_level=\u00bbh2&#8243; title_font=\u00bb||||||||\u00bb title_text_color=\u00bb#ffffff\u00bb title_font_size=\u00bb45px\u00bb title_line_height=\u00bb1.3em\u00bb form_field_font=\u00bbMontserrat|600|||||||\u00bb form_field_font_size=\u00bb14px\u00bb custom_button=\u00bbon\u00bb button_text_size=\u00bb16px\u00bb button_text_color=\u00bb#2f3854&#8243; button_bg_color=\u00bb#ffffff\u00bb button_border_width=\u00bb12px\u00bb button_border_color=\u00bbrgba(255,255,255,0)\u00bb button_border_radius=\u00bb0px\u00bb button_letter_spacing=\u00bb1px\u00bb button_font=\u00bbMontserrat|700||on|||||\u00bb button_use_icon=\u00bboff\u00bb max_width=\u00bb560px\u00bb max_width_tablet=\u00bb\u00bb max_width_phone=\u00bb\u00bb max_width_last_edited=\u00bbon|desktop\u00bb custom_margin=\u00bb100px||100px|\u00bb custom_padding=\u00bb40px|40px|40px|40px\u00bb hover_enabled=\u00bb0&#8243; border_width_all=\u00bb2px\u00bb border_color_all=\u00bbrgba(255,255,255,0.3)\u00bb form_background_color=\u00bbrgba(255,255,255,0)\u00bb global_colors_info=\u00bb{}\u00bb sticky_enabled=\u00bb0&#8243;][et_pb_contact_field field_id=\u00bbName\u00bb field_title=\u00bbNombre\u00bb _builder_version=\u00bb4.27.0&#8243; global_colors_info=\u00bb{}\u00bb button_text_size__hover_enabled=\u00bboff\u00bb button_one_text_size__hover_enabled=\u00bboff\u00bb button_two_text_size__hover_enabled=\u00bboff\u00bb button_text_color__hover_enabled=\u00bboff\u00bb button_one_text_color__hover_enabled=\u00bboff\u00bb button_two_text_color__hover_enabled=\u00bboff\u00bb button_border_width__hover_enabled=\u00bboff\u00bb button_one_border_width__hover_enabled=\u00bboff\u00bb button_two_border_width__hover_enabled=\u00bboff\u00bb button_border_color__hover_enabled=\u00bboff\u00bb button_one_border_color__hover_enabled=\u00bboff\u00bb button_two_border_color__hover_enabled=\u00bboff\u00bb button_border_radius__hover_enabled=\u00bboff\u00bb button_one_border_radius__hover_enabled=\u00bboff\u00bb button_two_border_radius__hover_enabled=\u00bboff\u00bb button_letter_spacing__hover_enabled=\u00bboff\u00bb button_one_letter_spacing__hover_enabled=\u00bboff\u00bb button_two_letter_spacing__hover_enabled=\u00bboff\u00bb button_bg_color__hover_enabled=\u00bboff\u00bb button_one_bg_color__hover_enabled=\u00bboff\u00bb button_two_bg_color__hover_enabled=\u00bboff\u00bb][\/et_pb_contact_field][et_pb_contact_field field_id=\u00bbEmail\u00bb field_title=\u00bbEmail\u00bb field_type=\u00bbemail\u00bb _builder_version=\u00bb4.27.0&#8243; global_colors_info=\u00bb{}\u00bb button_text_size__hover_enabled=\u00bboff\u00bb button_one_text_size__hover_enabled=\u00bboff\u00bb button_two_text_size__hover_enabled=\u00bboff\u00bb button_text_color__hover_enabled=\u00bboff\u00bb button_one_text_color__hover_enabled=\u00bboff\u00bb button_two_text_color__hover_enabled=\u00bboff\u00bb button_border_width__hover_enabled=\u00bboff\u00bb button_one_border_width__hover_enabled=\u00bboff\u00bb button_two_border_width__hover_enabled=\u00bboff\u00bb button_border_color__hover_enabled=\u00bboff\u00bb button_one_border_color__hover_enabled=\u00bboff\u00bb button_two_border_color__hover_enabled=\u00bboff\u00bb button_border_radius__hover_enabled=\u00bboff\u00bb button_one_border_radius__hover_enabled=\u00bboff\u00bb button_two_border_radius__hover_enabled=\u00bboff\u00bb button_letter_spacing__hover_enabled=\u00bboff\u00bb button_one_letter_spacing__hover_enabled=\u00bboff\u00bb button_two_letter_spacing__hover_enabled=\u00bboff\u00bb button_bg_color__hover_enabled=\u00bboff\u00bb button_one_bg_color__hover_enabled=\u00bboff\u00bb button_two_bg_color__hover_enabled=\u00bboff\u00bb][\/et_pb_contact_field][et_pb_contact_field field_id=\u00bbMessage\u00bb field_title=\u00bbMensaje\u00bb field_type=\u00bbtext\u00bb fullwidth_field=\u00bbon\u00bb _builder_version=\u00bb4.27.0&#8243; global_colors_info=\u00bb{}\u00bb button_text_size__hover_enabled=\u00bboff\u00bb button_one_text_size__hover_enabled=\u00bboff\u00bb button_two_text_size__hover_enabled=\u00bboff\u00bb button_text_color__hover_enabled=\u00bboff\u00bb button_one_text_color__hover_enabled=\u00bboff\u00bb button_two_text_color__hover_enabled=\u00bboff\u00bb button_border_width__hover_enabled=\u00bboff\u00bb button_one_border_width__hover_enabled=\u00bboff\u00bb button_two_border_width__hover_enabled=\u00bboff\u00bb button_border_color__hover_enabled=\u00bboff\u00bb button_one_border_color__hover_enabled=\u00bboff\u00bb button_two_border_color__hover_enabled=\u00bboff\u00bb button_border_radius__hover_enabled=\u00bboff\u00bb button_one_border_radius__hover_enabled=\u00bboff\u00bb button_two_border_radius__hover_enabled=\u00bboff\u00bb button_letter_spacing__hover_enabled=\u00bboff\u00bb button_one_letter_spacing__hover_enabled=\u00bboff\u00bb button_two_letter_spacing__hover_enabled=\u00bboff\u00bb button_bg_color__hover_enabled=\u00bboff\u00bb button_one_bg_color__hover_enabled=\u00bboff\u00bb button_two_bg_color__hover_enabled=\u00bboff\u00bb][\/et_pb_contact_field][\/et_pb_contact_form][et_pb_video src=\u00bbhttps:\/\/utemakeup.com\/wp-content\/uploads\/2025\/05\/Sequence-02.mp4&#8243; _builder_version=\u00bb4.27.4&#8243; _module_preset=\u00bbdefault\u00bb width=\u00bb48.3%\u00bb custom_margin=\u00bb|||5%|false|false\u00bb custom_margin_tablet=\u00bb|||0%|false|false\u00bb custom_margin_phone=\u00bb|||0%|false|false\u00bb custom_margin_last_edited=\u00bbon|phone\u00bb global_colors_info=\u00bb{}\u00bb][\/et_pb_video][\/et_pb_column][\/et_pb_row][\/et_pb_section][et_pb_section fb_built=\u00bb1&#8243; _builder_version=\u00bb4.27.0&#8243; _module_preset=\u00bbdefault\u00bb background_color=\u00bb#201f1d\u00bb global_module=\u00bb521&#8243; saved_tabs=\u00bball\u00bb global_colors_info=\u00bb{}\u00bb][et_pb_row column_structure=\u00bb1_3,1_3,1_3&#8243; _builder_version=\u00bb4.27.0&#8243; _module_preset=\u00bbdefault\u00bb global_colors_info=\u00bb{}\u00bb][et_pb_column type=\u00bb1_3&#8243; _builder_version=\u00bb4.27.0&#8243; _module_preset=\u00bbdefault\u00bb global_colors_info=\u00bb{}\u00bb][et_pb_text _builder_version=\u00bb4.27.0&#8243; _module_preset=\u00bbdefault\u00bb text_text_color=\u00bb#FFFFFF\u00bb header_2_text_color=\u00bb#FFFFFF\u00bb global_colors_info=\u00bb{}\u00bb]<\/p>\n<h2>Sitio<\/h2>\n<p>[\/et_pb_text][et_pb_text _builder_version=\u00bb4.27.0&#8243; _module_preset=\u00bbdefault\u00bb text_text_color=\u00bb#ffefda\u00bb global_colors_info=\u00bb{}\u00bb]<\/p>\n<p><a href=\"https:\/\/utemakeup.com\">Inicio<\/a><\/p>\n<p><a href=\"\/tienda\">Tienda<\/a><\/p>\n<p><a href=\"\/nosotros\">Nosotros<\/a><\/p>\n<p><a href=\"\/contactanos\">Cont\u00e1ctanos<\/a><\/p>\n<p>[\/et_pb_text][\/et_pb_column][et_pb_column type=\u00bb1_3&#8243; _builder_version=\u00bb4.27.0&#8243; _module_preset=\u00bbdefault\u00bb global_colors_info=\u00bb{}\u00bb][et_pb_text _builder_version=\u00bb4.27.0&#8243; _module_preset=\u00bbdefault\u00bb text_text_color=\u00bb#FFFFFF\u00bb header_2_text_color=\u00bb#FFFFFF\u00bb global_colors_info=\u00bb{}\u00bb]<\/p>\n<h2>Legal<\/h2>\n<p>[\/et_pb_text][et_pb_text _builder_version=\u00bb4.27.4&#8243; _module_preset=\u00bbdefault\u00bb text_text_color=\u00bb#ffefda\u00bb global_colors_info=\u00bb{}\u00bb]<\/p>\n<p><a href=\"\/politica-de-devoluciones\">Pol\u00edtica de devoluciones<\/a><\/p>\n<p><a href=\"\/politica-de-privacidad\">Pol\u00edtica de privacidad<\/a><\/p>\n<p><a href=\"\/condiciones\">Condiciones<\/a><\/p>\n<p><a href=\"https:\/\/utemakeup.com\/aviso-legal\/\">Aviso legal<\/a><\/p>\n<p><a href=\"https:\/\/utemakeup.com\/politica-de-cookies\/\">Pol\u00edtica de cookies<\/a><\/p>\n<p>&nbsp;<\/p>\n<p>[\/et_pb_text][\/et_pb_column][et_pb_column type=\u00bb1_3&#8243; _builder_version=\u00bb4.27.0&#8243; _module_preset=\u00bbdefault\u00bb global_colors_info=\u00bb{}\u00bb][et_pb_text _builder_version=\u00bb4.27.0&#8243; _module_preset=\u00bbdefault\u00bb text_text_color=\u00bb#FFFFFF\u00bb header_2_text_color=\u00bb#FFFFFF\u00bb global_colors_info=\u00bb{}\u00bb]<\/p>\n<h2>S\u00edguenos<\/h2>\n<p>[\/et_pb_text][et_pb_social_media_follow _builder_version=\u00bb4.27.4&#8243; _module_preset=\u00bbdefault\u00bb global_colors_info=\u00bb{}\u00bb][et_pb_social_media_follow_network social_network=\u00bbfacebook\u00bb url=\u00bbhttps:\/\/www.facebook.com\/profile.php?id=61569989345519&#038;locale=es_ES\u00bb _builder_version=\u00bb4.27.4&#8243; _module_preset=\u00bbdefault\u00bb background_color=\u00bb#3b5998&#8243; global_colors_info=\u00bb{}\u00bb follow_button=\u00bboff\u00bb url_new_window=\u00bbon\u00bb]facebook[\/et_pb_social_media_follow_network][et_pb_social_media_follow_network social_network=\u00bbinstagram\u00bb url=\u00bbhttps:\/\/www.instagram.com\/ute_makeup_?igsh=MTlqOWk5bzY0bnFsbw%3D%3D&#038;utm_source=qr\u00bb _builder_version=\u00bb4.27.4&#8243; _module_preset=\u00bbdefault\u00bb background_color=\u00bb#ea2c59&#8243; global_colors_info=\u00bb{}\u00bb follow_button=\u00bboff\u00bb url_new_window=\u00bbon\u00bb]instagram[\/et_pb_social_media_follow_network][et_pb_social_media_follow_network social_network=\u00bbpinterest\u00bb url=\u00bbhttps:\/\/es.pinterest.com\/\u00bb _builder_version=\u00bb4.27.4&#8243; _module_preset=\u00bbdefault\u00bb background_color=\u00bb#cb2027&#8243; global_colors_info=\u00bb{}\u00bb follow_button=\u00bboff\u00bb url_new_window=\u00bbon\u00bb]pinterest[\/et_pb_social_media_follow_network][et_pb_social_media_follow_network social_network=\u00bbtiktok\u00bb url=\u00bbhttps:\/\/www.tiktok.com\/@ut.makeup?is_from_webapp=1&#038;sender_device=pc\u00bb _builder_version=\u00bb4.27.4&#8243; _module_preset=\u00bbdefault\u00bb background_color=\u00bb#fe2c55&#8243; global_colors_info=\u00bb{}\u00bb follow_button=\u00bboff\u00bb url_new_window=\u00bbon\u00bb]tiktok[\/et_pb_social_media_follow_network][\/et_pb_social_media_follow][\/et_pb_column][\/et_pb_row][\/et_pb_section]<\/p>\n","protected":false},"excerpt":{"rendered":"<p>Si tienes un comentario o quieres distribuir nuestros productos \u00a1queremos conocerte!SitioInicio Tienda Nosotros Cont\u00e1ctanosLegalPol\u00edtica de devoluciones Pol\u00edtica de privacidad Condiciones Aviso legal Pol\u00edtica de cookies &nbsp;S\u00edguenos<\/p>","protected":false},"author":1,"featured_media":0,"parent":0,"menu_order":0,"comment_status":"closed","ping_status":"closed","template":"","meta":{"_et_pb_use_builder":"on","_et_pb_old_content":"","_et_gb_content_width":"","footnotes":""},"class_list":["post-83","page","type-page","status-publish","hentry"],"yoast_head":"<!-- This site is optimized with the Yoast SEO Premium plugin v26.3 (Yoast SEO v27.4) - https:\/\/yoast.com\/product\/yoast-seo-premium-wordpress\/ -->\n<title>Cont\u00e1ctanos - UT\u0112 - Espa\u00f1a<\/title>\n<meta name=\"robots\" content=\"index, follow, max-snippet:-1, max-image-preview:large, max-video-preview:-1\" \/>\n<link rel=\"canonical\" href=\"https:\/\/utemakeup.com\/fr\/nous-contacter\/\" \/>\n<meta property=\"og:locale\" content=\"fr_FR\" \/>\n<meta property=\"og:type\" content=\"article\" \/>\n<meta property=\"og:title\" content=\"Cont\u00e1ctanos\" \/>\n<meta property=\"og:description\" content=\"Si tienes un comentario o quieres distribuir nuestros productos \u00a1queremos conocerte!SitioInicio Tienda Nosotros Cont\u00e1ctanosLegalPol\u00edtica de devoluciones Pol\u00edtica de privacidad Condiciones Aviso legal Pol\u00edtica de cookies &nbsp;S\u00edguenos\" \/>\n<meta property=\"og:url\" content=\"https:\/\/utemakeup.com\/fr\/nous-contacter\/\" \/>\n<meta property=\"og:site_name\" content=\"UT\u0112 - Espa\u00f1a\" \/>\n<meta property=\"article:modified_time\" content=\"2026-04-06T18:55:45+00:00\" \/>\n<meta property=\"og:image\" content=\"https:\/\/utemakeup.com\/wp-content\/uploads\/2024\/11\/WhatsApp-Image-2024-11-28-at-22.32.26.jpeg\" \/>\n\t<meta property=\"og:image:width\" content=\"1920\" \/>\n\t<meta property=\"og:image:height\" content=\"1080\" \/>\n\t<meta property=\"og:image:type\" content=\"image\/jpeg\" \/>\n<meta name=\"twitter:card\" content=\"summary_large_image\" \/>\n<meta name=\"twitter:label1\" content=\"Dur\u00e9e de lecture estim\u00e9e\" \/>\n\t<meta name=\"twitter:data1\" content=\"1 minute\" \/>\n<script type=\"application\/ld+json\" class=\"yoast-schema-graph\">{\"@context\":\"https:\\\/\\\/schema.org\",\"@graph\":[{\"@type\":\"WebPage\",\"@id\":\"https:\\\/\\\/utemakeup.com\\\/contactanos\\\/\",\"url\":\"https:\\\/\\\/utemakeup.com\\\/contactanos\\\/\",\"name\":\"Cont\u00e1ctanos - UT\u0112 - Espa\u00f1a\",\"isPartOf\":{\"@id\":\"https:\\\/\\\/utemakeup.com\\\/#website\"},\"datePublished\":\"2024-08-16T06:32:33+00:00\",\"dateModified\":\"2026-04-06T18:55:45+00:00\",\"breadcrumb\":{\"@id\":\"https:\\\/\\\/utemakeup.com\\\/contactanos\\\/#breadcrumb\"},\"inLanguage\":\"fr-FR\",\"potentialAction\":[{\"@type\":\"ReadAction\",\"target\":[\"https:\\\/\\\/utemakeup.com\\\/contactanos\\\/\"]}]},{\"@type\":\"BreadcrumbList\",\"@id\":\"https:\\\/\\\/utemakeup.com\\\/contactanos\\\/#breadcrumb\",\"itemListElement\":[{\"@type\":\"ListItem\",\"position\":1,\"name\":\"Portada\",\"item\":\"https:\\\/\\\/utemakeup.com\\\/\"},{\"@type\":\"ListItem\",\"position\":2,\"name\":\"Cont\u00e1ctanos\"}]},{\"@type\":\"WebSite\",\"@id\":\"https:\\\/\\\/utemakeup.com\\\/#website\",\"url\":\"https:\\\/\\\/utemakeup.com\\\/\",\"name\":\"UT\u0112 Makeup\",\"description\":\"Maquillaje Natural- vegano-sostenible\",\"publisher\":{\"@id\":\"https:\\\/\\\/utemakeup.com\\\/#organization\"},\"alternateName\":\"UT\u0112 Makeup- Productos de maquillaje natural\",\"potentialAction\":[{\"@type\":\"SearchAction\",\"target\":{\"@type\":\"EntryPoint\",\"urlTemplate\":\"https:\\\/\\\/utemakeup.com\\\/?s={search_term_string}\"},\"query-input\":{\"@type\":\"PropertyValueSpecification\",\"valueRequired\":true,\"valueName\":\"search_term_string\"}}],\"inLanguage\":\"fr-FR\"},{\"@type\":\"Organization\",\"@id\":\"https:\\\/\\\/utemakeup.com\\\/#organization\",\"name\":\"UT\u0112 Makeup\",\"alternateName\":\"UT\u0112 Productos de maquillaje vegano-natural-sostenible\",\"url\":\"https:\\\/\\\/utemakeup.com\\\/\",\"logo\":{\"@type\":\"ImageObject\",\"inLanguage\":\"fr-FR\",\"@id\":\"https:\\\/\\\/utemakeup.com\\\/#\\\/schema\\\/logo\\\/image\\\/\",\"url\":\"https:\\\/\\\/utemakeup.com\\\/wp-content\\\/uploads\\\/2025\\\/03\\\/UTE-02-1.png\",\"contentUrl\":\"https:\\\/\\\/utemakeup.com\\\/wp-content\\\/uploads\\\/2025\\\/03\\\/UTE-02-1.png\",\"width\":3612,\"height\":3831,\"caption\":\"UT\u0112 Makeup\"},\"image\":{\"@id\":\"https:\\\/\\\/utemakeup.com\\\/#\\\/schema\\\/logo\\\/image\\\/\"},\"sameAs\":[\"https:\\\/\\\/www.instagram.com\\\/ute_makeup_?igsh=MTlqOWk5bzY0bnFsbw&utm_source=qr\"],\"description\":\"M\u00e1s que maquillaje, en UT\u0112 celebramos la autenticidad y el estilo propio. Nuestros productos est\u00e1n elaborados con ingredientes naturales y sin crueldad animal, perfectos para cualquier estilo y ocasi\u00f3n. \u00a1Qui\u00e9rete como eres y cuida del planeta al mismo tiempo!\",\"email\":\"info@utemakeup.com\",\"foundingDate\":\"2024-11-19\",\"actionableFeedbackPolicy\":\"https:\\\/\\\/utemakeup.com\\\/contactanos\\\/\"}]}<\/script>\n<!-- \/ Yoast SEO Premium plugin. -->","yoast_head_json":{"title":"Contactez-nous - UT\u0112 - Espagne","robots":{"index":"index","follow":"follow","max-snippet":"max-snippet:-1","max-image-preview":"max-image-preview:large","max-video-preview":"max-video-preview:-1"},"canonical":"https:\/\/utemakeup.com\/fr\/nous-contacter\/","og_locale":"fr_FR","og_type":"article","og_title":"Cont\u00e1ctanos","og_description":"Si tienes un comentario o quieres distribuir nuestros productos \u00a1queremos conocerte!SitioInicio Tienda Nosotros Cont\u00e1ctanosLegalPol\u00edtica de devoluciones Pol\u00edtica de privacidad Condiciones Aviso legal Pol\u00edtica de cookies &nbsp;S\u00edguenos","og_url":"https:\/\/utemakeup.com\/fr\/nous-contacter\/","og_site_name":"UT\u0112 - Espa\u00f1a","article_modified_time":"2026-04-06T18:55:45+00:00","og_image":[{"width":1920,"height":1080,"url":"https:\/\/utemakeup.com\/wp-content\/uploads\/2024\/11\/WhatsApp-Image-2024-11-28-at-22.32.26.jpeg","type":"image\/jpeg"}],"twitter_card":"summary_large_image","twitter_misc":{"Dur\u00e9e de lecture estim\u00e9e":"1 minute"},"schema":{"@context":"https:\/\/schema.org","@graph":[{"@type":"WebPage","@id":"https:\/\/utemakeup.com\/contactanos\/","url":"https:\/\/utemakeup.com\/contactanos\/","name":"Contactez-nous - UT\u0112 - Espagne","isPartOf":{"@id":"https:\/\/utemakeup.com\/#website"},"datePublished":"2024-08-16T06:32:33+00:00","dateModified":"2026-04-06T18:55:45+00:00","breadcrumb":{"@id":"https:\/\/utemakeup.com\/contactanos\/#breadcrumb"},"inLanguage":"fr-FR","potentialAction":[{"@type":"ReadAction","target":["https:\/\/utemakeup.com\/contactanos\/"]}]},{"@type":"BreadcrumbList","@id":"https:\/\/utemakeup.com\/contactanos\/#breadcrumb","itemListElement":[{"@type":"ListItem","position":1,"name":"Portada","item":"https:\/\/utemakeup.com\/"},{"@type":"ListItem","position":2,"name":"Cont\u00e1ctanos"}]},{"@type":"WebSite","@id":"https:\/\/utemakeup.com\/#website","url":"https:\/\/utemakeup.com\/","name":"UT\u0112 Maquillage","description":"Maquillage naturel, v\u00e9g\u00e9talien et durable","publisher":{"@id":"https:\/\/utemakeup.com\/#organization"},"alternateName":"UT\u0112 Makeup- Productos de maquillaje natural","potentialAction":[{"@type":"SearchAction","target":{"@type":"EntryPoint","urlTemplate":"https:\/\/utemakeup.com\/?s={search_term_string}"},"query-input":{"@type":"PropertyValueSpecification","valueRequired":true,"valueName":"search_term_string"}}],"inLanguage":"fr-FR"},{"@type":"Organization","@id":"https:\/\/utemakeup.com\/#organization","name":"UT\u0112 Maquillage","alternateName":"UT\u0112 Productos de maquillaje vegano-natural-sostenible","url":"https:\/\/utemakeup.com\/","logo":{"@type":"ImageObject","inLanguage":"fr-FR","@id":"https:\/\/utemakeup.com\/#\/schema\/logo\/image\/","url":"https:\/\/utemakeup.com\/wp-content\/uploads\/2025\/03\/UTE-02-1.png","contentUrl":"https:\/\/utemakeup.com\/wp-content\/uploads\/2025\/03\/UTE-02-1.png","width":3612,"height":3831,"caption":"UT\u0112 Makeup"},"image":{"@id":"https:\/\/utemakeup.com\/#\/schema\/logo\/image\/"},"sameAs":["https:\/\/www.instagram.com\/ute_makeup_?igsh=MTlqOWk5bzY0bnFsbw&utm_source=qr"],"description":"Plus que du maquillage, chez UT\u0112 nous c\u00e9l\u00e9brons l'authenticit\u00e9 et le style. Nos produits sont fabriqu\u00e9s \u00e0 partir d'ingr\u00e9dients naturels et sans cruaut\u00e9 envers les animaux, parfaits pour tous les styles et toutes les occasions - aimez-vous et prenez soin de la plan\u00e8te en m\u00eame temps !","email":"info@utemakeup.com","foundingDate":"2024-11-19","actionableFeedbackPolicy":"https:\/\/utemakeup.com\/contactanos\/"}]}},"_links":{"self":[{"href":"https:\/\/utemakeup.com\/fr\/wp-json\/wp\/v2\/pages\/83","targetHints":{"allow":["GET"]}}],"collection":[{"href":"https:\/\/utemakeup.com\/fr\/wp-json\/wp\/v2\/pages"}],"about":[{"href":"https:\/\/utemakeup.com\/fr\/wp-json\/wp\/v2\/types\/page"}],"author":[{"embeddable":true,"href":"https:\/\/utemakeup.com\/fr\/wp-json\/wp\/v2\/users\/1"}],"replies":[{"embeddable":true,"href":"https:\/\/utemakeup.com\/fr\/wp-json\/wp\/v2\/comments?post=83"}],"version-history":[{"count":21,"href":"https:\/\/utemakeup.com\/fr\/wp-json\/wp\/v2\/pages\/83\/revisions"}],"predecessor-version":[{"id":2333,"href":"https:\/\/utemakeup.com\/fr\/wp-json\/wp\/v2\/pages\/83\/revisions\/2333"}],"wp:attachment":[{"href":"https:\/\/utemakeup.com\/fr\/wp-json\/wp\/v2\/media?parent=83"}],"curies":[{"name":"wp","href":"https:\/\/api.w.org\/{rel}","templated":true}]}}