{"id":1653,"date":"2025-08-14T10:41:42","date_gmt":"2025-08-14T10:41:42","guid":{"rendered":"https:\/\/utemakeup.com\/?post_type=product&#038;p=1653"},"modified":"2026-04-06T23:38:38","modified_gmt":"2026-04-06T23:38:38","slug":"rouge-a-levres-mat-vegetalien-kiss-forbidden","status":"publish","type":"product","link":"https:\/\/utemakeup.com\/fr\/producto\/labial-mate-beso-prohibido-vegano\/","title":{"rendered":"Rouge \u00e0 l\u00e8vres v\u00e9gan Beso Prohibido- Tinto"},"content":{"rendered":"<p><span data-sheets-root=\"1\">Rouge \u00e0 l\u00e8vres vegan formul\u00e9 pour offrir une couleur intense avec une finition mate \u00e9l\u00e9gante et confortable. D\u00e9p\u00f4t de pigment riche et uniforme d\u00e8s la premi\u00e8re application, maintenant la d\u00e9finition et la stabilit\u00e9 sans sensation de lourdeur.<\/span><\/p>\n<p>Offre une couverture \u00e9lev\u00e9e et une couleur durable avec une texture cr\u00e9meuse qui se fixe sans dess\u00e9cher. Le r\u00e9sultat est une l\u00e8vre d\u00e9finie, visuellement plus uniforme et avec un effet poli pendant des heures.<\/p>\n<ul>\n<li><span data-sheets-root=\"1\">Haute pigmentation et couvrance totale<\/span><\/li>\n<li><span data-sheets-root=\"1\">Finition mate douce, pas collante<\/span><\/li>\n<li><span data-sheets-root=\"1\">Formule confortable<\/span><\/li>\n<li><span data-sheets-root=\"1\">Longue dur\u00e9e de vie<\/span><\/li>\n<li><span data-sheets-root=\"1\">Il ne s'\u00e9caille pas et ne s'agglom\u00e8re pas<\/span><\/li>\n<li><span data-sheets-root=\"1\">Application uniforme et pr\u00e9cise<\/span><\/li>\n<\/ul>","protected":false},"excerpt":{"rendered":"<p><span data-sheets-root=\"1\"><em>Squalene y aceite de soja:<\/em> ayudan a mantener suavidad y confort.<br \/>\n<em>Vitamina E:<\/em> antioxidante que contribuye a la protecci\u00f3n de la f\u00f3rmula.<br \/>\n<em>Ceras vegetales (candelilla y carnauba):<\/em> aportan estructura, estabilidad y deslizamiento controlado.<br \/>\n<em>Manteca de karit\u00e9 y manteca de cacao:<\/em> contribuyen a la nutrici\u00f3n y flexibilidad del labio.<\/span><\/p>\n<p><span data-sheets-root=\"1\">INCI: Octyldodecanol, Neopentyl Glycol Diheptanoate, Synthetic Wax, Pentaerythrityl Tetraisostearate, Trimethylpentanediol\/Adipic Acid\/Glycerin Crosspolymer, Silica, Microcrystalline Wax (Cera Microcristallina), Euphorbia Cerifera (Candelilla) Wax, Butyrospermum Parkii (Shea) Butter, Cocos Nucifera (Coconut) Oil, Kaolin, Bis-Diglyceryl Polyacyladipate-2, Copernicia Cerifera (Carnauba) Wax, Boron Nitride, Theobroma Cacao (Cocoa) Seed Butter, Polyglyceryl-3 Diisostearate, Methicone, Disteardimonium Hectorite, Propylene Carbonate, Lecithin, Vanillin, Pentaerythrityl Tetra-di-t-butyl Hydroxyhydrocinnamate, [+\/- Mica, Titanium Dioxide (CI 77891), Iron Oxides (CI 77491, CI 77492, CI 77499), Red 6 (CI 15850), Red 7 (CI 15850), Red 28 (CI 45410), Red 30 (CI 73360), Red 33 (CI 17200), Yellow 5 (CI 19140), Blue 1 Lake (CI 42090), Red 6 Lake (CI 15850), Red 7 Lake (CI 15850), Red 28 Lake (CI 45410), Red 30 Lake (CI 73360), Red 33 Lake (CI 17200), Yellow 5 Lake (CI 19140), Yellow 6 Lake (CI 15985)].<\/span><\/p>\n","protected":false},"featured_media":2341,"comment_status":"open","ping_status":"closed","template":"","meta":{"_et_pb_use_builder":"","_et_pb_old_content":"","_et_gb_content_width":""},"product_brand":[38],"product_cat":[17,379],"product_tag":[140,61,109,79,347,342,57,345,346,343,344,64],"class_list":{"0":"post-1653","1":"product","2":"type-product","3":"status-publish","4":"has-post-thumbnail","6":"product_brand-marca-ute-makeup","7":"product_cat-barra-de-labios-hidratante-vegano-y-natural","8":"product_cat-labios","9":"product_tag-acabado-luminoso","10":"product_tag-belleza-consciente","11":"product_tag-brillo-de-labios","12":"product_tag-formula-innovadora","13":"product_tag-labial-mate-vegano-color-vino-labial-vino-oscuro-maquillaje-vegano-ute-pintalabios-mate-elegante-labial-hidratante-vino","14":"product_tag-labial-mate-vegano-labial-tono-neutro-labial-hidratante-mate-maquillaje-natural-vegano-ute-makeup-labial-skin","15":"product_tag-larga-duracion","16":"product_tag-lipstick-vegan","17":"product_tag-naranja-mate","18":"product_tag-pintalabios-mate-neutro-labial-elegante-diario-maquillaje-cruelty-free-labial-mineral-natural-labial-sin-parabenos","19":"product_tag-rouge-de-levres-mat","20":"product_tag-etiqueta-producto-ute-makeup","22":"first","23":"instock","24":"shipping-taxable","25":"purchasable","26":"product-type-simple"},"yoast_head":"<!-- This site is optimized with the Yoast SEO Premium plugin v26.3 (Yoast SEO v27.4) - https:\/\/yoast.com\/product\/yoast-seo-premium-wordpress\/ -->\n<title>Barra de Labios Vegana Beso Prohibido- Tinto<\/title>\n<meta name=\"description\" content=\"Labial mate vegano Beso Prohibido de UT\u0112 Makeup. Tono vino oscuro y elegante, hidratante y duradero, ideal para un look oto\u00f1al sofisticado. Barra de Labios Vegana Beso Prohibido- Tinto\" \/>\n<meta name=\"robots\" content=\"index, follow, max-snippet:-1, max-image-preview:large, max-video-preview:-1\" \/>\n<link rel=\"canonical\" href=\"https:\/\/utemakeup.com\/fr\/produit\/rouge-a-levres-mat-vegetalien-kiss-forbidden\/\" \/>\n<meta property=\"og:locale\" content=\"fr_FR\" \/>\n<meta property=\"og:type\" content=\"article\" \/>\n<meta property=\"og:title\" content=\"Barra de Labios Vegana Beso Prohibido- Tinto\" \/>\n<meta property=\"og:description\" content=\"Labial mate vegano Beso Prohibido de UT\u0112 Makeup. Tono vino oscuro y elegante, hidratante y duradero, ideal para un look oto\u00f1al sofisticado. Barra de Labios Vegana Beso Prohibido- Tinto\" \/>\n<meta property=\"og:url\" content=\"https:\/\/utemakeup.com\/fr\/produit\/rouge-a-levres-mat-vegetalien-kiss-forbidden\/\" \/>\n<meta property=\"og:site_name\" content=\"UT\u0112 - Espa\u00f1a\" \/>\n<meta property=\"article:modified_time\" content=\"2026-04-06T23:38:38+00:00\" \/>\n<meta property=\"og:image\" content=\"https:\/\/utemakeup.com\/wp-content\/uploads\/2025\/08\/Base-maquillaje-tan-natural-que-el-clean-look-jamas-se-vera-como-una-segunda-piel-600-x-400-px-600-x-600-px-1.png\" \/>\n\t<meta property=\"og:image:width\" content=\"600\" \/>\n\t<meta property=\"og:image:height\" content=\"600\" \/>\n\t<meta property=\"og:image:type\" content=\"image\/png\" \/>\n<meta name=\"twitter:card\" content=\"summary_large_image\" \/>\n<meta name=\"twitter:label1\" content=\"Prix\" \/>\n\t<meta name=\"twitter:data1\" content=\"24,00&nbsp;&euro;\" \/>\n\t<meta name=\"twitter:label2\" content=\"Disponibilit\u00e9\" \/>\n\t<meta name=\"twitter:data2\" content=\"En stock\" \/>\n<script type=\"application\/ld+json\" class=\"yoast-schema-graph\">{\"@context\":\"https:\\\/\\\/schema.org\",\"@graph\":[{\"@type\":\"WebPage\",\"@id\":\"https:\\\/\\\/utemakeup.com\\\/producto\\\/labial-mate-beso-prohibido-vegano\\\/\",\"url\":\"https:\\\/\\\/utemakeup.com\\\/producto\\\/labial-mate-beso-prohibido-vegano\\\/\",\"name\":\"Barra de Labios Vegana Beso Prohibido- Tinto\",\"isPartOf\":{\"@id\":\"https:\\\/\\\/utemakeup.com\\\/#website\"},\"primaryImageOfPage\":{\"@id\":\"https:\\\/\\\/utemakeup.com\\\/producto\\\/labial-mate-beso-prohibido-vegano\\\/#primaryimage\"},\"image\":{\"@id\":\"https:\\\/\\\/utemakeup.com\\\/producto\\\/labial-mate-beso-prohibido-vegano\\\/#primaryimage\"},\"thumbnailUrl\":\"https:\\\/\\\/utemakeup.com\\\/wp-content\\\/uploads\\\/2025\\\/08\\\/Base-maquillaje-tan-natural-que-el-clean-look-jamas-se-vera-como-una-segunda-piel-600-x-400-px-600-x-600-px-1.png\",\"datePublished\":\"2025-08-14T10:41:42+00:00\",\"dateModified\":\"2026-04-06T23:38:38+00:00\",\"description\":\"Labial mate vegano Beso Prohibido de UT\u0112 Makeup. Tono vino oscuro y elegante, hidratante y duradero, ideal para un look oto\u00f1al sofisticado. Barra de Labios Vegana Beso Prohibido- Tinto\",\"breadcrumb\":{\"@id\":\"https:\\\/\\\/utemakeup.com\\\/producto\\\/labial-mate-beso-prohibido-vegano\\\/#breadcrumb\"},\"inLanguage\":\"fr-FR\",\"potentialAction\":[{\"@type\":\"ReadAction\",\"target\":[\"https:\\\/\\\/utemakeup.com\\\/producto\\\/labial-mate-beso-prohibido-vegano\\\/\"]}]},{\"@type\":\"ImageObject\",\"inLanguage\":\"fr-FR\",\"@id\":\"https:\\\/\\\/utemakeup.com\\\/producto\\\/labial-mate-beso-prohibido-vegano\\\/#primaryimage\",\"url\":\"https:\\\/\\\/utemakeup.com\\\/wp-content\\\/uploads\\\/2025\\\/08\\\/Base-maquillaje-tan-natural-que-el-clean-look-jamas-se-vera-como-una-segunda-piel-600-x-400-px-600-x-600-px-1.png\",\"contentUrl\":\"https:\\\/\\\/utemakeup.com\\\/wp-content\\\/uploads\\\/2025\\\/08\\\/Base-maquillaje-tan-natural-que-el-clean-look-jamas-se-vera-como-una-segunda-piel-600-x-400-px-600-x-600-px-1.png\",\"width\":600,\"height\":600},{\"@type\":\"BreadcrumbList\",\"@id\":\"https:\\\/\\\/utemakeup.com\\\/producto\\\/labial-mate-beso-prohibido-vegano\\\/#breadcrumb\",\"itemListElement\":[{\"@type\":\"ListItem\",\"position\":1,\"name\":\"Portada\",\"item\":\"https:\\\/\\\/utemakeup.com\\\/\"},{\"@type\":\"ListItem\",\"position\":2,\"name\":\"Tienda\",\"item\":\"https:\\\/\\\/utemakeup.com\\\/tienda\\\/\"},{\"@type\":\"ListItem\",\"position\":3,\"name\":\"Barra de Labios Vegana Beso Prohibido- Tinto\"}]},{\"@type\":\"WebSite\",\"@id\":\"https:\\\/\\\/utemakeup.com\\\/#website\",\"url\":\"https:\\\/\\\/utemakeup.com\\\/\",\"name\":\"UT\u0112 Makeup\",\"description\":\"Maquillaje Natural- vegano-sostenible\",\"publisher\":{\"@id\":\"https:\\\/\\\/utemakeup.com\\\/#organization\"},\"alternateName\":\"UT\u0112 Makeup- Productos de maquillaje natural\",\"potentialAction\":[{\"@type\":\"SearchAction\",\"target\":{\"@type\":\"EntryPoint\",\"urlTemplate\":\"https:\\\/\\\/utemakeup.com\\\/?s={search_term_string}\"},\"query-input\":{\"@type\":\"PropertyValueSpecification\",\"valueRequired\":true,\"valueName\":\"search_term_string\"}}],\"inLanguage\":\"fr-FR\"},{\"@type\":\"Organization\",\"@id\":\"https:\\\/\\\/utemakeup.com\\\/#organization\",\"name\":\"UT\u0112 Makeup\",\"alternateName\":\"UT\u0112 Productos de maquillaje vegano-natural-sostenible\",\"url\":\"https:\\\/\\\/utemakeup.com\\\/\",\"logo\":{\"@type\":\"ImageObject\",\"inLanguage\":\"fr-FR\",\"@id\":\"https:\\\/\\\/utemakeup.com\\\/#\\\/schema\\\/logo\\\/image\\\/\",\"url\":\"https:\\\/\\\/utemakeup.com\\\/wp-content\\\/uploads\\\/2025\\\/03\\\/UTE-02-1.png\",\"contentUrl\":\"https:\\\/\\\/utemakeup.com\\\/wp-content\\\/uploads\\\/2025\\\/03\\\/UTE-02-1.png\",\"width\":3612,\"height\":3831,\"caption\":\"UT\u0112 Makeup\"},\"image\":{\"@id\":\"https:\\\/\\\/utemakeup.com\\\/#\\\/schema\\\/logo\\\/image\\\/\"},\"sameAs\":[\"https:\\\/\\\/www.instagram.com\\\/ute_makeup_?igsh=MTlqOWk5bzY0bnFsbw&utm_source=qr\"],\"description\":\"M\u00e1s que maquillaje, en UT\u0112 celebramos la autenticidad y el estilo propio. Nuestros productos est\u00e1n elaborados con ingredientes naturales y sin crueldad animal, perfectos para cualquier estilo y ocasi\u00f3n. \u00a1Qui\u00e9rete como eres y cuida del planeta al mismo tiempo!\",\"email\":\"info@utemakeup.com\",\"foundingDate\":\"2024-11-19\",\"actionableFeedbackPolicy\":\"https:\\\/\\\/utemakeup.com\\\/contactanos\\\/\"}]}<\/script>\n<meta property=\"product:price:amount\" content=\"24.00\" \/>\n<meta property=\"product:price:currency\" content=\"EUR\" \/>\n<meta property=\"og:availability\" content=\"instock\" \/>\n<meta property=\"product:availability\" content=\"instock\" \/>\n<meta property=\"product:retailer_item_id\" content=\"Y006\" \/>\n<meta property=\"product:condition\" content=\"new\" \/>\n<!-- \/ Yoast SEO Premium plugin. -->","yoast_head_json":{"title":"Rouge \u00e0 l\u00e8vres v\u00e9gan Beso Prohibido- Tinto","description":"Rouge \u00e0 l\u00e8vres mat vegan Beso Prohibido de UT\u0112 Makeup. Teinte bordeaux sombre et \u00e9l\u00e9gante, hydratant et longue tenue, id\u00e9al pour un look d'automne sophistiqu\u00e9. Rouge \u00e0 l\u00e8vres vegan Beso Prohibido - Tinto","robots":{"index":"index","follow":"follow","max-snippet":"max-snippet:-1","max-image-preview":"max-image-preview:large","max-video-preview":"max-video-preview:-1"},"canonical":"https:\/\/utemakeup.com\/fr\/produit\/rouge-a-levres-mat-vegetalien-kiss-forbidden\/","og_locale":"fr_FR","og_type":"article","og_title":"Barra de Labios Vegana Beso Prohibido- Tinto","og_description":"Labial mate vegano Beso Prohibido de UT\u0112 Makeup. Tono vino oscuro y elegante, hidratante y duradero, ideal para un look oto\u00f1al sofisticado. Barra de Labios Vegana Beso Prohibido- Tinto","og_url":"https:\/\/utemakeup.com\/fr\/produit\/rouge-a-levres-mat-vegetalien-kiss-forbidden\/","og_site_name":"UT\u0112 - Espa\u00f1a","article_modified_time":"2026-04-06T23:38:38+00:00","og_image":[{"width":600,"height":600,"url":"https:\/\/utemakeup.com\/wp-content\/uploads\/2025\/08\/Base-maquillaje-tan-natural-que-el-clean-look-jamas-se-vera-como-una-segunda-piel-600-x-400-px-600-x-600-px-1.png","type":"image\/png"}],"twitter_card":"summary_large_image","twitter_misc":{"Prix":"24,00&nbsp;&euro;","Disponibilit\u00e9":"En stock"},"schema":{"@context":"https:\/\/schema.org","@graph":[{"@type":"WebPage","@id":"https:\/\/utemakeup.com\/producto\/labial-mate-beso-prohibido-vegano\/","url":"https:\/\/utemakeup.com\/producto\/labial-mate-beso-prohibido-vegano\/","name":"Rouge \u00e0 l\u00e8vres v\u00e9gan Beso Prohibido- Tinto","isPartOf":{"@id":"https:\/\/utemakeup.com\/#website"},"primaryImageOfPage":{"@id":"https:\/\/utemakeup.com\/producto\/labial-mate-beso-prohibido-vegano\/#primaryimage"},"image":{"@id":"https:\/\/utemakeup.com\/producto\/labial-mate-beso-prohibido-vegano\/#primaryimage"},"thumbnailUrl":"https:\/\/utemakeup.com\/wp-content\/uploads\/2025\/08\/Base-maquillaje-tan-natural-que-el-clean-look-jamas-se-vera-como-una-segunda-piel-600-x-400-px-600-x-600-px-1.png","datePublished":"2025-08-14T10:41:42+00:00","dateModified":"2026-04-06T23:38:38+00:00","description":"Rouge \u00e0 l\u00e8vres mat vegan Beso Prohibido de UT\u0112 Makeup. Teinte bordeaux sombre et \u00e9l\u00e9gante, hydratant et longue tenue, id\u00e9al pour un look d'automne sophistiqu\u00e9. Rouge \u00e0 l\u00e8vres vegan Beso Prohibido - Tinto","breadcrumb":{"@id":"https:\/\/utemakeup.com\/producto\/labial-mate-beso-prohibido-vegano\/#breadcrumb"},"inLanguage":"fr-FR","potentialAction":[{"@type":"ReadAction","target":["https:\/\/utemakeup.com\/producto\/labial-mate-beso-prohibido-vegano\/"]}]},{"@type":"ImageObject","inLanguage":"fr-FR","@id":"https:\/\/utemakeup.com\/producto\/labial-mate-beso-prohibido-vegano\/#primaryimage","url":"https:\/\/utemakeup.com\/wp-content\/uploads\/2025\/08\/Base-maquillaje-tan-natural-que-el-clean-look-jamas-se-vera-como-una-segunda-piel-600-x-400-px-600-x-600-px-1.png","contentUrl":"https:\/\/utemakeup.com\/wp-content\/uploads\/2025\/08\/Base-maquillaje-tan-natural-que-el-clean-look-jamas-se-vera-como-una-segunda-piel-600-x-400-px-600-x-600-px-1.png","width":600,"height":600},{"@type":"BreadcrumbList","@id":"https:\/\/utemakeup.com\/producto\/labial-mate-beso-prohibido-vegano\/#breadcrumb","itemListElement":[{"@type":"ListItem","position":1,"name":"Portada","item":"https:\/\/utemakeup.com\/"},{"@type":"ListItem","position":2,"name":"Tienda","item":"https:\/\/utemakeup.com\/tienda\/"},{"@type":"ListItem","position":3,"name":"Barra de Labios Vegana Beso Prohibido- Tinto"}]},{"@type":"WebSite","@id":"https:\/\/utemakeup.com\/#website","url":"https:\/\/utemakeup.com\/","name":"UT\u0112 Maquillage","description":"Maquillage naturel, v\u00e9g\u00e9talien et durable","publisher":{"@id":"https:\/\/utemakeup.com\/#organization"},"alternateName":"UT\u0112 Makeup- Productos de maquillaje natural","potentialAction":[{"@type":"SearchAction","target":{"@type":"EntryPoint","urlTemplate":"https:\/\/utemakeup.com\/?s={search_term_string}"},"query-input":{"@type":"PropertyValueSpecification","valueRequired":true,"valueName":"search_term_string"}}],"inLanguage":"fr-FR"},{"@type":"Organization","@id":"https:\/\/utemakeup.com\/#organization","name":"UT\u0112 Maquillage","alternateName":"UT\u0112 Productos de maquillaje vegano-natural-sostenible","url":"https:\/\/utemakeup.com\/","logo":{"@type":"ImageObject","inLanguage":"fr-FR","@id":"https:\/\/utemakeup.com\/#\/schema\/logo\/image\/","url":"https:\/\/utemakeup.com\/wp-content\/uploads\/2025\/03\/UTE-02-1.png","contentUrl":"https:\/\/utemakeup.com\/wp-content\/uploads\/2025\/03\/UTE-02-1.png","width":3612,"height":3831,"caption":"UT\u0112 Makeup"},"image":{"@id":"https:\/\/utemakeup.com\/#\/schema\/logo\/image\/"},"sameAs":["https:\/\/www.instagram.com\/ute_makeup_?igsh=MTlqOWk5bzY0bnFsbw&utm_source=qr"],"description":"Plus que du maquillage, chez UT\u0112 nous c\u00e9l\u00e9brons l'authenticit\u00e9 et le style. Nos produits sont fabriqu\u00e9s \u00e0 partir d'ingr\u00e9dients naturels et sans cruaut\u00e9 envers les animaux, parfaits pour tous les styles et toutes les occasions - aimez-vous et prenez soin de la plan\u00e8te en m\u00eame temps !","email":"info@utemakeup.com","foundingDate":"2024-11-19","actionableFeedbackPolicy":"https:\/\/utemakeup.com\/contactanos\/"}]},"product_price_amount":"24.00","product_price_currency":"EUR","og_availability":"instock","product_availability":"instock","product_retailer_item_id":"Y006","product_condition":"new"},"_links":{"self":[{"href":"https:\/\/utemakeup.com\/fr\/wp-json\/wp\/v2\/product\/1653","targetHints":{"allow":["GET"]}}],"collection":[{"href":"https:\/\/utemakeup.com\/fr\/wp-json\/wp\/v2\/product"}],"about":[{"href":"https:\/\/utemakeup.com\/fr\/wp-json\/wp\/v2\/types\/product"}],"replies":[{"embeddable":true,"href":"https:\/\/utemakeup.com\/fr\/wp-json\/wp\/v2\/comments?post=1653"}],"wp:featuredmedia":[{"embeddable":true,"href":"https:\/\/utemakeup.com\/fr\/wp-json\/wp\/v2\/media\/2341"}],"wp:attachment":[{"href":"https:\/\/utemakeup.com\/fr\/wp-json\/wp\/v2\/media?parent=1653"}],"wp:term":[{"taxonomy":"product_brand","embeddable":true,"href":"https:\/\/utemakeup.com\/fr\/wp-json\/wp\/v2\/product_brand?post=1653"},{"taxonomy":"product_cat","embeddable":true,"href":"https:\/\/utemakeup.com\/fr\/wp-json\/wp\/v2\/product_cat?post=1653"},{"taxonomy":"product_tag","embeddable":true,"href":"https:\/\/utemakeup.com\/fr\/wp-json\/wp\/v2\/product_tag?post=1653"}],"curies":[{"name":"wp","href":"https:\/\/api.w.org\/{rel}","templated":true}]}}