{"id":1786,"date":"2025-12-11T21:05:06","date_gmt":"2025-12-11T21:05:06","guid":{"rendered":"https:\/\/utemakeup.com\/?post_type=product&#038;p=1786"},"modified":"2026-04-06T22:46:02","modified_gmt":"2026-04-06T22:46:02","slug":"cire-de-coiffage-pour-les-sourcils","status":"publish","type":"product","link":"https:\/\/utemakeup.com\/fr\/producto\/brow-styling-wax\/","title":{"rendered":"Cire de coiffage des sourcils"},"content":{"rendered":"<p>Le savon coiffant pour sourcils est le produit qui transforme les sourcils avec subtilit\u00e9 et d\u00e9finition. Il peigne, ordonne et rehausse chaque poil pour un look plus net et plus structur\u00e9, avec un fini naturel. Sa texture l\u00e9g\u00e8re se fond dans les sourcils sans laisser de r\u00e9sidu blanc ni de sensation collante.<\/p>\n<p>Il offre contr\u00f4le et direction, vous permettant de cr\u00e9er un sourcil plus haut ou simplement plus poli, selon le style que vous pr\u00e9f\u00e9rez. Parfait pour un usage quotidien, pour un maquillage plus \u00e9labor\u00e9 ou pour les moments o\u00f9 vous souhaitez donner plus de pr\u00e9sence \u00e0 votre expression.<\/p>\n<p>\u2713 Vegan<\/p>\n<p>\u2713 Sans cruaut\u00e9<\/p>\n<p>Fixation souple et flexible<\/p>\n<p>\u2713 Transparent, ne laisse aucun r\u00e9sidu<\/p>\n<p>\u2713 Am\u00e9liore la forme naturelle des sourcils<\/p>\n<p>INGR\u00c9DIENTS (INCI) : Aqua, Glycerin, Sorbitol, Sucrose, Stearic Acid, Sodium Stearate, Cetearyl Alcohol, Propanediol, Copernicia Cerifera (Carnauba) Wax, Tocopherol, Phenoxyethanol, Ethylhexylglycerin, Parfum.<\/p>\n<p>ALLERG\u00c8NES (si le parfum en contient) : Limonene, Linalool, Citronellol, Geraniol<\/p>\n<p>&nbsp;<\/p>","protected":false},"excerpt":{"rendered":"<p>Brow Styling Soap es ese producto que transforma la ceja con sutileza y definici\u00f3n. Peina, ordena y realza cada vello para que tu mirada se vea m\u00e1s limpia, estructurada y con un acabado natural. Su textura ligera se funde con la ceja sin dejar residuos blancos y sin sensaci\u00f3n pegajosa. Aporta control y direcci\u00f3n, permiti\u00e9ndote [&hellip;]<\/p>\n","protected":false},"featured_media":2337,"comment_status":"open","ping_status":"closed","template":"","meta":{"_et_pb_use_builder":"","_et_pb_old_content":"","_et_gb_content_width":""},"product_brand":[50,38],"product_cat":[380,16],"product_tag":[352,350,351],"class_list":{"0":"post-1786","1":"product","2":"type-product","3":"status-publish","4":"has-post-thumbnail","6":"product_brand-ute-fusion-botanica","7":"product_brand-marca-ute-makeup","8":"product_cat-ojos","9":"product_cat-novedades-maquillaje","10":"product_tag-cejas","11":"product_tag-cera-para-cejas","12":"product_tag-peinado-de-cejas","14":"first","15":"instock","16":"shipping-taxable","17":"purchasable","18":"product-type-simple"},"yoast_head":"<!-- This site is optimized with the Yoast SEO Premium plugin v26.3 (Yoast SEO v27.4) - https:\/\/yoast.com\/product\/yoast-seo-premium-wordpress\/ -->\n<title>Brow Styling Wax | Cera fijadora de cejas vegana UT\u0112<\/title>\n<meta name=\"description\" content=\"Fijador de Cejas Vegano - Transparente peina, define y ordena las cejas con una textura ligera y flexible. Vegana, cruelty-free y transparente, realza la forma natural sin dejar residuos. Descubre una ceja m\u00e1s pulida y expresiva.\" \/>\n<meta name=\"robots\" content=\"index, follow, max-snippet:-1, max-image-preview:large, max-video-preview:-1\" \/>\n<link rel=\"canonical\" href=\"https:\/\/utemakeup.com\/fr\/produit\/cire-de-coiffage-pour-les-sourcils\/\" \/>\n<meta property=\"og:locale\" content=\"fr_FR\" \/>\n<meta property=\"og:type\" content=\"article\" \/>\n<meta property=\"og:title\" content=\"Brow Styling Wax\" \/>\n<meta property=\"og:description\" content=\"Fijador de Cejas Vegano - Transparente peina, define y ordena las cejas con una textura ligera y flexible. Vegana, cruelty-free y transparente, realza la forma natural sin dejar residuos. Descubre una ceja m\u00e1s pulida y expresiva.\" \/>\n<meta property=\"og:url\" content=\"https:\/\/utemakeup.com\/fr\/produit\/cire-de-coiffage-pour-les-sourcils\/\" \/>\n<meta property=\"og:site_name\" content=\"UT\u0112 - Espa\u00f1a\" \/>\n<meta property=\"article:modified_time\" content=\"2026-04-06T22:46:02+00:00\" \/>\n<meta property=\"og:image\" content=\"https:\/\/utemakeup.com\/wp-content\/uploads\/2025\/12\/IMG_0137-1024x1024.png\" \/>\n\t<meta property=\"og:image:width\" content=\"1024\" \/>\n\t<meta property=\"og:image:height\" content=\"1024\" \/>\n\t<meta property=\"og:image:type\" content=\"image\/png\" \/>\n<meta name=\"twitter:card\" content=\"summary_large_image\" \/>\n<meta name=\"twitter:label1\" content=\"Prix\" \/>\n\t<meta name=\"twitter:data1\" content=\"21,00&nbsp;&euro;\" \/>\n\t<meta name=\"twitter:label2\" content=\"Disponibilit\u00e9\" \/>\n\t<meta name=\"twitter:data2\" content=\"En stock\" \/>\n<script type=\"application\/ld+json\" class=\"yoast-schema-graph\">{\"@context\":\"https:\\\/\\\/schema.org\",\"@graph\":[{\"@type\":\"WebPage\",\"@id\":\"https:\\\/\\\/utemakeup.com\\\/producto\\\/brow-styling-wax\\\/\",\"url\":\"https:\\\/\\\/utemakeup.com\\\/producto\\\/brow-styling-wax\\\/\",\"name\":\"Brow Styling Wax | Cera fijadora de cejas vegana UT\u0112\",\"isPartOf\":{\"@id\":\"https:\\\/\\\/utemakeup.com\\\/#website\"},\"primaryImageOfPage\":{\"@id\":\"https:\\\/\\\/utemakeup.com\\\/producto\\\/brow-styling-wax\\\/#primaryimage\"},\"image\":{\"@id\":\"https:\\\/\\\/utemakeup.com\\\/producto\\\/brow-styling-wax\\\/#primaryimage\"},\"thumbnailUrl\":\"https:\\\/\\\/utemakeup.com\\\/wp-content\\\/uploads\\\/2025\\\/12\\\/f3e659fd-d7a8-418e-86f5-9e8a246c09ce.png\",\"datePublished\":\"2025-12-11T21:05:06+00:00\",\"dateModified\":\"2026-04-06T22:46:02+00:00\",\"description\":\"Fijador de Cejas Vegano - Transparente peina, define y ordena las cejas con una textura ligera y flexible. Vegana, cruelty-free y transparente, realza la forma natural sin dejar residuos. Descubre una ceja m\u00e1s pulida y expresiva.\",\"breadcrumb\":{\"@id\":\"https:\\\/\\\/utemakeup.com\\\/producto\\\/brow-styling-wax\\\/#breadcrumb\"},\"inLanguage\":\"fr-FR\",\"potentialAction\":[{\"@type\":\"ReadAction\",\"target\":[\"https:\\\/\\\/utemakeup.com\\\/producto\\\/brow-styling-wax\\\/\"]}]},{\"@type\":\"ImageObject\",\"inLanguage\":\"fr-FR\",\"@id\":\"https:\\\/\\\/utemakeup.com\\\/producto\\\/brow-styling-wax\\\/#primaryimage\",\"url\":\"https:\\\/\\\/utemakeup.com\\\/wp-content\\\/uploads\\\/2025\\\/12\\\/f3e659fd-d7a8-418e-86f5-9e8a246c09ce.png\",\"contentUrl\":\"https:\\\/\\\/utemakeup.com\\\/wp-content\\\/uploads\\\/2025\\\/12\\\/f3e659fd-d7a8-418e-86f5-9e8a246c09ce.png\",\"width\":1024,\"height\":1536},{\"@type\":\"BreadcrumbList\",\"@id\":\"https:\\\/\\\/utemakeup.com\\\/producto\\\/brow-styling-wax\\\/#breadcrumb\",\"itemListElement\":[{\"@type\":\"ListItem\",\"position\":1,\"name\":\"Portada\",\"item\":\"https:\\\/\\\/utemakeup.com\\\/\"},{\"@type\":\"ListItem\",\"position\":2,\"name\":\"Tienda\",\"item\":\"https:\\\/\\\/utemakeup.com\\\/tienda\\\/\"},{\"@type\":\"ListItem\",\"position\":3,\"name\":\"Brow Styling Wax\"}]},{\"@type\":\"WebSite\",\"@id\":\"https:\\\/\\\/utemakeup.com\\\/#website\",\"url\":\"https:\\\/\\\/utemakeup.com\\\/\",\"name\":\"UT\u0112 Makeup\",\"description\":\"Maquillaje Natural- vegano-sostenible\",\"publisher\":{\"@id\":\"https:\\\/\\\/utemakeup.com\\\/#organization\"},\"alternateName\":\"UT\u0112 Makeup- Productos de maquillaje natural\",\"potentialAction\":[{\"@type\":\"SearchAction\",\"target\":{\"@type\":\"EntryPoint\",\"urlTemplate\":\"https:\\\/\\\/utemakeup.com\\\/?s={search_term_string}\"},\"query-input\":{\"@type\":\"PropertyValueSpecification\",\"valueRequired\":true,\"valueName\":\"search_term_string\"}}],\"inLanguage\":\"fr-FR\"},{\"@type\":\"Organization\",\"@id\":\"https:\\\/\\\/utemakeup.com\\\/#organization\",\"name\":\"UT\u0112 Makeup\",\"alternateName\":\"UT\u0112 Productos de maquillaje vegano-natural-sostenible\",\"url\":\"https:\\\/\\\/utemakeup.com\\\/\",\"logo\":{\"@type\":\"ImageObject\",\"inLanguage\":\"fr-FR\",\"@id\":\"https:\\\/\\\/utemakeup.com\\\/#\\\/schema\\\/logo\\\/image\\\/\",\"url\":\"https:\\\/\\\/utemakeup.com\\\/wp-content\\\/uploads\\\/2025\\\/03\\\/UTE-02-1.png\",\"contentUrl\":\"https:\\\/\\\/utemakeup.com\\\/wp-content\\\/uploads\\\/2025\\\/03\\\/UTE-02-1.png\",\"width\":3612,\"height\":3831,\"caption\":\"UT\u0112 Makeup\"},\"image\":{\"@id\":\"https:\\\/\\\/utemakeup.com\\\/#\\\/schema\\\/logo\\\/image\\\/\"},\"sameAs\":[\"https:\\\/\\\/www.instagram.com\\\/ute_makeup_?igsh=MTlqOWk5bzY0bnFsbw&utm_source=qr\"],\"description\":\"M\u00e1s que maquillaje, en UT\u0112 celebramos la autenticidad y el estilo propio. Nuestros productos est\u00e1n elaborados con ingredientes naturales y sin crueldad animal, perfectos para cualquier estilo y ocasi\u00f3n. \u00a1Qui\u00e9rete como eres y cuida del planeta al mismo tiempo!\",\"email\":\"info@utemakeup.com\",\"foundingDate\":\"2024-11-19\",\"actionableFeedbackPolicy\":\"https:\\\/\\\/utemakeup.com\\\/contactanos\\\/\"}]}<\/script>\n<meta property=\"product:price:amount\" content=\"21.00\" \/>\n<meta property=\"product:price:currency\" content=\"EUR\" \/>\n<meta property=\"og:availability\" content=\"instock\" \/>\n<meta property=\"product:availability\" content=\"instock\" \/>\n<meta property=\"product:condition\" content=\"new\" \/>\n<!-- \/ Yoast SEO Premium plugin. -->","yoast_head_json":{"title":"Cire \u00e0 sourcils - Cire \u00e0 sourcils v\u00e9g\u00e9talienne UT\u0112","description":"Fixateur de sourcils v\u00e9g\u00e9talien - Transparent peigne, d\u00e9finit et fixe les sourcils avec une texture l\u00e9g\u00e8re et flexible. V\u00e9g\u00e9talien, cruelty-free et transparent, il accentue la forme naturelle sans laisser de r\u00e9sidus. D\u00e9couvrez un sourcil plus soign\u00e9 et expressif.","robots":{"index":"index","follow":"follow","max-snippet":"max-snippet:-1","max-image-preview":"max-image-preview:large","max-video-preview":"max-video-preview:-1"},"canonical":"https:\/\/utemakeup.com\/fr\/produit\/cire-de-coiffage-pour-les-sourcils\/","og_locale":"fr_FR","og_type":"article","og_title":"Brow Styling Wax","og_description":"Fijador de Cejas Vegano - Transparente peina, define y ordena las cejas con una textura ligera y flexible. Vegana, cruelty-free y transparente, realza la forma natural sin dejar residuos. Descubre una ceja m\u00e1s pulida y expresiva.","og_url":"https:\/\/utemakeup.com\/fr\/produit\/cire-de-coiffage-pour-les-sourcils\/","og_site_name":"UT\u0112 - Espa\u00f1a","article_modified_time":"2026-04-06T22:46:02+00:00","og_image":[{"width":1024,"height":1024,"url":"https:\/\/utemakeup.com\/wp-content\/uploads\/2025\/12\/IMG_0137-1024x1024.png","type":"image\/png"}],"twitter_card":"summary_large_image","twitter_misc":{"Prix":"21,00&nbsp;&euro;","Disponibilit\u00e9":"En stock"},"schema":{"@context":"https:\/\/schema.org","@graph":[{"@type":"WebPage","@id":"https:\/\/utemakeup.com\/producto\/brow-styling-wax\/","url":"https:\/\/utemakeup.com\/producto\/brow-styling-wax\/","name":"Cire \u00e0 sourcils - Cire \u00e0 sourcils v\u00e9g\u00e9talienne UT\u0112","isPartOf":{"@id":"https:\/\/utemakeup.com\/#website"},"primaryImageOfPage":{"@id":"https:\/\/utemakeup.com\/producto\/brow-styling-wax\/#primaryimage"},"image":{"@id":"https:\/\/utemakeup.com\/producto\/brow-styling-wax\/#primaryimage"},"thumbnailUrl":"https:\/\/utemakeup.com\/wp-content\/uploads\/2025\/12\/f3e659fd-d7a8-418e-86f5-9e8a246c09ce.png","datePublished":"2025-12-11T21:05:06+00:00","dateModified":"2026-04-06T22:46:02+00:00","description":"Fixateur de sourcils v\u00e9g\u00e9talien - Transparent peigne, d\u00e9finit et fixe les sourcils avec une texture l\u00e9g\u00e8re et flexible. V\u00e9g\u00e9talien, cruelty-free et transparent, il accentue la forme naturelle sans laisser de r\u00e9sidus. D\u00e9couvrez un sourcil plus soign\u00e9 et expressif.","breadcrumb":{"@id":"https:\/\/utemakeup.com\/producto\/brow-styling-wax\/#breadcrumb"},"inLanguage":"fr-FR","potentialAction":[{"@type":"ReadAction","target":["https:\/\/utemakeup.com\/producto\/brow-styling-wax\/"]}]},{"@type":"ImageObject","inLanguage":"fr-FR","@id":"https:\/\/utemakeup.com\/producto\/brow-styling-wax\/#primaryimage","url":"https:\/\/utemakeup.com\/wp-content\/uploads\/2025\/12\/f3e659fd-d7a8-418e-86f5-9e8a246c09ce.png","contentUrl":"https:\/\/utemakeup.com\/wp-content\/uploads\/2025\/12\/f3e659fd-d7a8-418e-86f5-9e8a246c09ce.png","width":1024,"height":1536},{"@type":"BreadcrumbList","@id":"https:\/\/utemakeup.com\/producto\/brow-styling-wax\/#breadcrumb","itemListElement":[{"@type":"ListItem","position":1,"name":"Portada","item":"https:\/\/utemakeup.com\/"},{"@type":"ListItem","position":2,"name":"Tienda","item":"https:\/\/utemakeup.com\/tienda\/"},{"@type":"ListItem","position":3,"name":"Brow Styling Wax"}]},{"@type":"WebSite","@id":"https:\/\/utemakeup.com\/#website","url":"https:\/\/utemakeup.com\/","name":"UT\u0112 Maquillage","description":"Maquillage naturel, v\u00e9g\u00e9talien et durable","publisher":{"@id":"https:\/\/utemakeup.com\/#organization"},"alternateName":"UT\u0112 Makeup- Productos de maquillaje natural","potentialAction":[{"@type":"SearchAction","target":{"@type":"EntryPoint","urlTemplate":"https:\/\/utemakeup.com\/?s={search_term_string}"},"query-input":{"@type":"PropertyValueSpecification","valueRequired":true,"valueName":"search_term_string"}}],"inLanguage":"fr-FR"},{"@type":"Organization","@id":"https:\/\/utemakeup.com\/#organization","name":"UT\u0112 Maquillage","alternateName":"UT\u0112 Productos de maquillaje vegano-natural-sostenible","url":"https:\/\/utemakeup.com\/","logo":{"@type":"ImageObject","inLanguage":"fr-FR","@id":"https:\/\/utemakeup.com\/#\/schema\/logo\/image\/","url":"https:\/\/utemakeup.com\/wp-content\/uploads\/2025\/03\/UTE-02-1.png","contentUrl":"https:\/\/utemakeup.com\/wp-content\/uploads\/2025\/03\/UTE-02-1.png","width":3612,"height":3831,"caption":"UT\u0112 Makeup"},"image":{"@id":"https:\/\/utemakeup.com\/#\/schema\/logo\/image\/"},"sameAs":["https:\/\/www.instagram.com\/ute_makeup_?igsh=MTlqOWk5bzY0bnFsbw&utm_source=qr"],"description":"Plus que du maquillage, chez UT\u0112 nous c\u00e9l\u00e9brons l'authenticit\u00e9 et le style. Nos produits sont fabriqu\u00e9s \u00e0 partir d'ingr\u00e9dients naturels et sans cruaut\u00e9 envers les animaux, parfaits pour tous les styles et toutes les occasions - aimez-vous et prenez soin de la plan\u00e8te en m\u00eame temps !","email":"info@utemakeup.com","foundingDate":"2024-11-19","actionableFeedbackPolicy":"https:\/\/utemakeup.com\/contactanos\/"}]},"product_price_amount":"21.00","product_price_currency":"EUR","og_availability":"instock","product_availability":"instock","product_condition":"new"},"_links":{"self":[{"href":"https:\/\/utemakeup.com\/fr\/wp-json\/wp\/v2\/product\/1786","targetHints":{"allow":["GET"]}}],"collection":[{"href":"https:\/\/utemakeup.com\/fr\/wp-json\/wp\/v2\/product"}],"about":[{"href":"https:\/\/utemakeup.com\/fr\/wp-json\/wp\/v2\/types\/product"}],"replies":[{"embeddable":true,"href":"https:\/\/utemakeup.com\/fr\/wp-json\/wp\/v2\/comments?post=1786"}],"wp:featuredmedia":[{"embeddable":true,"href":"https:\/\/utemakeup.com\/fr\/wp-json\/wp\/v2\/media\/2337"}],"wp:attachment":[{"href":"https:\/\/utemakeup.com\/fr\/wp-json\/wp\/v2\/media?parent=1786"}],"wp:term":[{"taxonomy":"product_brand","embeddable":true,"href":"https:\/\/utemakeup.com\/fr\/wp-json\/wp\/v2\/product_brand?post=1786"},{"taxonomy":"product_cat","embeddable":true,"href":"https:\/\/utemakeup.com\/fr\/wp-json\/wp\/v2\/product_cat?post=1786"},{"taxonomy":"product_tag","embeddable":true,"href":"https:\/\/utemakeup.com\/fr\/wp-json\/wp\/v2\/product_tag?post=1786"}],"curies":[{"name":"wp","href":"https:\/\/api.w.org\/{rel}","templated":true}]}}