{"id":1852,"date":"2026-01-22T23:05:12","date_gmt":"2026-01-22T23:05:12","guid":{"rendered":"https:\/\/utemakeup.com\/?post_type=product&#038;p=1852"},"modified":"2026-04-06T19:30:44","modified_gmt":"2026-04-06T19:30:44","slug":"paleta-de-sombras-vegana-las-sombras-de-ute-cromatica","status":"publish","type":"product","link":"https:\/\/utemakeup.com\/fr\/producto\/paleta-vegana-de-sombras-las-sombras-de-ute-cromatica\/","title":{"rendered":"Palette d"},"content":{"rendered":"<p>Une palette polyvalente avec une gamme soigneusement s\u00e9lectionn\u00e9e de roses, de neutres, de gris et de teintes profondes qui vous permet de cr\u00e9er de multiples looks, du maquillage naturel aux propositions plus intenses et sophistiqu\u00e9es.<\/p>\n<p>La palette d'ombres \u00e0 paupi\u00e8res UT\u0112 vegan combine des finitions mates, satin\u00e9es et scintillantes avec une texture douce, facile \u00e0 estomper et modulable pour un r\u00e9sultat \u00e9quilibr\u00e9 et \u00e9l\u00e9gant.<\/p>\n<p>Caract\u00e9ristiques<\/p>\n<p>- V\u00e9g\u00e9talien<\/p>\n<p>- Sans cruaut\u00e9<\/p>\n<p>- Couleurs vari\u00e9es et combinables<\/p>\n<p>- Finitions mates, satin\u00e9es et brillantes<\/p>\n<p>- Texture uniforme et confortable<\/p>\n<p>- Un emballage fonctionnel et \u00e9l\u00e9gant<\/p>\n<p>Id\u00e9al pour :<\/p>\n<p>- Utilisation quotidienne et occasions sp\u00e9ciales<\/p>\n<p>- Un look naturel ou plus d\u00e9fini<\/p>\n<p>- Tous types de peau et tons des yeux<\/p>\n<p>&nbsp;<\/p>","protected":false},"excerpt":{"rendered":"<p>Une palette polyvalente avec une gamme soigneusement s\u00e9lectionn\u00e9e de roses, de neutres, de gris et de teintes profondes qui vous permet de cr\u00e9er de multiples looks, du maquillage naturel aux propositions plus intenses et sophistiqu\u00e9es.<\/p>\n<p>La palette d'ombres \u00e0 paupi\u00e8res UT\u0112 vegan combine des finitions mates, satin\u00e9es et scintillantes avec une texture douce, facile \u00e0 estomper et modulable pour un r\u00e9sultat \u00e9quilibr\u00e9 et \u00e9l\u00e9gant.<\/p>\n<p>Palette d<\/p>\n<p><strong data-start=\"151\" data-end=\"175\">Ingr\u00e9dients (INCI) :<\/strong><br data-start=\"175\" data-end=\"178\" \/>Talc, Mica, Fluorphlogopite synth\u00e9tique, Silice, Oxyde d'\u00e9tain, Palmitate d'\u00e9thylhexyle, Bis-Diglyceryl Polyacyladipate-2, Tridecyl Trimellitate, Triethoxycaprylylsilane, Dim\u00e9thicone, Polyisobut\u00e8ne, St\u00e9arate de magn\u00e9sium, Ph\u00e9noxy\u00e9thanol, Ac\u00e9tate de tocoph\u00e9ryle, Propylparaben, Ethylhexylglyc\u00e9rine.<\/p>\n<p><strong data-start=\"661\" data-end=\"684\">Formule v\u00e9g\u00e9talienne :<\/strong> ne contient aucun ingr\u00e9dient d'origine animale ou d\u00e9riv\u00e9.<\/p>","protected":false},"featured_media":1850,"comment_status":"open","ping_status":"closed","template":"","meta":{"_et_pb_use_builder":"","_et_pb_old_content":"","_et_gb_content_width":""},"product_brand":[],"product_cat":[380,16],"product_tag":[],"class_list":{"0":"post-1852","1":"product","2":"type-product","3":"status-publish","4":"has-post-thumbnail","6":"product_cat-ojos","7":"product_cat-novedades-maquillaje","9":"first","10":"instock","11":"shipping-taxable","12":"purchasable","13":"product-type-simple"},"yoast_head":"<!-- This site is optimized with the Yoast SEO Premium plugin v26.3 (Yoast SEO v27.4) - https:\/\/yoast.com\/product\/yoast-seo-premium-wordpress\/ -->\n<title>Paleta Vegana de Sombras -Las Sombras de UT\u0112 \u2013 Crom\u00e1tica - UT\u0112 - Espa\u00f1a<\/title>\n<meta name=\"robots\" content=\"index, follow, max-snippet:-1, max-image-preview:large, max-video-preview:-1\" \/>\n<link rel=\"canonical\" href=\"https:\/\/utemakeup.com\/fr\/produit\/ute-cromatica-palette-dombres-a-paupieres-vegan\/\" \/>\n<meta property=\"og:locale\" content=\"fr_FR\" \/>\n<meta property=\"og:type\" content=\"article\" \/>\n<meta property=\"og:title\" content=\"Paleta Vegana de Sombras -Las Sombras de UT\u0112 \u2013 Crom\u00e1tica\" \/>\n<meta property=\"og:description\" content=\"Una paleta vers\u00e1til con una cuidada selecci\u00f3n de tonos rosados, neutros, grises y profundos que permite crear m\u00faltiples looks, desde maquillajes naturales hasta propuestas m\u00e1s intensas y sofisticadas.  La paleta vegana de sombras UT\u0112 combina acabados mates, satinados y shimmer con una textura suave, f\u00e1cil de difuminar y modulable, pensada para un resultado equilibrado y elegante.  Paleta Vegana de Sombras -Las Sombras de UT\u0112 \u2013 Crom\u00e1tica  Ingredientes (INCI):Talc, Mica, Synthetic Fluorphlogopite, Silica, Tin Oxide, Ethylhexyl Palmitate, Bis-Diglyceryl Polyacyladipate-2, Tridecyl Trimellitate, Triethoxycaprylylsilane, Dimethicone, Polyisobutene, Magnesium Stearate, Phenoxyethanol, Tocopheryl Acetate, Propylparaben, Ethylhexylglycerin.  Formulaci\u00f3n vegana: no contiene ingredientes de origen animal ni derivados.\" \/>\n<meta property=\"og:url\" content=\"https:\/\/utemakeup.com\/fr\/produit\/ute-cromatica-palette-dombres-a-paupieres-vegan\/\" \/>\n<meta property=\"og:site_name\" content=\"UT\u0112 - Espa\u00f1a\" \/>\n<meta property=\"article:modified_time\" content=\"2026-04-06T19:30:44+00:00\" \/>\n<meta property=\"og:image\" content=\"https:\/\/utemakeup.com\/wp-content\/uploads\/2026\/01\/fa93f7a5-72a0-4a46-9207-286357d41f44.png\" \/>\n\t<meta property=\"og:image:width\" content=\"1024\" \/>\n\t<meta property=\"og:image:height\" content=\"1536\" \/>\n\t<meta property=\"og:image:type\" content=\"image\/png\" \/>\n<meta name=\"twitter:card\" content=\"summary_large_image\" \/>\n<meta name=\"twitter:label1\" content=\"Prix\" \/>\n\t<meta name=\"twitter:data1\" content=\"48,00&nbsp;&euro;\" \/>\n\t<meta name=\"twitter:label2\" content=\"Disponibilit\u00e9\" \/>\n\t<meta name=\"twitter:data2\" content=\"En stock\" \/>\n<script type=\"application\/ld+json\" class=\"yoast-schema-graph\">{\"@context\":\"https:\\\/\\\/schema.org\",\"@graph\":[{\"@type\":\"WebPage\",\"@id\":\"https:\\\/\\\/utemakeup.com\\\/producto\\\/paleta-vegana-de-las-sombras-de-ute-cromatica\\\/\",\"url\":\"https:\\\/\\\/utemakeup.com\\\/producto\\\/paleta-vegana-de-las-sombras-de-ute-cromatica\\\/\",\"name\":\"Paleta Vegana de Sombras -Las Sombras de UT\u0112 \u2013 Crom\u00e1tica - UT\u0112 - Espa\u00f1a\",\"isPartOf\":{\"@id\":\"https:\\\/\\\/utemakeup.com\\\/#website\"},\"primaryImageOfPage\":{\"@id\":\"https:\\\/\\\/utemakeup.com\\\/producto\\\/paleta-vegana-de-las-sombras-de-ute-cromatica\\\/#primaryimage\"},\"image\":{\"@id\":\"https:\\\/\\\/utemakeup.com\\\/producto\\\/paleta-vegana-de-las-sombras-de-ute-cromatica\\\/#primaryimage\"},\"thumbnailUrl\":\"https:\\\/\\\/utemakeup.com\\\/wp-content\\\/uploads\\\/2026\\\/01\\\/fa93f7a5-72a0-4a46-9207-286357d41f44.png\",\"datePublished\":\"2026-01-22T23:05:12+00:00\",\"dateModified\":\"2026-04-06T19:30:44+00:00\",\"breadcrumb\":{\"@id\":\"https:\\\/\\\/utemakeup.com\\\/producto\\\/paleta-vegana-de-las-sombras-de-ute-cromatica\\\/#breadcrumb\"},\"inLanguage\":\"fr-FR\",\"potentialAction\":[{\"@type\":\"ReadAction\",\"target\":[\"https:\\\/\\\/utemakeup.com\\\/producto\\\/paleta-vegana-de-las-sombras-de-ute-cromatica\\\/\"]}]},{\"@type\":\"ImageObject\",\"inLanguage\":\"fr-FR\",\"@id\":\"https:\\\/\\\/utemakeup.com\\\/producto\\\/paleta-vegana-de-las-sombras-de-ute-cromatica\\\/#primaryimage\",\"url\":\"https:\\\/\\\/utemakeup.com\\\/wp-content\\\/uploads\\\/2026\\\/01\\\/fa93f7a5-72a0-4a46-9207-286357d41f44.png\",\"contentUrl\":\"https:\\\/\\\/utemakeup.com\\\/wp-content\\\/uploads\\\/2026\\\/01\\\/fa93f7a5-72a0-4a46-9207-286357d41f44.png\",\"width\":1024,\"height\":1536},{\"@type\":\"BreadcrumbList\",\"@id\":\"https:\\\/\\\/utemakeup.com\\\/producto\\\/paleta-vegana-de-las-sombras-de-ute-cromatica\\\/#breadcrumb\",\"itemListElement\":[{\"@type\":\"ListItem\",\"position\":1,\"name\":\"Portada\",\"item\":\"https:\\\/\\\/utemakeup.com\\\/\"},{\"@type\":\"ListItem\",\"position\":2,\"name\":\"Tienda\",\"item\":\"https:\\\/\\\/utemakeup.com\\\/tienda\\\/\"},{\"@type\":\"ListItem\",\"position\":3,\"name\":\"Paleta Vegana de Las Sombras de UT\u0112 \u2013 Crom\u00e1tica\"}]},{\"@type\":\"WebSite\",\"@id\":\"https:\\\/\\\/utemakeup.com\\\/#website\",\"url\":\"https:\\\/\\\/utemakeup.com\\\/\",\"name\":\"UT\u0112 Makeup\",\"description\":\"Maquillaje Natural- vegano-sostenible\",\"publisher\":{\"@id\":\"https:\\\/\\\/utemakeup.com\\\/#organization\"},\"alternateName\":\"UT\u0112 Makeup- Productos de maquillaje natural\",\"potentialAction\":[{\"@type\":\"SearchAction\",\"target\":{\"@type\":\"EntryPoint\",\"urlTemplate\":\"https:\\\/\\\/utemakeup.com\\\/?s={search_term_string}\"},\"query-input\":{\"@type\":\"PropertyValueSpecification\",\"valueRequired\":true,\"valueName\":\"search_term_string\"}}],\"inLanguage\":\"fr-FR\"},{\"@type\":\"Organization\",\"@id\":\"https:\\\/\\\/utemakeup.com\\\/#organization\",\"name\":\"UT\u0112 Makeup\",\"alternateName\":\"UT\u0112 Productos de maquillaje vegano-natural-sostenible\",\"url\":\"https:\\\/\\\/utemakeup.com\\\/\",\"logo\":{\"@type\":\"ImageObject\",\"inLanguage\":\"fr-FR\",\"@id\":\"https:\\\/\\\/utemakeup.com\\\/#\\\/schema\\\/logo\\\/image\\\/\",\"url\":\"https:\\\/\\\/utemakeup.com\\\/wp-content\\\/uploads\\\/2025\\\/03\\\/UTE-02-1.png\",\"contentUrl\":\"https:\\\/\\\/utemakeup.com\\\/wp-content\\\/uploads\\\/2025\\\/03\\\/UTE-02-1.png\",\"width\":3612,\"height\":3831,\"caption\":\"UT\u0112 Makeup\"},\"image\":{\"@id\":\"https:\\\/\\\/utemakeup.com\\\/#\\\/schema\\\/logo\\\/image\\\/\"},\"sameAs\":[\"https:\\\/\\\/www.instagram.com\\\/ute_makeup_?igsh=MTlqOWk5bzY0bnFsbw&utm_source=qr\"],\"description\":\"M\u00e1s que maquillaje, en UT\u0112 celebramos la autenticidad y el estilo propio. Nuestros productos est\u00e1n elaborados con ingredientes naturales y sin crueldad animal, perfectos para cualquier estilo y ocasi\u00f3n. \u00a1Qui\u00e9rete como eres y cuida del planeta al mismo tiempo!\",\"email\":\"info@utemakeup.com\",\"foundingDate\":\"2024-11-19\",\"actionableFeedbackPolicy\":\"https:\\\/\\\/utemakeup.com\\\/contactanos\\\/\"}]}<\/script>\n<meta property=\"product:price:amount\" content=\"48.00\" \/>\n<meta property=\"product:price:currency\" content=\"EUR\" \/>\n<meta property=\"og:availability\" content=\"instock\" \/>\n<meta property=\"product:availability\" content=\"instock\" \/>\n<meta property=\"product:condition\" content=\"new\" \/>\n<!-- \/ Yoast SEO Premium plugin. -->","yoast_head_json":{"title":"Palette d'ombres \u00e0 paupi\u00e8res v\u00e9g\u00e9taliennes - Les ombres d'UT\u0112 \u2013 Chromatique - UT\u0112 - Espagne","robots":{"index":"index","follow":"follow","max-snippet":"max-snippet:-1","max-image-preview":"max-image-preview:large","max-video-preview":"max-video-preview:-1"},"canonical":"https:\/\/utemakeup.com\/fr\/produit\/ute-cromatica-palette-dombres-a-paupieres-vegan\/","og_locale":"fr_FR","og_type":"article","og_title":"Paleta Vegana de Sombras -Las Sombras de UT\u0112 \u2013 Crom\u00e1tica","og_description":"Una paleta vers\u00e1til con una cuidada selecci\u00f3n de tonos rosados, neutros, grises y profundos que permite crear m\u00faltiples looks, desde maquillajes naturales hasta propuestas m\u00e1s intensas y sofisticadas.  La paleta vegana de sombras UT\u0112 combina acabados mates, satinados y shimmer con una textura suave, f\u00e1cil de difuminar y modulable, pensada para un resultado equilibrado y elegante.  Paleta Vegana de Sombras -Las Sombras de UT\u0112 \u2013 Crom\u00e1tica  Ingredientes (INCI):Talc, Mica, Synthetic Fluorphlogopite, Silica, Tin Oxide, Ethylhexyl Palmitate, Bis-Diglyceryl Polyacyladipate-2, Tridecyl Trimellitate, Triethoxycaprylylsilane, Dimethicone, Polyisobutene, Magnesium Stearate, Phenoxyethanol, Tocopheryl Acetate, Propylparaben, Ethylhexylglycerin.  Formulaci\u00f3n vegana: no contiene ingredientes de origen animal ni derivados.","og_url":"https:\/\/utemakeup.com\/fr\/produit\/ute-cromatica-palette-dombres-a-paupieres-vegan\/","og_site_name":"UT\u0112 - Espa\u00f1a","article_modified_time":"2026-04-06T19:30:44+00:00","og_image":[{"width":1024,"height":1536,"url":"https:\/\/utemakeup.com\/wp-content\/uploads\/2026\/01\/fa93f7a5-72a0-4a46-9207-286357d41f44.png","type":"image\/png"}],"twitter_card":"summary_large_image","twitter_misc":{"Prix":"48,00&nbsp;&euro;","Disponibilit\u00e9":"En stock"},"schema":{"@context":"https:\/\/schema.org","@graph":[{"@type":"WebPage","@id":"https:\/\/utemakeup.com\/producto\/paleta-vegana-de-las-sombras-de-ute-cromatica\/","url":"https:\/\/utemakeup.com\/producto\/paleta-vegana-de-las-sombras-de-ute-cromatica\/","name":"Palette d'ombres \u00e0 paupi\u00e8res v\u00e9g\u00e9taliennes - Les ombres d'UT\u0112 \u2013 Chromatique - UT\u0112 - Espagne","isPartOf":{"@id":"https:\/\/utemakeup.com\/#website"},"primaryImageOfPage":{"@id":"https:\/\/utemakeup.com\/producto\/paleta-vegana-de-las-sombras-de-ute-cromatica\/#primaryimage"},"image":{"@id":"https:\/\/utemakeup.com\/producto\/paleta-vegana-de-las-sombras-de-ute-cromatica\/#primaryimage"},"thumbnailUrl":"https:\/\/utemakeup.com\/wp-content\/uploads\/2026\/01\/fa93f7a5-72a0-4a46-9207-286357d41f44.png","datePublished":"2026-01-22T23:05:12+00:00","dateModified":"2026-04-06T19:30:44+00:00","breadcrumb":{"@id":"https:\/\/utemakeup.com\/producto\/paleta-vegana-de-las-sombras-de-ute-cromatica\/#breadcrumb"},"inLanguage":"fr-FR","potentialAction":[{"@type":"ReadAction","target":["https:\/\/utemakeup.com\/producto\/paleta-vegana-de-las-sombras-de-ute-cromatica\/"]}]},{"@type":"ImageObject","inLanguage":"fr-FR","@id":"https:\/\/utemakeup.com\/producto\/paleta-vegana-de-las-sombras-de-ute-cromatica\/#primaryimage","url":"https:\/\/utemakeup.com\/wp-content\/uploads\/2026\/01\/fa93f7a5-72a0-4a46-9207-286357d41f44.png","contentUrl":"https:\/\/utemakeup.com\/wp-content\/uploads\/2026\/01\/fa93f7a5-72a0-4a46-9207-286357d41f44.png","width":1024,"height":1536},{"@type":"BreadcrumbList","@id":"https:\/\/utemakeup.com\/producto\/paleta-vegana-de-las-sombras-de-ute-cromatica\/#breadcrumb","itemListElement":[{"@type":"ListItem","position":1,"name":"Portada","item":"https:\/\/utemakeup.com\/"},{"@type":"ListItem","position":2,"name":"Tienda","item":"https:\/\/utemakeup.com\/tienda\/"},{"@type":"ListItem","position":3,"name":"Paleta Vegana de Las Sombras de UT\u0112 \u2013 Crom\u00e1tica"}]},{"@type":"WebSite","@id":"https:\/\/utemakeup.com\/#website","url":"https:\/\/utemakeup.com\/","name":"UT\u0112 Maquillage","description":"Maquillage naturel, v\u00e9g\u00e9talien et durable","publisher":{"@id":"https:\/\/utemakeup.com\/#organization"},"alternateName":"UT\u0112 Makeup- Productos de maquillaje natural","potentialAction":[{"@type":"SearchAction","target":{"@type":"EntryPoint","urlTemplate":"https:\/\/utemakeup.com\/?s={search_term_string}"},"query-input":{"@type":"PropertyValueSpecification","valueRequired":true,"valueName":"search_term_string"}}],"inLanguage":"fr-FR"},{"@type":"Organization","@id":"https:\/\/utemakeup.com\/#organization","name":"UT\u0112 Maquillage","alternateName":"UT\u0112 Productos de maquillaje vegano-natural-sostenible","url":"https:\/\/utemakeup.com\/","logo":{"@type":"ImageObject","inLanguage":"fr-FR","@id":"https:\/\/utemakeup.com\/#\/schema\/logo\/image\/","url":"https:\/\/utemakeup.com\/wp-content\/uploads\/2025\/03\/UTE-02-1.png","contentUrl":"https:\/\/utemakeup.com\/wp-content\/uploads\/2025\/03\/UTE-02-1.png","width":3612,"height":3831,"caption":"UT\u0112 Makeup"},"image":{"@id":"https:\/\/utemakeup.com\/#\/schema\/logo\/image\/"},"sameAs":["https:\/\/www.instagram.com\/ute_makeup_?igsh=MTlqOWk5bzY0bnFsbw&utm_source=qr"],"description":"Plus que du maquillage, chez UT\u0112 nous c\u00e9l\u00e9brons l'authenticit\u00e9 et le style. Nos produits sont fabriqu\u00e9s \u00e0 partir d'ingr\u00e9dients naturels et sans cruaut\u00e9 envers les animaux, parfaits pour tous les styles et toutes les occasions - aimez-vous et prenez soin de la plan\u00e8te en m\u00eame temps !","email":"info@utemakeup.com","foundingDate":"2024-11-19","actionableFeedbackPolicy":"https:\/\/utemakeup.com\/contactanos\/"}]},"product_price_amount":"48.00","product_price_currency":"EUR","og_availability":"instock","product_availability":"instock","product_condition":"new"},"_links":{"self":[{"href":"https:\/\/utemakeup.com\/fr\/wp-json\/wp\/v2\/product\/1852","targetHints":{"allow":["GET"]}}],"collection":[{"href":"https:\/\/utemakeup.com\/fr\/wp-json\/wp\/v2\/product"}],"about":[{"href":"https:\/\/utemakeup.com\/fr\/wp-json\/wp\/v2\/types\/product"}],"replies":[{"embeddable":true,"href":"https:\/\/utemakeup.com\/fr\/wp-json\/wp\/v2\/comments?post=1852"}],"wp:featuredmedia":[{"embeddable":true,"href":"https:\/\/utemakeup.com\/fr\/wp-json\/wp\/v2\/media\/1850"}],"wp:attachment":[{"href":"https:\/\/utemakeup.com\/fr\/wp-json\/wp\/v2\/media?parent=1852"}],"wp:term":[{"taxonomy":"product_brand","embeddable":true,"href":"https:\/\/utemakeup.com\/fr\/wp-json\/wp\/v2\/product_brand?post=1852"},{"taxonomy":"product_cat","embeddable":true,"href":"https:\/\/utemakeup.com\/fr\/wp-json\/wp\/v2\/product_cat?post=1852"},{"taxonomy":"product_tag","embeddable":true,"href":"https:\/\/utemakeup.com\/fr\/wp-json\/wp\/v2\/product_tag?post=1852"}],"curies":[{"name":"wp","href":"https:\/\/api.w.org\/{rel}","templated":true}]}}