{"id":2090,"date":"2026-02-28T00:14:50","date_gmt":"2026-02-28T00:14:50","guid":{"rendered":"https:\/\/utemakeup.com\/?post_type=product&#038;p=2090"},"modified":"2026-03-04T20:29:11","modified_gmt":"2026-03-04T20:29:11","slug":"produit-en-cuir","status":"publish","type":"product","link":"https:\/\/utemakeup.com\/fr\/producto\/producto-piel\/","title":{"rendered":"Produit en cuir"},"content":{"rendered":"<p>description textasdfasdfasdfasdfadsf<\/p>","protected":false},"excerpt":{"rendered":"<p>adfasdfasdfasdfasdfadsf adfasdfasdfasdfadsf adfasdfasdfadsf<\/p>","protected":false},"featured_media":1837,"comment_status":"open","ping_status":"closed","template":"","meta":{"_et_pb_use_builder":"","_et_pb_old_content":"","_et_gb_content_width":""},"product_brand":[],"product_cat":[16],"product_tag":[],"class_list":{"0":"post-2090","1":"product","2":"type-product","3":"status-publish","4":"has-post-thumbnail","6":"product_cat-novedades-maquillaje","8":"first","9":"instock","10":"shipping-taxable","11":"product-type-variable"},"yoast_head":"<!-- This site is optimized with the Yoast SEO Premium plugin v26.3 (Yoast SEO v27.4) - https:\/\/yoast.com\/product\/yoast-seo-premium-wordpress\/ -->\n<title>Producto piel - UT\u0112 - Espa\u00f1a<\/title>\n<meta name=\"robots\" content=\"index, follow, max-snippet:-1, max-image-preview:large, max-video-preview:-1\" \/>\n<link rel=\"canonical\" href=\"https:\/\/utemakeup.com\/fr\/produit\/produit-en-cuir\/\" \/>\n<meta property=\"og:locale\" content=\"fr_FR\" \/>\n<meta property=\"og:type\" content=\"article\" \/>\n<meta property=\"og:title\" content=\"Producto piel\" \/>\n<meta property=\"og:description\" content=\"adfasdfasdfasdfadsf\" \/>\n<meta property=\"og:url\" content=\"https:\/\/utemakeup.com\/fr\/produit\/produit-en-cuir\/\" \/>\n<meta property=\"og:site_name\" content=\"UT\u0112 - Espa\u00f1a\" \/>\n<meta property=\"article:modified_time\" content=\"2026-03-04T20:29:11+00:00\" \/>\n<meta property=\"og:image\" content=\"https:\/\/utemakeup.com\/wp-content\/uploads\/2026\/01\/LOGO-UTE-GOOGLE112-x-112-px.png\" \/>\n\t<meta property=\"og:image:width\" content=\"112\" \/>\n\t<meta property=\"og:image:height\" content=\"112\" \/>\n\t<meta property=\"og:image:type\" content=\"image\/png\" \/>\n<meta name=\"twitter:card\" content=\"summary_large_image\" \/>\n<meta name=\"twitter:label1\" content=\"Disponibilit\u00e9\" \/>\n\t<meta name=\"twitter:data1\" content=\"En stock\" \/>\n<script type=\"application\/ld+json\" class=\"yoast-schema-graph\">{\"@context\":\"https:\\\/\\\/schema.org\",\"@graph\":[{\"@type\":\"WebPage\",\"@id\":\"https:\\\/\\\/utemakeup.com\\\/producto\\\/producto-piel\\\/\",\"url\":\"https:\\\/\\\/utemakeup.com\\\/producto\\\/producto-piel\\\/\",\"name\":\"Producto piel - UT\u0112 - Espa\u00f1a\",\"isPartOf\":{\"@id\":\"https:\\\/\\\/utemakeup.com\\\/#website\"},\"primaryImageOfPage\":{\"@id\":\"https:\\\/\\\/utemakeup.com\\\/producto\\\/producto-piel\\\/#primaryimage\"},\"image\":{\"@id\":\"https:\\\/\\\/utemakeup.com\\\/producto\\\/producto-piel\\\/#primaryimage\"},\"thumbnailUrl\":\"https:\\\/\\\/utemakeup.com\\\/wp-content\\\/uploads\\\/2026\\\/01\\\/LOGO-UTE-GOOGLE112-x-112-px.png\",\"datePublished\":\"2026-02-28T00:14:50+00:00\",\"dateModified\":\"2026-03-04T20:29:11+00:00\",\"breadcrumb\":{\"@id\":\"https:\\\/\\\/utemakeup.com\\\/producto\\\/producto-piel\\\/#breadcrumb\"},\"inLanguage\":\"fr-FR\",\"potentialAction\":[{\"@type\":\"ReadAction\",\"target\":[\"https:\\\/\\\/utemakeup.com\\\/producto\\\/producto-piel\\\/\"]}]},{\"@type\":\"ImageObject\",\"inLanguage\":\"fr-FR\",\"@id\":\"https:\\\/\\\/utemakeup.com\\\/producto\\\/producto-piel\\\/#primaryimage\",\"url\":\"https:\\\/\\\/utemakeup.com\\\/wp-content\\\/uploads\\\/2026\\\/01\\\/LOGO-UTE-GOOGLE112-x-112-px.png\",\"contentUrl\":\"https:\\\/\\\/utemakeup.com\\\/wp-content\\\/uploads\\\/2026\\\/01\\\/LOGO-UTE-GOOGLE112-x-112-px.png\",\"width\":112,\"height\":112},{\"@type\":\"BreadcrumbList\",\"@id\":\"https:\\\/\\\/utemakeup.com\\\/producto\\\/producto-piel\\\/#breadcrumb\",\"itemListElement\":[{\"@type\":\"ListItem\",\"position\":1,\"name\":\"Portada\",\"item\":\"https:\\\/\\\/utemakeup.com\\\/\"},{\"@type\":\"ListItem\",\"position\":2,\"name\":\"Tienda\",\"item\":\"https:\\\/\\\/utemakeup.com\\\/tienda\\\/\"},{\"@type\":\"ListItem\",\"position\":3,\"name\":\"Producto piel\"}]},{\"@type\":\"WebSite\",\"@id\":\"https:\\\/\\\/utemakeup.com\\\/#website\",\"url\":\"https:\\\/\\\/utemakeup.com\\\/\",\"name\":\"UT\u0112 Makeup\",\"description\":\"Maquillaje Natural- vegano-sostenible\",\"publisher\":{\"@id\":\"https:\\\/\\\/utemakeup.com\\\/#organization\"},\"alternateName\":\"UT\u0112 Makeup- Productos de maquillaje natural\",\"potentialAction\":[{\"@type\":\"SearchAction\",\"target\":{\"@type\":\"EntryPoint\",\"urlTemplate\":\"https:\\\/\\\/utemakeup.com\\\/?s={search_term_string}\"},\"query-input\":{\"@type\":\"PropertyValueSpecification\",\"valueRequired\":true,\"valueName\":\"search_term_string\"}}],\"inLanguage\":\"fr-FR\"},{\"@type\":\"Organization\",\"@id\":\"https:\\\/\\\/utemakeup.com\\\/#organization\",\"name\":\"UT\u0112 Makeup\",\"alternateName\":\"UT\u0112 Productos de maquillaje vegano-natural-sostenible\",\"url\":\"https:\\\/\\\/utemakeup.com\\\/\",\"logo\":{\"@type\":\"ImageObject\",\"inLanguage\":\"fr-FR\",\"@id\":\"https:\\\/\\\/utemakeup.com\\\/#\\\/schema\\\/logo\\\/image\\\/\",\"url\":\"https:\\\/\\\/utemakeup.com\\\/wp-content\\\/uploads\\\/2025\\\/03\\\/UTE-02-1.png\",\"contentUrl\":\"https:\\\/\\\/utemakeup.com\\\/wp-content\\\/uploads\\\/2025\\\/03\\\/UTE-02-1.png\",\"width\":3612,\"height\":3831,\"caption\":\"UT\u0112 Makeup\"},\"image\":{\"@id\":\"https:\\\/\\\/utemakeup.com\\\/#\\\/schema\\\/logo\\\/image\\\/\"},\"sameAs\":[\"https:\\\/\\\/www.instagram.com\\\/ute_makeup_?igsh=MTlqOWk5bzY0bnFsbw&utm_source=qr\"],\"description\":\"M\u00e1s que maquillaje, en UT\u0112 celebramos la autenticidad y el estilo propio. Nuestros productos est\u00e1n elaborados con ingredientes naturales y sin crueldad animal, perfectos para cualquier estilo y ocasi\u00f3n. \u00a1Qui\u00e9rete como eres y cuida del planeta al mismo tiempo!\",\"email\":\"info@utemakeup.com\",\"foundingDate\":\"2024-11-19\",\"actionableFeedbackPolicy\":\"https:\\\/\\\/utemakeup.com\\\/contactanos\\\/\"}]}<\/script>\n<meta property=\"og:availability\" content=\"instock\" \/>\n<meta property=\"product:availability\" content=\"instock\" \/>\n<meta property=\"product:condition\" content=\"new\" \/>\n<!-- \/ Yoast SEO Premium plugin. -->","yoast_head_json":{"title":"Produit en cuir - UT\u0112 - Espagne","robots":{"index":"index","follow":"follow","max-snippet":"max-snippet:-1","max-image-preview":"max-image-preview:large","max-video-preview":"max-video-preview:-1"},"canonical":"https:\/\/utemakeup.com\/fr\/produit\/produit-en-cuir\/","og_locale":"fr_FR","og_type":"article","og_title":"Producto piel","og_description":"adfasdfasdfasdfadsf","og_url":"https:\/\/utemakeup.com\/fr\/produit\/produit-en-cuir\/","og_site_name":"UT\u0112 - Espa\u00f1a","article_modified_time":"2026-03-04T20:29:11+00:00","og_image":[{"width":112,"height":112,"url":"https:\/\/utemakeup.com\/wp-content\/uploads\/2026\/01\/LOGO-UTE-GOOGLE112-x-112-px.png","type":"image\/png"}],"twitter_card":"summary_large_image","twitter_misc":{"Disponibilit\u00e9":"En stock"},"schema":{"@context":"https:\/\/schema.org","@graph":[{"@type":"WebPage","@id":"https:\/\/utemakeup.com\/producto\/producto-piel\/","url":"https:\/\/utemakeup.com\/producto\/producto-piel\/","name":"Produit en cuir - UT\u0112 - Espagne","isPartOf":{"@id":"https:\/\/utemakeup.com\/#website"},"primaryImageOfPage":{"@id":"https:\/\/utemakeup.com\/producto\/producto-piel\/#primaryimage"},"image":{"@id":"https:\/\/utemakeup.com\/producto\/producto-piel\/#primaryimage"},"thumbnailUrl":"https:\/\/utemakeup.com\/wp-content\/uploads\/2026\/01\/LOGO-UTE-GOOGLE112-x-112-px.png","datePublished":"2026-02-28T00:14:50+00:00","dateModified":"2026-03-04T20:29:11+00:00","breadcrumb":{"@id":"https:\/\/utemakeup.com\/producto\/producto-piel\/#breadcrumb"},"inLanguage":"fr-FR","potentialAction":[{"@type":"ReadAction","target":["https:\/\/utemakeup.com\/producto\/producto-piel\/"]}]},{"@type":"ImageObject","inLanguage":"fr-FR","@id":"https:\/\/utemakeup.com\/producto\/producto-piel\/#primaryimage","url":"https:\/\/utemakeup.com\/wp-content\/uploads\/2026\/01\/LOGO-UTE-GOOGLE112-x-112-px.png","contentUrl":"https:\/\/utemakeup.com\/wp-content\/uploads\/2026\/01\/LOGO-UTE-GOOGLE112-x-112-px.png","width":112,"height":112},{"@type":"BreadcrumbList","@id":"https:\/\/utemakeup.com\/producto\/producto-piel\/#breadcrumb","itemListElement":[{"@type":"ListItem","position":1,"name":"Portada","item":"https:\/\/utemakeup.com\/"},{"@type":"ListItem","position":2,"name":"Tienda","item":"https:\/\/utemakeup.com\/tienda\/"},{"@type":"ListItem","position":3,"name":"Producto piel"}]},{"@type":"WebSite","@id":"https:\/\/utemakeup.com\/#website","url":"https:\/\/utemakeup.com\/","name":"UT\u0112 Maquillage","description":"Maquillage naturel, v\u00e9g\u00e9talien et durable","publisher":{"@id":"https:\/\/utemakeup.com\/#organization"},"alternateName":"UT\u0112 Makeup- Productos de maquillaje natural","potentialAction":[{"@type":"SearchAction","target":{"@type":"EntryPoint","urlTemplate":"https:\/\/utemakeup.com\/?s={search_term_string}"},"query-input":{"@type":"PropertyValueSpecification","valueRequired":true,"valueName":"search_term_string"}}],"inLanguage":"fr-FR"},{"@type":"Organization","@id":"https:\/\/utemakeup.com\/#organization","name":"UT\u0112 Maquillage","alternateName":"UT\u0112 Productos de maquillaje vegano-natural-sostenible","url":"https:\/\/utemakeup.com\/","logo":{"@type":"ImageObject","inLanguage":"fr-FR","@id":"https:\/\/utemakeup.com\/#\/schema\/logo\/image\/","url":"https:\/\/utemakeup.com\/wp-content\/uploads\/2025\/03\/UTE-02-1.png","contentUrl":"https:\/\/utemakeup.com\/wp-content\/uploads\/2025\/03\/UTE-02-1.png","width":3612,"height":3831,"caption":"UT\u0112 Makeup"},"image":{"@id":"https:\/\/utemakeup.com\/#\/schema\/logo\/image\/"},"sameAs":["https:\/\/www.instagram.com\/ute_makeup_?igsh=MTlqOWk5bzY0bnFsbw&utm_source=qr"],"description":"Plus que du maquillage, chez UT\u0112 nous c\u00e9l\u00e9brons l'authenticit\u00e9 et le style. Nos produits sont fabriqu\u00e9s \u00e0 partir d'ingr\u00e9dients naturels et sans cruaut\u00e9 envers les animaux, parfaits pour tous les styles et toutes les occasions - aimez-vous et prenez soin de la plan\u00e8te en m\u00eame temps !","email":"info@utemakeup.com","foundingDate":"2024-11-19","actionableFeedbackPolicy":"https:\/\/utemakeup.com\/contactanos\/"}]},"og_availability":"instock","product_availability":"instock","product_condition":"new"},"_links":{"self":[{"href":"https:\/\/utemakeup.com\/fr\/wp-json\/wp\/v2\/product\/2090","targetHints":{"allow":["GET"]}}],"collection":[{"href":"https:\/\/utemakeup.com\/fr\/wp-json\/wp\/v2\/product"}],"about":[{"href":"https:\/\/utemakeup.com\/fr\/wp-json\/wp\/v2\/types\/product"}],"replies":[{"embeddable":true,"href":"https:\/\/utemakeup.com\/fr\/wp-json\/wp\/v2\/comments?post=2090"}],"wp:featuredmedia":[{"embeddable":true,"href":"https:\/\/utemakeup.com\/fr\/wp-json\/wp\/v2\/media\/1837"}],"wp:attachment":[{"href":"https:\/\/utemakeup.com\/fr\/wp-json\/wp\/v2\/media?parent=2090"}],"wp:term":[{"taxonomy":"product_brand","embeddable":true,"href":"https:\/\/utemakeup.com\/fr\/wp-json\/wp\/v2\/product_brand?post=2090"},{"taxonomy":"product_cat","embeddable":true,"href":"https:\/\/utemakeup.com\/fr\/wp-json\/wp\/v2\/product_cat?post=2090"},{"taxonomy":"product_tag","embeddable":true,"href":"https:\/\/utemakeup.com\/fr\/wp-json\/wp\/v2\/product_tag?post=2090"}],"curies":[{"name":"wp","href":"https:\/\/api.w.org\/{rel}","templated":true}]}}