{"id":2203,"date":"2026-03-20T21:39:43","date_gmt":"2026-03-20T21:39:43","guid":{"rendered":"https:\/\/utemakeup.com\/producto\/corrector-natural-hidratante-velo-de-nube-2-beige-oscuro\/"},"modified":"2026-04-06T19:09:25","modified_gmt":"2026-04-06T19:09:25","slug":"correcteur-hydratant-naturel-voile-de-nuage-2-beige-fonce","status":"publish","type":"product","link":"https:\/\/utemakeup.com\/fr\/producto\/corrector-natural-hidratante-velo-de-nube-2-beige-oscuro\/","title":{"rendered":"Correcteur naturel hydratant Voile de nuage 2 - Beige fonc\u00e9"},"content":{"rendered":"<p><span data-sheets-root=\"1\">Corrector en formato stick formulado con ingredientes de origen natural que unifican el tono sin marcar l\u00edneas de expresi\u00f3n. Su textura cremosa se funde con la piel, aportando cobertura flexible y confortable que no reseca las zonas delicadas.<\/span><\/p>\n<p>Dise\u00f1ado para iluminar, corregir y suavizar visualmente ojeras e imperfecciones. Puede utilizarse tambi\u00e9n como iluminador en puntos estrat\u00e9gicos del rostro.<\/p>\n<p>La f\u00f3rmula combina aceites y ceras vegetales que ayudan a mantener hidrataci\u00f3n y elasticidad, dejando la piel con aspecto uniforme y fresco durante horas.<\/p>\n<ul>\n<li><span data-sheets-root=\"1\">Corrige e ilumina en un solo gesto<\/span><\/li>\n<li><span data-sheets-root=\"1\">No reseca ni acent\u00faa arrugas<\/span><\/li>\n<li><span data-sheets-root=\"1\">Cobertura modulable y natural<\/span><\/li>\n<li><span data-sheets-root=\"1\">Textura cremosa de f\u00e1cil difuminado<\/span><\/li>\n<li><span data-sheets-root=\"1\">Puede utilizarse como iluminador<\/span><\/li>\n<li><span data-sheets-root=\"1\">Ideal para zonas delicadas del rostro<\/span><\/li>\n<\/ul>\n<p><span data-sheets-root=\"1\"><em>Aceite de almendras dulces:<\/em> aporta nutrici\u00f3n y suavidad.<br \/>\n<em>Esters de jojoba :<\/em> contribuyen a la elasticidad y confort.<br \/>\n<em>Aceite de Crambe abyssinica:<\/em> ayuda a mejorar la flexibilidad de la piel.<br \/>\n<em>Ceras vegetales (candelilla, girasol y acacia):<\/em> proporcionan estructura y estabilidad con acabado flexible.<br \/>\n<em>Vitamine E (Tocoph\u00e9rol) :<\/em> antioxydante.<\/span><\/p>","protected":false},"excerpt":{"rendered":"<p>Correcteur naturel hydratant Voile de nuage 2 - Beige fonc\u00e9<\/p>\n<p><span data-sheets-root=\"1\">Ingredients: Prunus Amygdalus Dulcis Oil*, Candelilla Cera, Caprylic\/Capric Triglyceride, Jojoba Esters, Isostearyl Isostearate, Helianthus Annuus Seed Wax, Crambe Abyssinica Seed Oil, Acacia Decurrens Flower Wax, Polyglycerin-3, Tocopherol.<br \/>\n(+\/-) CI 77891, CI 77492, CI 77491, CI 77499.<\/span><\/p>","protected":false},"featured_media":2295,"comment_status":"open","ping_status":"closed","template":"","meta":{"_et_pb_use_builder":"","_et_pb_old_content":"","_et_gb_content_width":""},"product_brand":[],"product_cat":[381,16],"product_tag":[384,386,387,385],"class_list":{"0":"post-2203","1":"product","2":"type-product","3":"status-publish","4":"has-post-thumbnail","6":"product_cat-cara","7":"product_cat-novedades-maquillaje","8":"product_tag-corrector-natural-hidratante","9":"product_tag-correctorbeigeoscuro","10":"product_tag-utemakeup","11":"product_tag-velo-de-nube-2","13":"first","14":"instock","15":"shipping-taxable","16":"purchasable","17":"product-type-simple"},"yoast_head":"<!-- This site is optimized with the Yoast SEO Premium plugin v26.3 (Yoast SEO v27.4) - https:\/\/yoast.com\/product\/yoast-seo-premium-wordpress\/ -->\n<title>Corrector en Stick Hidratante Natural | Cobertura Ligera UT\u0112<\/title>\n<meta name=\"description\" content=\"Corrector en Stick Hidratante y Luminoso | Ojeras e Imperfecciones UT\u0112. La f\u00f3rmula combina aceites y ceras vegetales que ayudan a mantener hidrataci\u00f3n y elasticidad, dejando la piel con aspecto uniforme y fresco durante horas.\" \/>\n<meta name=\"robots\" content=\"index, follow, max-snippet:-1, max-image-preview:large, max-video-preview:-1\" \/>\n<link rel=\"canonical\" href=\"https:\/\/utemakeup.com\/fr\/produit\/correcteur-hydratant-naturel-voile-de-nuage-2-beige-fonce\/\" \/>\n<meta property=\"og:locale\" content=\"fr_FR\" \/>\n<meta property=\"og:type\" content=\"article\" \/>\n<meta property=\"og:title\" content=\"Corrector Natural Hidratante Velo de Nube 2 -Beige Oscuro\" \/>\n<meta property=\"og:description\" content=\"Corrector en Stick Hidratante y Luminoso | Ojeras e Imperfecciones UT\u0112. La f\u00f3rmula combina aceites y ceras vegetales que ayudan a mantener hidrataci\u00f3n y elasticidad, dejando la piel con aspecto uniforme y fresco durante horas.\" \/>\n<meta property=\"og:url\" content=\"https:\/\/utemakeup.com\/fr\/produit\/correcteur-hydratant-naturel-voile-de-nuage-2-beige-fonce\/\" \/>\n<meta property=\"og:site_name\" content=\"UT\u0112 - Espa\u00f1a\" \/>\n<meta property=\"article:modified_time\" content=\"2026-04-06T19:09:25+00:00\" \/>\n<meta property=\"og:image\" content=\"https:\/\/utemakeup.com\/wp-content\/uploads\/2026\/03\/img_5793.jpeg\" \/>\n\t<meta property=\"og:image:width\" content=\"600\" \/>\n\t<meta property=\"og:image:height\" content=\"600\" \/>\n\t<meta property=\"og:image:type\" content=\"image\/jpeg\" \/>\n<meta name=\"twitter:card\" content=\"summary_large_image\" \/>\n<meta name=\"twitter:label1\" content=\"Prix\" \/>\n\t<meta name=\"twitter:data1\" content=\"28,00&nbsp;&euro;\" \/>\n\t<meta name=\"twitter:label2\" content=\"Disponibilit\u00e9\" \/>\n\t<meta name=\"twitter:data2\" content=\"En stock\" \/>\n<script type=\"application\/ld+json\" class=\"yoast-schema-graph\">{\"@context\":\"https:\\\/\\\/schema.org\",\"@graph\":[{\"@type\":\"WebPage\",\"@id\":\"https:\\\/\\\/utemakeup.com\\\/producto\\\/corrector-natural-hidratante-velo-de-nube-2-beige-oscuro\\\/\",\"url\":\"https:\\\/\\\/utemakeup.com\\\/producto\\\/corrector-natural-hidratante-velo-de-nube-2-beige-oscuro\\\/\",\"name\":\"Corrector en Stick Hidratante Natural | Cobertura Ligera UT\u0112\",\"isPartOf\":{\"@id\":\"https:\\\/\\\/utemakeup.com\\\/#website\"},\"primaryImageOfPage\":{\"@id\":\"https:\\\/\\\/utemakeup.com\\\/producto\\\/corrector-natural-hidratante-velo-de-nube-2-beige-oscuro\\\/#primaryimage\"},\"image\":{\"@id\":\"https:\\\/\\\/utemakeup.com\\\/producto\\\/corrector-natural-hidratante-velo-de-nube-2-beige-oscuro\\\/#primaryimage\"},\"thumbnailUrl\":\"https:\\\/\\\/utemakeup.com\\\/wp-content\\\/uploads\\\/2026\\\/03\\\/img_5793.jpeg\",\"datePublished\":\"2026-03-20T21:39:43+00:00\",\"dateModified\":\"2026-04-06T19:09:25+00:00\",\"description\":\"Corrector en Stick Hidratante y Luminoso | Ojeras e Imperfecciones UT\u0112. La f\u00f3rmula combina aceites y ceras vegetales que ayudan a mantener hidrataci\u00f3n y elasticidad, dejando la piel con aspecto uniforme y fresco durante horas.\",\"breadcrumb\":{\"@id\":\"https:\\\/\\\/utemakeup.com\\\/producto\\\/corrector-natural-hidratante-velo-de-nube-2-beige-oscuro\\\/#breadcrumb\"},\"inLanguage\":\"fr-FR\",\"potentialAction\":[{\"@type\":\"ReadAction\",\"target\":[\"https:\\\/\\\/utemakeup.com\\\/producto\\\/corrector-natural-hidratante-velo-de-nube-2-beige-oscuro\\\/\"]}]},{\"@type\":\"ImageObject\",\"inLanguage\":\"fr-FR\",\"@id\":\"https:\\\/\\\/utemakeup.com\\\/producto\\\/corrector-natural-hidratante-velo-de-nube-2-beige-oscuro\\\/#primaryimage\",\"url\":\"https:\\\/\\\/utemakeup.com\\\/wp-content\\\/uploads\\\/2026\\\/03\\\/img_5793.jpeg\",\"contentUrl\":\"https:\\\/\\\/utemakeup.com\\\/wp-content\\\/uploads\\\/2026\\\/03\\\/img_5793.jpeg\",\"width\":600,\"height\":600},{\"@type\":\"BreadcrumbList\",\"@id\":\"https:\\\/\\\/utemakeup.com\\\/producto\\\/corrector-natural-hidratante-velo-de-nube-2-beige-oscuro\\\/#breadcrumb\",\"itemListElement\":[{\"@type\":\"ListItem\",\"position\":1,\"name\":\"Portada\",\"item\":\"https:\\\/\\\/utemakeup.com\\\/\"},{\"@type\":\"ListItem\",\"position\":2,\"name\":\"Tienda\",\"item\":\"https:\\\/\\\/utemakeup.com\\\/tienda\\\/\"},{\"@type\":\"ListItem\",\"position\":3,\"name\":\"Corrector Natural Hidratante Velo de Nube 2 -Beige Oscuro\"}]},{\"@type\":\"WebSite\",\"@id\":\"https:\\\/\\\/utemakeup.com\\\/#website\",\"url\":\"https:\\\/\\\/utemakeup.com\\\/\",\"name\":\"UT\u0112 Makeup\",\"description\":\"Maquillaje Natural- vegano-sostenible\",\"publisher\":{\"@id\":\"https:\\\/\\\/utemakeup.com\\\/#organization\"},\"alternateName\":\"UT\u0112 Makeup- Productos de maquillaje natural\",\"potentialAction\":[{\"@type\":\"SearchAction\",\"target\":{\"@type\":\"EntryPoint\",\"urlTemplate\":\"https:\\\/\\\/utemakeup.com\\\/?s={search_term_string}\"},\"query-input\":{\"@type\":\"PropertyValueSpecification\",\"valueRequired\":true,\"valueName\":\"search_term_string\"}}],\"inLanguage\":\"fr-FR\"},{\"@type\":\"Organization\",\"@id\":\"https:\\\/\\\/utemakeup.com\\\/#organization\",\"name\":\"UT\u0112 Makeup\",\"alternateName\":\"UT\u0112 Productos de maquillaje vegano-natural-sostenible\",\"url\":\"https:\\\/\\\/utemakeup.com\\\/\",\"logo\":{\"@type\":\"ImageObject\",\"inLanguage\":\"fr-FR\",\"@id\":\"https:\\\/\\\/utemakeup.com\\\/#\\\/schema\\\/logo\\\/image\\\/\",\"url\":\"https:\\\/\\\/utemakeup.com\\\/wp-content\\\/uploads\\\/2025\\\/03\\\/UTE-02-1.png\",\"contentUrl\":\"https:\\\/\\\/utemakeup.com\\\/wp-content\\\/uploads\\\/2025\\\/03\\\/UTE-02-1.png\",\"width\":3612,\"height\":3831,\"caption\":\"UT\u0112 Makeup\"},\"image\":{\"@id\":\"https:\\\/\\\/utemakeup.com\\\/#\\\/schema\\\/logo\\\/image\\\/\"},\"sameAs\":[\"https:\\\/\\\/www.instagram.com\\\/ute_makeup_?igsh=MTlqOWk5bzY0bnFsbw&utm_source=qr\"],\"description\":\"M\u00e1s que maquillaje, en UT\u0112 celebramos la autenticidad y el estilo propio. Nuestros productos est\u00e1n elaborados con ingredientes naturales y sin crueldad animal, perfectos para cualquier estilo y ocasi\u00f3n. \u00a1Qui\u00e9rete como eres y cuida del planeta al mismo tiempo!\",\"email\":\"info@utemakeup.com\",\"foundingDate\":\"2024-11-19\",\"actionableFeedbackPolicy\":\"https:\\\/\\\/utemakeup.com\\\/contactanos\\\/\"}]}<\/script>\n<meta property=\"product:price:amount\" content=\"28.00\" \/>\n<meta property=\"product:price:currency\" content=\"EUR\" \/>\n<meta property=\"og:availability\" content=\"instock\" \/>\n<meta property=\"product:availability\" content=\"instock\" \/>\n<meta property=\"product:condition\" content=\"new\" \/>\n<!-- \/ Yoast SEO Premium plugin. -->","yoast_head_json":{"title":"Corrector en Stick Hidratante Natural | Cobertura Ligera UT\u0112","description":"Corrector en Stick Hidratante y Luminoso | Ojeras e Imperfecciones UT\u0112. La f\u00f3rmula combina aceites y ceras vegetales que ayudan a mantener hidrataci\u00f3n y elasticidad, dejando la piel con aspecto uniforme y fresco durante horas.","robots":{"index":"index","follow":"follow","max-snippet":"max-snippet:-1","max-image-preview":"max-image-preview:large","max-video-preview":"max-video-preview:-1"},"canonical":"https:\/\/utemakeup.com\/fr\/produit\/correcteur-hydratant-naturel-voile-de-nuage-2-beige-fonce\/","og_locale":"fr_FR","og_type":"article","og_title":"Corrector Natural Hidratante Velo de Nube 2 -Beige Oscuro","og_description":"Corrector en Stick Hidratante y Luminoso | Ojeras e Imperfecciones UT\u0112. La f\u00f3rmula combina aceites y ceras vegetales que ayudan a mantener hidrataci\u00f3n y elasticidad, dejando la piel con aspecto uniforme y fresco durante horas.","og_url":"https:\/\/utemakeup.com\/fr\/produit\/correcteur-hydratant-naturel-voile-de-nuage-2-beige-fonce\/","og_site_name":"UT\u0112 - Espa\u00f1a","article_modified_time":"2026-04-06T19:09:25+00:00","og_image":[{"width":600,"height":600,"url":"https:\/\/utemakeup.com\/wp-content\/uploads\/2026\/03\/img_5793.jpeg","type":"image\/jpeg"}],"twitter_card":"summary_large_image","twitter_misc":{"Prix":"28,00&nbsp;&euro;","Disponibilit\u00e9":"En stock"},"schema":{"@context":"https:\/\/schema.org","@graph":[{"@type":"WebPage","@id":"https:\/\/utemakeup.com\/producto\/corrector-natural-hidratante-velo-de-nube-2-beige-oscuro\/","url":"https:\/\/utemakeup.com\/producto\/corrector-natural-hidratante-velo-de-nube-2-beige-oscuro\/","name":"Corrector en Stick Hidratante Natural | Cobertura Ligera UT\u0112","isPartOf":{"@id":"https:\/\/utemakeup.com\/#website"},"primaryImageOfPage":{"@id":"https:\/\/utemakeup.com\/producto\/corrector-natural-hidratante-velo-de-nube-2-beige-oscuro\/#primaryimage"},"image":{"@id":"https:\/\/utemakeup.com\/producto\/corrector-natural-hidratante-velo-de-nube-2-beige-oscuro\/#primaryimage"},"thumbnailUrl":"https:\/\/utemakeup.com\/wp-content\/uploads\/2026\/03\/img_5793.jpeg","datePublished":"2026-03-20T21:39:43+00:00","dateModified":"2026-04-06T19:09:25+00:00","description":"Corrector en Stick Hidratante y Luminoso | Ojeras e Imperfecciones UT\u0112. La f\u00f3rmula combina aceites y ceras vegetales que ayudan a mantener hidrataci\u00f3n y elasticidad, dejando la piel con aspecto uniforme y fresco durante horas.","breadcrumb":{"@id":"https:\/\/utemakeup.com\/producto\/corrector-natural-hidratante-velo-de-nube-2-beige-oscuro\/#breadcrumb"},"inLanguage":"fr-FR","potentialAction":[{"@type":"ReadAction","target":["https:\/\/utemakeup.com\/producto\/corrector-natural-hidratante-velo-de-nube-2-beige-oscuro\/"]}]},{"@type":"ImageObject","inLanguage":"fr-FR","@id":"https:\/\/utemakeup.com\/producto\/corrector-natural-hidratante-velo-de-nube-2-beige-oscuro\/#primaryimage","url":"https:\/\/utemakeup.com\/wp-content\/uploads\/2026\/03\/img_5793.jpeg","contentUrl":"https:\/\/utemakeup.com\/wp-content\/uploads\/2026\/03\/img_5793.jpeg","width":600,"height":600},{"@type":"BreadcrumbList","@id":"https:\/\/utemakeup.com\/producto\/corrector-natural-hidratante-velo-de-nube-2-beige-oscuro\/#breadcrumb","itemListElement":[{"@type":"ListItem","position":1,"name":"Portada","item":"https:\/\/utemakeup.com\/"},{"@type":"ListItem","position":2,"name":"Tienda","item":"https:\/\/utemakeup.com\/tienda\/"},{"@type":"ListItem","position":3,"name":"Corrector Natural Hidratante Velo de Nube 2 -Beige Oscuro"}]},{"@type":"WebSite","@id":"https:\/\/utemakeup.com\/#website","url":"https:\/\/utemakeup.com\/","name":"UT\u0112 Maquillage","description":"Maquillage naturel, v\u00e9g\u00e9talien et durable","publisher":{"@id":"https:\/\/utemakeup.com\/#organization"},"alternateName":"UT\u0112 Makeup- Productos de maquillaje natural","potentialAction":[{"@type":"SearchAction","target":{"@type":"EntryPoint","urlTemplate":"https:\/\/utemakeup.com\/?s={search_term_string}"},"query-input":{"@type":"PropertyValueSpecification","valueRequired":true,"valueName":"search_term_string"}}],"inLanguage":"fr-FR"},{"@type":"Organization","@id":"https:\/\/utemakeup.com\/#organization","name":"UT\u0112 Maquillage","alternateName":"UT\u0112 Productos de maquillaje vegano-natural-sostenible","url":"https:\/\/utemakeup.com\/","logo":{"@type":"ImageObject","inLanguage":"fr-FR","@id":"https:\/\/utemakeup.com\/#\/schema\/logo\/image\/","url":"https:\/\/utemakeup.com\/wp-content\/uploads\/2025\/03\/UTE-02-1.png","contentUrl":"https:\/\/utemakeup.com\/wp-content\/uploads\/2025\/03\/UTE-02-1.png","width":3612,"height":3831,"caption":"UT\u0112 Makeup"},"image":{"@id":"https:\/\/utemakeup.com\/#\/schema\/logo\/image\/"},"sameAs":["https:\/\/www.instagram.com\/ute_makeup_?igsh=MTlqOWk5bzY0bnFsbw&utm_source=qr"],"description":"Plus que du maquillage, chez UT\u0112 nous c\u00e9l\u00e9brons l'authenticit\u00e9 et le style. Nos produits sont fabriqu\u00e9s \u00e0 partir d'ingr\u00e9dients naturels et sans cruaut\u00e9 envers les animaux, parfaits pour tous les styles et toutes les occasions - aimez-vous et prenez soin de la plan\u00e8te en m\u00eame temps !","email":"info@utemakeup.com","foundingDate":"2024-11-19","actionableFeedbackPolicy":"https:\/\/utemakeup.com\/contactanos\/"}]},"product_price_amount":"28.00","product_price_currency":"EUR","og_availability":"instock","product_availability":"instock","product_condition":"new"},"_links":{"self":[{"href":"https:\/\/utemakeup.com\/fr\/wp-json\/wp\/v2\/product\/2203","targetHints":{"allow":["GET"]}}],"collection":[{"href":"https:\/\/utemakeup.com\/fr\/wp-json\/wp\/v2\/product"}],"about":[{"href":"https:\/\/utemakeup.com\/fr\/wp-json\/wp\/v2\/types\/product"}],"replies":[{"embeddable":true,"href":"https:\/\/utemakeup.com\/fr\/wp-json\/wp\/v2\/comments?post=2203"}],"wp:featuredmedia":[{"embeddable":true,"href":"https:\/\/utemakeup.com\/fr\/wp-json\/wp\/v2\/media\/2295"}],"wp:attachment":[{"href":"https:\/\/utemakeup.com\/fr\/wp-json\/wp\/v2\/media?parent=2203"}],"wp:term":[{"taxonomy":"product_brand","embeddable":true,"href":"https:\/\/utemakeup.com\/fr\/wp-json\/wp\/v2\/product_brand?post=2203"},{"taxonomy":"product_cat","embeddable":true,"href":"https:\/\/utemakeup.com\/fr\/wp-json\/wp\/v2\/product_cat?post=2203"},{"taxonomy":"product_tag","embeddable":true,"href":"https:\/\/utemakeup.com\/fr\/wp-json\/wp\/v2\/product_tag?post=2203"}],"curies":[{"name":"wp","href":"https:\/\/api.w.org\/{rel}","templated":true}]}}