{"id":2458,"date":"2026-04-23T20:22:57","date_gmt":"2026-04-23T20:22:57","guid":{"rendered":"https:\/\/utemakeup.com\/?post_type=product&#038;p=2458"},"modified":"2026-04-23T20:23:39","modified_gmt":"2026-04-23T20:23:39","slug":"mascarilla-de-acido-hialuronico-pack-de-5","status":"publish","type":"product","link":"https:\/\/utemakeup.com\/fr\/producto\/mascarilla-de-acido-hialuronico-pack-de-5\/","title":{"rendered":"Masque \u00e0 l'acide hyaluronique lot de 5"},"content":{"rendered":"<p>Mascarilla facial con \u00e1cido hialur\u00f3nico que hidrata en profundidad, mejora la elasticidad y deja la piel suave y luminosa. Su f\u00f3rmula ligera se adapta al rostro y aporta un efecto inmediato de frescura y confort, ayudando a reforzar la barrera cut\u00e1nea. Ideal para todo tipo de piel que busca un acabado saludable y revitalizado.<\/p>\n<p>INCI: Aqua (Water), Glycerin, Sodium Hyaluronate, Hydroxyacetophenone, Xanthan Gum, Allantoin.<\/p>","protected":false},"excerpt":{"rendered":"<p>Mascarilla facial con \u00e1cido hialur\u00f3nico que hidrata en profundidad, mejora la elasticidad y deja la piel suave y luminosa. Su f\u00f3rmula ligera se adapta al rostro y aporta un efecto inmediato de frescura y confort, ayudando a reforzar la barrera cut\u00e1nea. Ideal para todo tipo de piel que busca un acabado saludable y revitalizado. INCI: [&hellip;]<\/p>\n","protected":false},"featured_media":2456,"comment_status":"open","ping_status":"closed","template":"","meta":{"_et_pb_use_builder":"","_et_pb_old_content":"","_et_gb_content_width":""},"product_brand":[],"product_cat":[382],"product_tag":[],"class_list":{"0":"post-2458","1":"product","2":"type-product","3":"status-publish","4":"has-post-thumbnail","6":"product_cat-piel","8":"first","9":"instock","10":"shipping-taxable","11":"purchasable","12":"product-type-simple"},"yoast_head":"<!-- This site is optimized with the Yoast SEO Premium plugin v26.3 (Yoast SEO v27.5) - https:\/\/yoast.com\/product\/yoast-seo-premium-wordpress\/ -->\n<title>Mascarilla de \u00c1cido Hialur\u00f3nico pack de 5 - UT\u0112 - Espa\u00f1a<\/title>\n<meta name=\"robots\" content=\"index, follow, max-snippet:-1, max-image-preview:large, max-video-preview:-1\" \/>\n<link rel=\"canonical\" href=\"https:\/\/utemakeup.com\/fr\/produit\/mascarilla-de-acido-hialuronico-pack-de-5\/\" \/>\n<meta property=\"og:locale\" content=\"fr_FR\" \/>\n<meta property=\"og:type\" content=\"article\" \/>\n<meta property=\"og:title\" content=\"Mascarilla de \u00c1cido Hialur\u00f3nico pack de 5\" \/>\n<meta property=\"og:description\" content=\"Mascarilla facial con \u00e1cido hialur\u00f3nico que hidrata en profundidad, mejora la elasticidad y deja la piel suave y luminosa. Su f\u00f3rmula ligera se adapta al rostro y aporta un efecto inmediato de frescura y confort, ayudando a reforzar la barrera cut\u00e1nea. Ideal para todo tipo de piel que busca un acabado saludable y revitalizado. INCI: [&hellip;]\" \/>\n<meta property=\"og:url\" content=\"https:\/\/utemakeup.com\/fr\/produit\/mascarilla-de-acido-hialuronico-pack-de-5\/\" \/>\n<meta property=\"og:site_name\" content=\"UT\u0112 - Espa\u00f1a\" \/>\n<meta property=\"article:modified_time\" content=\"2026-04-23T20:23:39+00:00\" \/>\n<meta property=\"og:image\" content=\"https:\/\/utemakeup.com\/wp-content\/uploads\/2026\/04\/501f5aa3-35f4-4c0d-9226-84c52545a1ef-1.png\" \/>\n\t<meta property=\"og:image:width\" content=\"1086\" \/>\n\t<meta property=\"og:image:height\" content=\"1448\" \/>\n\t<meta property=\"og:image:type\" content=\"image\/png\" \/>\n<meta name=\"twitter:card\" content=\"summary_large_image\" \/>\n<meta name=\"twitter:label1\" content=\"Prix\" \/>\n\t<meta name=\"twitter:data1\" content=\"30,00&nbsp;&euro;\" \/>\n\t<meta name=\"twitter:label2\" content=\"Disponibilit\u00e9\" \/>\n\t<meta name=\"twitter:data2\" content=\"En stock\" \/>\n<script type=\"application\/ld+json\" class=\"yoast-schema-graph\">{\"@context\":\"https:\\\/\\\/schema.org\",\"@graph\":[{\"@type\":\"WebPage\",\"@id\":\"https:\\\/\\\/utemakeup.com\\\/producto\\\/mascarilla-de-acido-hialuronico-pack-de-5\\\/\",\"url\":\"https:\\\/\\\/utemakeup.com\\\/producto\\\/mascarilla-de-acido-hialuronico-pack-de-5\\\/\",\"name\":\"Mascarilla de \u00c1cido Hialur\u00f3nico pack de 5 - UT\u0112 - Espa\u00f1a\",\"isPartOf\":{\"@id\":\"https:\\\/\\\/utemakeup.com\\\/#website\"},\"primaryImageOfPage\":{\"@id\":\"https:\\\/\\\/utemakeup.com\\\/producto\\\/mascarilla-de-acido-hialuronico-pack-de-5\\\/#primaryimage\"},\"image\":{\"@id\":\"https:\\\/\\\/utemakeup.com\\\/producto\\\/mascarilla-de-acido-hialuronico-pack-de-5\\\/#primaryimage\"},\"thumbnailUrl\":\"https:\\\/\\\/utemakeup.com\\\/wp-content\\\/uploads\\\/2026\\\/04\\\/501f5aa3-35f4-4c0d-9226-84c52545a1ef-1.png\",\"datePublished\":\"2026-04-23T20:22:57+00:00\",\"dateModified\":\"2026-04-23T20:23:39+00:00\",\"breadcrumb\":{\"@id\":\"https:\\\/\\\/utemakeup.com\\\/producto\\\/mascarilla-de-acido-hialuronico-pack-de-5\\\/#breadcrumb\"},\"inLanguage\":\"fr-FR\",\"potentialAction\":[{\"@type\":\"ReadAction\",\"target\":[\"https:\\\/\\\/utemakeup.com\\\/producto\\\/mascarilla-de-acido-hialuronico-pack-de-5\\\/\"]}]},{\"@type\":\"ImageObject\",\"inLanguage\":\"fr-FR\",\"@id\":\"https:\\\/\\\/utemakeup.com\\\/producto\\\/mascarilla-de-acido-hialuronico-pack-de-5\\\/#primaryimage\",\"url\":\"https:\\\/\\\/utemakeup.com\\\/wp-content\\\/uploads\\\/2026\\\/04\\\/501f5aa3-35f4-4c0d-9226-84c52545a1ef-1.png\",\"contentUrl\":\"https:\\\/\\\/utemakeup.com\\\/wp-content\\\/uploads\\\/2026\\\/04\\\/501f5aa3-35f4-4c0d-9226-84c52545a1ef-1.png\",\"width\":1086,\"height\":1448},{\"@type\":\"BreadcrumbList\",\"@id\":\"https:\\\/\\\/utemakeup.com\\\/producto\\\/mascarilla-de-acido-hialuronico-pack-de-5\\\/#breadcrumb\",\"itemListElement\":[{\"@type\":\"ListItem\",\"position\":1,\"name\":\"Portada\",\"item\":\"https:\\\/\\\/utemakeup.com\\\/\"},{\"@type\":\"ListItem\",\"position\":2,\"name\":\"Tienda\",\"item\":\"https:\\\/\\\/utemakeup.com\\\/tienda\\\/\"},{\"@type\":\"ListItem\",\"position\":3,\"name\":\"Mascarilla de \u00c1cido Hialur\u00f3nico pack de 5\"}]},{\"@type\":\"WebSite\",\"@id\":\"https:\\\/\\\/utemakeup.com\\\/#website\",\"url\":\"https:\\\/\\\/utemakeup.com\\\/\",\"name\":\"UT\u0112 Makeup\",\"description\":\"Maquillaje Natural- vegano-sostenible\",\"publisher\":{\"@id\":\"https:\\\/\\\/utemakeup.com\\\/#organization\"},\"alternateName\":\"UT\u0112 Makeup- Productos de maquillaje natural\",\"potentialAction\":[{\"@type\":\"SearchAction\",\"target\":{\"@type\":\"EntryPoint\",\"urlTemplate\":\"https:\\\/\\\/utemakeup.com\\\/?s={search_term_string}\"},\"query-input\":{\"@type\":\"PropertyValueSpecification\",\"valueRequired\":true,\"valueName\":\"search_term_string\"}}],\"inLanguage\":\"fr-FR\"},{\"@type\":\"Organization\",\"@id\":\"https:\\\/\\\/utemakeup.com\\\/#organization\",\"name\":\"UT\u0112 Makeup\",\"alternateName\":\"UT\u0112 Productos de maquillaje vegano-natural-sostenible\",\"url\":\"https:\\\/\\\/utemakeup.com\\\/\",\"logo\":{\"@type\":\"ImageObject\",\"inLanguage\":\"fr-FR\",\"@id\":\"https:\\\/\\\/utemakeup.com\\\/#\\\/schema\\\/logo\\\/image\\\/\",\"url\":\"https:\\\/\\\/utemakeup.com\\\/wp-content\\\/uploads\\\/2025\\\/03\\\/UTE-02-1.png\",\"contentUrl\":\"https:\\\/\\\/utemakeup.com\\\/wp-content\\\/uploads\\\/2025\\\/03\\\/UTE-02-1.png\",\"width\":3612,\"height\":3831,\"caption\":\"UT\u0112 Makeup\"},\"image\":{\"@id\":\"https:\\\/\\\/utemakeup.com\\\/#\\\/schema\\\/logo\\\/image\\\/\"},\"sameAs\":[\"https:\\\/\\\/www.instagram.com\\\/ute_makeup_?igsh=MTlqOWk5bzY0bnFsbw&utm_source=qr\"],\"description\":\"M\u00e1s que maquillaje, en UT\u0112 celebramos la autenticidad y el estilo propio. Nuestros productos est\u00e1n elaborados con ingredientes naturales y sin crueldad animal, perfectos para cualquier estilo y ocasi\u00f3n. \u00a1Qui\u00e9rete como eres y cuida del planeta al mismo tiempo!\",\"email\":\"info@utemakeup.com\",\"foundingDate\":\"2024-11-19\",\"actionableFeedbackPolicy\":\"https:\\\/\\\/utemakeup.com\\\/contactanos\\\/\"}]}<\/script>\n<meta property=\"product:price:amount\" content=\"30.00\" \/>\n<meta property=\"product:price:currency\" content=\"EUR\" \/>\n<meta property=\"og:availability\" content=\"instock\" \/>\n<meta property=\"product:availability\" content=\"instock\" \/>\n<meta property=\"product:condition\" content=\"new\" \/>\n<!-- \/ Yoast SEO Premium plugin. -->","yoast_head_json":{"title":"Mascarilla de \u00c1cido Hialur\u00f3nico pack de 5 - UT\u0112 - Espa\u00f1a","robots":{"index":"index","follow":"follow","max-snippet":"max-snippet:-1","max-image-preview":"max-image-preview:large","max-video-preview":"max-video-preview:-1"},"canonical":"https:\/\/utemakeup.com\/fr\/produit\/mascarilla-de-acido-hialuronico-pack-de-5\/","og_locale":"fr_FR","og_type":"article","og_title":"Mascarilla de \u00c1cido Hialur\u00f3nico pack de 5","og_description":"Mascarilla facial con \u00e1cido hialur\u00f3nico que hidrata en profundidad, mejora la elasticidad y deja la piel suave y luminosa. Su f\u00f3rmula ligera se adapta al rostro y aporta un efecto inmediato de frescura y confort, ayudando a reforzar la barrera cut\u00e1nea. Ideal para todo tipo de piel que busca un acabado saludable y revitalizado. INCI: [&hellip;]","og_url":"https:\/\/utemakeup.com\/fr\/produit\/mascarilla-de-acido-hialuronico-pack-de-5\/","og_site_name":"UT\u0112 - Espa\u00f1a","article_modified_time":"2026-04-23T20:23:39+00:00","og_image":[{"width":1086,"height":1448,"url":"https:\/\/utemakeup.com\/wp-content\/uploads\/2026\/04\/501f5aa3-35f4-4c0d-9226-84c52545a1ef-1.png","type":"image\/png"}],"twitter_card":"summary_large_image","twitter_misc":{"Prix":"30,00&nbsp;&euro;","Disponibilit\u00e9":"En stock"},"schema":{"@context":"https:\/\/schema.org","@graph":[{"@type":"WebPage","@id":"https:\/\/utemakeup.com\/producto\/mascarilla-de-acido-hialuronico-pack-de-5\/","url":"https:\/\/utemakeup.com\/producto\/mascarilla-de-acido-hialuronico-pack-de-5\/","name":"Mascarilla de \u00c1cido Hialur\u00f3nico pack de 5 - UT\u0112 - Espa\u00f1a","isPartOf":{"@id":"https:\/\/utemakeup.com\/#website"},"primaryImageOfPage":{"@id":"https:\/\/utemakeup.com\/producto\/mascarilla-de-acido-hialuronico-pack-de-5\/#primaryimage"},"image":{"@id":"https:\/\/utemakeup.com\/producto\/mascarilla-de-acido-hialuronico-pack-de-5\/#primaryimage"},"thumbnailUrl":"https:\/\/utemakeup.com\/wp-content\/uploads\/2026\/04\/501f5aa3-35f4-4c0d-9226-84c52545a1ef-1.png","datePublished":"2026-04-23T20:22:57+00:00","dateModified":"2026-04-23T20:23:39+00:00","breadcrumb":{"@id":"https:\/\/utemakeup.com\/producto\/mascarilla-de-acido-hialuronico-pack-de-5\/#breadcrumb"},"inLanguage":"fr-FR","potentialAction":[{"@type":"ReadAction","target":["https:\/\/utemakeup.com\/producto\/mascarilla-de-acido-hialuronico-pack-de-5\/"]}]},{"@type":"ImageObject","inLanguage":"fr-FR","@id":"https:\/\/utemakeup.com\/producto\/mascarilla-de-acido-hialuronico-pack-de-5\/#primaryimage","url":"https:\/\/utemakeup.com\/wp-content\/uploads\/2026\/04\/501f5aa3-35f4-4c0d-9226-84c52545a1ef-1.png","contentUrl":"https:\/\/utemakeup.com\/wp-content\/uploads\/2026\/04\/501f5aa3-35f4-4c0d-9226-84c52545a1ef-1.png","width":1086,"height":1448},{"@type":"BreadcrumbList","@id":"https:\/\/utemakeup.com\/producto\/mascarilla-de-acido-hialuronico-pack-de-5\/#breadcrumb","itemListElement":[{"@type":"ListItem","position":1,"name":"Portada","item":"https:\/\/utemakeup.com\/"},{"@type":"ListItem","position":2,"name":"Tienda","item":"https:\/\/utemakeup.com\/tienda\/"},{"@type":"ListItem","position":3,"name":"Mascarilla de \u00c1cido Hialur\u00f3nico pack de 5"}]},{"@type":"WebSite","@id":"https:\/\/utemakeup.com\/#website","url":"https:\/\/utemakeup.com\/","name":"UT\u0112 Maquillage","description":"Maquillage naturel, v\u00e9g\u00e9talien et durable","publisher":{"@id":"https:\/\/utemakeup.com\/#organization"},"alternateName":"UT\u0112 Makeup- Productos de maquillaje natural","potentialAction":[{"@type":"SearchAction","target":{"@type":"EntryPoint","urlTemplate":"https:\/\/utemakeup.com\/?s={search_term_string}"},"query-input":{"@type":"PropertyValueSpecification","valueRequired":true,"valueName":"search_term_string"}}],"inLanguage":"fr-FR"},{"@type":"Organization","@id":"https:\/\/utemakeup.com\/#organization","name":"UT\u0112 Maquillage","alternateName":"UT\u0112 Productos de maquillaje vegano-natural-sostenible","url":"https:\/\/utemakeup.com\/","logo":{"@type":"ImageObject","inLanguage":"fr-FR","@id":"https:\/\/utemakeup.com\/#\/schema\/logo\/image\/","url":"https:\/\/utemakeup.com\/wp-content\/uploads\/2025\/03\/UTE-02-1.png","contentUrl":"https:\/\/utemakeup.com\/wp-content\/uploads\/2025\/03\/UTE-02-1.png","width":3612,"height":3831,"caption":"UT\u0112 Makeup"},"image":{"@id":"https:\/\/utemakeup.com\/#\/schema\/logo\/image\/"},"sameAs":["https:\/\/www.instagram.com\/ute_makeup_?igsh=MTlqOWk5bzY0bnFsbw&utm_source=qr"],"description":"Plus que du maquillage, chez UT\u0112 nous c\u00e9l\u00e9brons l'authenticit\u00e9 et le style. Nos produits sont fabriqu\u00e9s \u00e0 partir d'ingr\u00e9dients naturels et sans cruaut\u00e9 envers les animaux, parfaits pour tous les styles et toutes les occasions - aimez-vous et prenez soin de la plan\u00e8te en m\u00eame temps !","email":"info@utemakeup.com","foundingDate":"2024-11-19","actionableFeedbackPolicy":"https:\/\/utemakeup.com\/contactanos\/"}]},"product_price_amount":"30.00","product_price_currency":"EUR","og_availability":"instock","product_availability":"instock","product_condition":"new"},"jetpack_sharing_enabled":true,"_links":{"self":[{"href":"https:\/\/utemakeup.com\/fr\/wp-json\/wp\/v2\/product\/2458","targetHints":{"allow":["GET"]}}],"collection":[{"href":"https:\/\/utemakeup.com\/fr\/wp-json\/wp\/v2\/product"}],"about":[{"href":"https:\/\/utemakeup.com\/fr\/wp-json\/wp\/v2\/types\/product"}],"replies":[{"embeddable":true,"href":"https:\/\/utemakeup.com\/fr\/wp-json\/wp\/v2\/comments?post=2458"}],"wp:featuredmedia":[{"embeddable":true,"href":"https:\/\/utemakeup.com\/fr\/wp-json\/wp\/v2\/media\/2456"}],"wp:attachment":[{"href":"https:\/\/utemakeup.com\/fr\/wp-json\/wp\/v2\/media?parent=2458"}],"wp:term":[{"taxonomy":"product_brand","embeddable":true,"href":"https:\/\/utemakeup.com\/fr\/wp-json\/wp\/v2\/product_brand?post=2458"},{"taxonomy":"product_cat","embeddable":true,"href":"https:\/\/utemakeup.com\/fr\/wp-json\/wp\/v2\/product_cat?post=2458"},{"taxonomy":"product_tag","embeddable":true,"href":"https:\/\/utemakeup.com\/fr\/wp-json\/wp\/v2\/product_tag?post=2458"}],"curies":[{"name":"wp","href":"https:\/\/api.w.org\/{rel}","templated":true}]}}