{"id":314,"date":"2024-08-26T18:51:05","date_gmt":"2024-08-26T18:51:05","guid":{"rendered":"https:\/\/utemakeup.com\/?post_type=product&#038;p=314"},"modified":"2026-04-07T04:56:20","modified_gmt":"2026-04-07T04:56:20","slug":"fard-a-joues-rose-longue-duree","status":"publish","type":"product","link":"https:\/\/utemakeup.com\/fr\/producto\/colorete-suenos-rosas-larga-duracion\/","title":{"rendered":"Blush Naturel R\u00eaves Roses Effet Glow"},"content":{"rendered":"<p>[et_pb_section fb_built=\u00bb1&#8243; admin_label=\u00bbHeader\u00bb _builder_version=\u00bb4.27.0&#8243; background_enable_color=\u00bboff\u00bb background_image=\u00bbhttps:\/\/utemakeup.com\/wp-content\/uploads\/2024\/08\/Header-image3.jpg\u00bb min_height=\u00bb100vh\u00bb custom_margin=\u00bb||-0.4%||false|false\u00bb custom_padding=\u00bb0px||||false|false\u00bb background_last_edited=\u00bbon|phone\u00bb background_enable_image_tablet=\u00bboff\u00bb locked=\u00bboff\u00bb global_colors_info=\u00bb{}\u00bb][et_pb_row use_custom_gutter=\u00bbon\u00bb gutter_width=\u00bb1&#8243; make_equal=\u00bbon\u00bb _builder_version=\u00bb4.27.0&#8243; max_width=\u00bb100%\u00bb module_alignment=\u00bbcenter\u00bb min_height=\u00bb126px\u00bb custom_padding=\u00bb0px||0px|||\u00bb global_colors_info=\u00bb{}\u00bb][et_pb_column type=\u00bb4_4&#8243; _builder_version=\u00bb4.27.0&#8243; background_color=\u00bbRGBA(255,255,255,0)\u00bb custom_padding=\u00bb160px|51px|||false|false\u00bb custom_padding_tablet=\u00bb80px||||false|false\u00bb custom_padding_phone=\u00bb\u00bb custom_padding_last_edited=\u00bbon|phone\u00bb global_colors_info=\u00bb{}\u00bb][et_pb_wc_cart_notice _builder_version=\u00bb4.27.0&#8243; _module_preset=\u00bbdefault\u00bb title_font=\u00bbWork Sans||||||||\u00bb error_font=\u00bbWork Sans||||||||\u00bb content_font=\u00bbWork Sans||||||||\u00bb background_color=\u00bb#9f8d19&#8243; custom_button=\u00bbon\u00bb button_text_color=\u00bb#FFFFFF\u00bb button_bg_color=\u00bb#201f1d\u00bb button_border_radius=\u00bb33px\u00bb custom_margin=\u00bb-7em|0em|0em|0em|false|false\u00bb global_colors_info=\u00bb{}\u00bb][\/et_pb_wc_cart_notice][\/et_pb_column][\/et_pb_row][et_pb_row column_structure=\u00bb1_2,1_2&#8243; use_custom_gutter=\u00bbon\u00bb _builder_version=\u00bb4.27.0&#8243; max_width=\u00bb100%\u00bb custom_padding=\u00bb0px||0px|||\u00bb global_colors_info=\u00bb{}\u00bb][et_pb_column type=\u00bb1_2&#8243; _builder_version=\u00bb4.27.0&#8243; background_color=\u00bbRGBA(255,255,255,0)\u00bb custom_padding=\u00bb5%||5%||false|false\u00bb custom_padding_tablet=\u00bb80px||||false|false\u00bb custom_padding_phone=\u00bb\u00bb custom_padding_last_edited=\u00bbon|phone\u00bb border_color_all=\u00bb#000000&#8243; global_colors_info=\u00bb{}\u00bb][et_pb_wc_title _builder_version=\u00bb4.27.0&#8243; _module_preset=\u00bbdefault\u00bb header_font=\u00bbWork Sans||||||||\u00bb header_text_align=\u00bbcenter\u00bb header_text_color=\u00bb#201f1d\u00bb header_font_size=\u00bb4em\u00bb custom_margin=\u00bb|5%|4%|5%|false|false\u00bb custom_padding=\u00bb|||0px|false|false\u00bb global_colors_info=\u00bb{}\u00bb][\/et_pb_wc_title][et_pb_wc_rating _builder_version=\u00bb4.27.0&#8243; _module_preset=\u00bbdefault\u00bb rating_text_align=\u00bbcenter\u00bb global_colors_info=\u00bb{}\u00bb][\/et_pb_wc_rating][et_pb_wc_price _builder_version=\u00bb4.27.0&#8243; _module_preset=\u00bbdefault\u00bb body_font=\u00bbWork Sans|700|||||||\u00bb body_text_color=\u00bb#E02B20&#8243; body_font_size=\u00bb2em\u00bb text_orientation=\u00bbcenter\u00bb custom_margin=\u00bb|5%|5%|5%|false|false\u00bb global_colors_info=\u00bb{}\u00bb][\/et_pb_wc_price][et_pb_wc_description _builder_version=\u00bb4.27.0&#8243; _module_preset=\u00bbdefault\u00bb body_font=\u00bbWork Sans|500|||||||\u00bb body_font_size=\u00bb1.2em\u00bb body_line_height=\u00bb1.3em\u00bb custom_margin=\u00bb|5%|5%|5%|false|false\u00bb global_colors_info=\u00bb{}\u00bb][\/et_pb_wc_description][et_pb_wc_stock _builder_version=\u00bb4.27.0&#8243; _module_preset=\u00bbdefault\u00bb instock_font=\u00bbWork Sans|500|||||||\u00bb instock_text_color=\u00bb#E02B20&#8243; instock_font_size=\u00bb1.3em\u00bb text_orientation=\u00bbcenter\u00bb global_colors_info=\u00bb{}\u00bb][\/et_pb_wc_stock][et_pb_wc_add_to_cart show_quantity=\u00bboff\u00bb show_stock=\u00bboff\u00bb _builder_version=\u00bb4.27.0&#8243; _module_preset=\u00bbdefault\u00bb field_label_font=\u00bbWork Sans|700|||||||\u00bb custom_button=\u00bbon\u00bb button_text_color=\u00bb#201f1d\u00bb button_border_radius=\u00bb5em\u00bb button_font=\u00bbWork Sans||||||||\u00bb text_orientation=\u00bbcenter\u00bb custom_margin=\u00bb|5%||5%|false|false\u00bb global_colors_info=\u00bb{}\u00bb][\/et_pb_wc_add_to_cart][\/et_pb_column][et_pb_column type=\u00bb1_2&#8243; _builder_version=\u00bb4.27.0&#8243; custom_padding=\u00bb||||false|false\u00bb global_colors_info=\u00bb{}\u00bb][et_pb_wc_images show_product_gallery=\u00bboff\u00bb _builder_version=\u00bb4.27.0&#8243; _module_preset=\u00bbdefault\u00bb min_height=\u00bb502px\u00bb custom_margin=\u00bb|10%|-7px||false|false\u00bb custom_padding=\u00bb|||0px|false|false\u00bb global_colors_info=\u00bb{}\u00bb][\/et_pb_wc_images][\/et_pb_column][\/et_pb_row][\/et_pb_section][et_pb_section fb_built=\u00bb1&#8243; admin_label=\u00bbFeatures\u00bb _builder_version=\u00bb4.27.0&#8243; background_color=\u00bb#ffefda\u00bb background_enable_image=\u00bboff\u00bb custom_margin=\u00bb-1px|||||\u00bb custom_padding=\u00bb59px||||false|false\u00bb locked=\u00bboff\u00bb global_colors_info=\u00bb{}\u00bb][et_pb_row column_structure=\u00bb1_2,1_2&#8243; use_custom_gutter=\u00bbon\u00bb _builder_version=\u00bb4.27.0&#8243; max_width=\u00bb100%\u00bb custom_padding=\u00bb0px||||false|false\u00bb global_colors_info=\u00bb{}\u00bb][et_pb_column type=\u00bb1_2&#8243; _builder_version=\u00bb4.27.0&#8243; border_color_all=\u00bb#2B343B\u00bb global_colors_info=\u00bb{}\u00bb][et_pb_image src=\u00bbhttps:\/\/utemakeup.com\/wp-content\/uploads\/2024\/08\/Suenos-Rosas_sindeco.png\u00bb title_text=\u00bbSuenos-Rosas_sindeco\u00bb _builder_version=\u00bb4.27.0&#8243; border_color_all=\u00bb#201f1d\u00bb global_colors_info=\u00bb{}\u00bb][\/et_pb_image][\/et_pb_column][et_pb_column type=\u00bb1_2&#8243; _builder_version=\u00bb4.16&#8243; custom_padding=\u00bb60px|||30px|false|false\u00bb custom_padding_tablet=\u00bb|||0px|false|false\u00bb custom_padding_phone=\u00bb\u00bb custom_padding_last_edited=\u00bbon|desktop\u00bb global_colors_info=\u00bb{}\u00bb][et_pb_wc_additional_info _builder_version=\u00bb4.27.0&#8243; _module_preset=\u00bbdefault\u00bb body_font=\u00bbWork Sans|500|||||||\u00bb header_font=\u00bbWork Sans|500|||||||\u00bb header_font_size=\u00bb30px\u00bb attribute_font=\u00bbWork Sans|700|||||||\u00bb global_colors_info=\u00bb{}\u00bb][\/et_pb_wc_additional_info][\/et_pb_column][\/et_pb_row][et_pb_row _builder_version=\u00bb4.27.0&#8243; _module_preset=\u00bbdefault\u00bb global_colors_info=\u00bb{}\u00bb][et_pb_column type=\u00bb4_4&#8243; _builder_version=\u00bb4.27.0&#8243; _module_preset=\u00bbdefault\u00bb global_colors_info=\u00bb{}\u00bb][et_pb_heading title=\u00bbRese\u00f1as de %22Sue\u00f1os Rosas%22&#8243; _builder_version=\u00bb4.27.0&#8243; _module_preset=\u00bbdefault\u00bb custom_margin=\u00bb||||false|false\u00bb custom_padding=\u00bb||||false|false\u00bb global_colors_info=\u00bb{}\u00bb][\/et_pb_heading][et_pb_wc_reviews show_avatar=\u00bboff\u00bb _builder_version=\u00bb4.27.0&#8243; _module_preset=\u00bbdefault\u00bb header_font=\u00bbWork Sans|600|||||||\u00bb header_font_size=\u00bb0px\u00bb title_font=\u00bbWork Sans|600|||||||\u00bb title_font_size=\u00bb1.5em\u00bb rating_font_size=\u00bb1.5em\u00bb custom_button=\u00bbon\u00bb button_text_color=\u00bb#000000&#8243; button_border_color=\u00bb#000000&#8243; button_border_radius=\u00bb31px\u00bb button_font=\u00bbWork Sans||||||||\u00bb button_alignment=\u00bbleft\u00bb text_orientation=\u00bbleft\u00bb global_colors_info=\u00bb{}\u00bb][\/et_pb_wc_reviews][\/et_pb_column][\/et_pb_row][et_pb_row _builder_version=\u00bb4.27.0&#8243; _module_preset=\u00bbdefault\u00bb max_width=\u00bb100%\u00bb custom_margin=\u00bb5%||||false|false\u00bb custom_padding=\u00bb5%||||false|false\u00bb border_width_top=\u00bb1px\u00bb global_colors_info=\u00bb{}\u00bb][et_pb_column type=\u00bb4_4&#8243; _builder_version=\u00bb4.27.0&#8243; _module_preset=\u00bbdefault\u00bb global_colors_info=\u00bb{}\u00bb][et_pb_heading title=\u00bbProductos relacionados\u00bb _builder_version=\u00bb4.27.0&#8243; _module_preset=\u00bbdefault\u00bb title_font=\u00bbWork Sans|500|||||||\u00bb min_height=\u00bb26px\u00bb custom_margin=\u00bb||11px|||\u00bb global_colors_info=\u00bb{}\u00bb][\/et_pb_heading][et_pb_shop type=\u00bbproduct_category\u00bb posts_number=\u00bb4&#8243; include_categories=\u00bb28,27&#8243; _builder_version=\u00bb4.27.0&#8243; _module_preset=\u00bbdefault\u00bb global_colors_info=\u00bb{}\u00bb][\/et_pb_shop][\/et_pb_column][\/et_pb_row][\/et_pb_section]<\/p>\n","protected":false},"excerpt":{"rendered":"<p><span data-sheets-root=\"1\">Blush compact d'origine naturelle formul\u00e9 avec des ingr\u00e9dients s\u00e9lectionn\u00e9s pour apporter une couleur intense avec un effet l\u00e9ger et uniforme. Sa texture fine s'int\u00e8gre facilement \u00e0 la peau, laissant un fini naturel avec une haute pigmentation d\u00e8s la premi\u00e8re application.<\/p>\n<p>Inspir\u00e9 d'un effet de flou subtil, il aide \u00e0 adoucir visuellement la texture et apporte une teinte ros\u00e9e lumineuse qui rehausse la fra\u00eecheur du teint sans sensation de lourdeur.<\/span><\/p>\n<ul>\n<li><span data-sheets-root=\"1\">Haute pigmentation modulable<\/span><\/li>\n<li><span data-sheets-root=\"1\">Effet naturel et uniforme<\/span><\/li>\n<li><span data-sheets-root=\"1\">Texture l\u00e9g\u00e8re et facile \u00e0 estomper<\/span><\/li>\n<li><span data-sheets-root=\"1\">Aide \u00e0 lisser optiquement la peau<\/span><\/li>\n<li><span data-sheets-root=\"1\">Id\u00e9al pour un usage quotidien ou des looks plus intenses<\/span><\/li>\n<\/ul>","protected":false},"featured_media":2397,"comment_status":"open","ping_status":"closed","template":"","meta":{"_et_pb_use_builder":"on","_et_pb_old_content":"<span data-sheets-root=\"1\"><em>Mica:<\/em> aporta luminosidad natural y efecto \u00f3pticamente difuminado.\r\n<em>Zea Mays Starch (Almid\u00f3n de ma\u00edz):<\/em> contribuye a un acabado suave y ayuda a absorber el exceso de brillo.\r\n<em>Coco-Caprylate\/Caprate y Caprylic\/Capric Triglyceride:<\/em> emolientes ligeros que mejoran la aplicaci\u00f3n y el confort.\r\n<em>Tocopherol (Vitamina E):<\/em> antioxidante.<\/span>\r\n\r\n<span data-sheets-root=\"1\">INCI: Mica, Zea Mays Starch, Coco-Caprylate\/Caprate, Caprylic\/Capric Triglyceride, Tocopherol, Aroma, CI 77019, CI 77891, CI 77007, CI 77491.<\/span>","_et_gb_content_width":""},"product_brand":[38],"product_cat":[381,92,28],"product_tag":[148,146,131,132,142,61,196,145,197,199,147,79,137,57,136,149,62,44,135,150,138,198,111,64],"class_list":{"0":"post-314","1":"product","2":"type-product","3":"status-publish","4":"has-post-thumbnail","6":"product_brand-marca-ute-makeup","7":"product_cat-cara","8":"product_cat-colorete","9":"product_cat-polvos-compactos-matificantes","10":"product_tag-acabado-aterciopelado","11":"product_tag-acabado-natural","12":"product_tag-base-de-maquillaje","13":"product_tag-base-liquida","14":"product_tag-base-vegana","15":"product_tag-belleza-consciente","16":"product_tag-blush-rosa-intenso","17":"product_tag-cobertura-media","18":"product_tag-colorete-duradero","19":"product_tag-colorete-natural","20":"product_tag-control-de-brillo","21":"product_tag-formula-innovadora","22":"product_tag-hidratacion","23":"product_tag-larga-duracion","24":"product_tag-maquillaje-fluido","25":"product_tag-maquillaje-modulable","26":"product_tag-maquillaje-profesional","27":"product_tag-maquillaje-sostenible","28":"product_tag-piel-perfecta","29":"product_tag-piel-radiante","30":"product_tag-piel-uniforme","31":"product_tag-rubor-de-alta-pigmentacion","32":"product_tag-textura-ligera","33":"product_tag-etiqueta-producto-ute-makeup","35":"first","36":"instock","37":"shipping-taxable","38":"purchasable","39":"product-type-simple"},"yoast_head":"<!-- This site is optimized with the Yoast SEO Premium plugin v26.3 (Yoast SEO v27.4) - https:\/\/yoast.com\/product\/yoast-seo-premium-wordpress\/ -->\n<title>Colorete Natural Sue\u00f1os Rosas Efecto Shimmer<\/title>\n<meta name=\"description\" content=\"N\u00famero uno en ventas. Su f\u00f3rmula altamente pigmentada y de larga duraci\u00f3n aporta un tono rosa vibrante que realza la belleza natural. Colorete Natural Sue\u00f1os Rosas Efecto Shimmer\" \/>\n<meta name=\"robots\" content=\"index, follow, max-snippet:-1, max-image-preview:large, max-video-preview:-1\" \/>\n<link rel=\"canonical\" href=\"https:\/\/www.utemakeup.com\/colorete-suenos-rosas-larga-duracion\" \/>\n<meta property=\"og:locale\" content=\"fr_FR\" \/>\n<meta property=\"og:type\" content=\"article\" \/>\n<meta property=\"og:title\" content=\"Colorete Natural Sue\u00f1os Rosas Efecto Glow\" \/>\n<meta property=\"og:description\" content=\"N\u00famero uno en ventas. Su f\u00f3rmula altamente pigmentada y de larga duraci\u00f3n aporta un tono rosa vibrante que realza la belleza natural. Colorete Natural Sue\u00f1os Rosas Efecto Shimmer\" \/>\n<meta property=\"og:url\" content=\"https:\/\/www.utemakeup.com\/colorete-suenos-rosas-larga-duracion\" \/>\n<meta property=\"og:site_name\" content=\"UT\u0112 - Espa\u00f1a\" \/>\n<meta property=\"article:modified_time\" content=\"2026-04-07T04:56:20+00:00\" \/>\n<meta property=\"og:image\" content=\"https:\/\/utemakeup.com\/wp-content\/uploads\/2024\/08\/Colorete-Natural-Suenos-Rosas-Efecto-Glow.png\" \/>\n\t<meta property=\"og:image:width\" content=\"600\" \/>\n\t<meta property=\"og:image:height\" content=\"600\" \/>\n\t<meta property=\"og:image:type\" content=\"image\/png\" \/>\n<meta name=\"twitter:card\" content=\"summary_large_image\" \/>\n<meta name=\"twitter:label1\" content=\"Prix\" \/>\n\t<meta name=\"twitter:data1\" content=\"36,25&nbsp;&euro;\" \/>\n\t<meta name=\"twitter:label2\" content=\"Disponibilit\u00e9\" \/>\n\t<meta name=\"twitter:data2\" content=\"En stock\" \/>\n<script type=\"application\/ld+json\" class=\"yoast-schema-graph\">{\"@context\":\"https:\\\/\\\/schema.org\",\"@graph\":[{\"@type\":\"WebPage\",\"@id\":\"https:\\\/\\\/utemakeup.com\\\/producto\\\/colorete-suenos-rosas-larga-duracion\\\/\",\"url\":\"https:\\\/\\\/www.utemakeup.com\\\/colorete-suenos-rosas-larga-duracion\",\"name\":\"Colorete Natural Sue\u00f1os Rosas Efecto Shimmer\",\"isPartOf\":{\"@id\":\"https:\\\/\\\/utemakeup.com\\\/#website\"},\"primaryImageOfPage\":{\"@id\":\"https:\\\/\\\/www.utemakeup.com\\\/colorete-suenos-rosas-larga-duracion#primaryimage\"},\"image\":{\"@id\":\"https:\\\/\\\/www.utemakeup.com\\\/colorete-suenos-rosas-larga-duracion#primaryimage\"},\"thumbnailUrl\":\"https:\\\/\\\/utemakeup.com\\\/wp-content\\\/uploads\\\/2024\\\/08\\\/Colorete-Natural-Suenos-Rosas-Efecto-Glow.png\",\"datePublished\":\"2024-08-26T18:51:05+00:00\",\"dateModified\":\"2026-04-07T04:56:20+00:00\",\"description\":\"N\u00famero uno en ventas. Su f\u00f3rmula altamente pigmentada y de larga duraci\u00f3n aporta un tono rosa vibrante que realza la belleza natural. Colorete Natural Sue\u00f1os Rosas Efecto Shimmer\",\"breadcrumb\":{\"@id\":\"https:\\\/\\\/www.utemakeup.com\\\/colorete-suenos-rosas-larga-duracion#breadcrumb\"},\"inLanguage\":\"fr-FR\",\"potentialAction\":[{\"@type\":\"ReadAction\",\"target\":[\"https:\\\/\\\/www.utemakeup.com\\\/colorete-suenos-rosas-larga-duracion\"]}]},{\"@type\":\"ImageObject\",\"inLanguage\":\"fr-FR\",\"@id\":\"https:\\\/\\\/www.utemakeup.com\\\/colorete-suenos-rosas-larga-duracion#primaryimage\",\"url\":\"https:\\\/\\\/utemakeup.com\\\/wp-content\\\/uploads\\\/2024\\\/08\\\/Colorete-Natural-Suenos-Rosas-Efecto-Glow.png\",\"contentUrl\":\"https:\\\/\\\/utemakeup.com\\\/wp-content\\\/uploads\\\/2024\\\/08\\\/Colorete-Natural-Suenos-Rosas-Efecto-Glow.png\",\"width\":600,\"height\":600},{\"@type\":\"BreadcrumbList\",\"@id\":\"https:\\\/\\\/www.utemakeup.com\\\/colorete-suenos-rosas-larga-duracion#breadcrumb\",\"itemListElement\":[{\"@type\":\"ListItem\",\"position\":1,\"name\":\"Portada\",\"item\":\"https:\\\/\\\/utemakeup.com\\\/\"},{\"@type\":\"ListItem\",\"position\":2,\"name\":\"Tienda\",\"item\":\"https:\\\/\\\/utemakeup.com\\\/tienda\\\/\"},{\"@type\":\"ListItem\",\"position\":3,\"name\":\"Inicio > Maquillaje > Rostro > Colorete\"}]},{\"@type\":\"WebSite\",\"@id\":\"https:\\\/\\\/utemakeup.com\\\/#website\",\"url\":\"https:\\\/\\\/utemakeup.com\\\/\",\"name\":\"UT\u0112 Makeup\",\"description\":\"Maquillaje Natural- vegano-sostenible\",\"publisher\":{\"@id\":\"https:\\\/\\\/utemakeup.com\\\/#organization\"},\"alternateName\":\"UT\u0112 Makeup- Productos de maquillaje natural\",\"potentialAction\":[{\"@type\":\"SearchAction\",\"target\":{\"@type\":\"EntryPoint\",\"urlTemplate\":\"https:\\\/\\\/utemakeup.com\\\/?s={search_term_string}\"},\"query-input\":{\"@type\":\"PropertyValueSpecification\",\"valueRequired\":true,\"valueName\":\"search_term_string\"}}],\"inLanguage\":\"fr-FR\"},{\"@type\":\"Organization\",\"@id\":\"https:\\\/\\\/utemakeup.com\\\/#organization\",\"name\":\"UT\u0112 Makeup\",\"alternateName\":\"UT\u0112 Productos de maquillaje vegano-natural-sostenible\",\"url\":\"https:\\\/\\\/utemakeup.com\\\/\",\"logo\":{\"@type\":\"ImageObject\",\"inLanguage\":\"fr-FR\",\"@id\":\"https:\\\/\\\/utemakeup.com\\\/#\\\/schema\\\/logo\\\/image\\\/\",\"url\":\"https:\\\/\\\/utemakeup.com\\\/wp-content\\\/uploads\\\/2025\\\/03\\\/UTE-02-1.png\",\"contentUrl\":\"https:\\\/\\\/utemakeup.com\\\/wp-content\\\/uploads\\\/2025\\\/03\\\/UTE-02-1.png\",\"width\":3612,\"height\":3831,\"caption\":\"UT\u0112 Makeup\"},\"image\":{\"@id\":\"https:\\\/\\\/utemakeup.com\\\/#\\\/schema\\\/logo\\\/image\\\/\"},\"sameAs\":[\"https:\\\/\\\/www.instagram.com\\\/ute_makeup_?igsh=MTlqOWk5bzY0bnFsbw&utm_source=qr\"],\"description\":\"M\u00e1s que maquillaje, en UT\u0112 celebramos la autenticidad y el estilo propio. Nuestros productos est\u00e1n elaborados con ingredientes naturales y sin crueldad animal, perfectos para cualquier estilo y ocasi\u00f3n. \u00a1Qui\u00e9rete como eres y cuida del planeta al mismo tiempo!\",\"email\":\"info@utemakeup.com\",\"foundingDate\":\"2024-11-19\",\"actionableFeedbackPolicy\":\"https:\\\/\\\/utemakeup.com\\\/contactanos\\\/\"}]}<\/script>\n<meta property=\"product:price:amount\" content=\"36.25\" \/>\n<meta property=\"product:price:currency\" content=\"EUR\" \/>\n<meta property=\"og:availability\" content=\"instock\" \/>\n<meta property=\"product:availability\" content=\"instock\" \/>\n<meta property=\"product:retailer_item_id\" content=\"Y019\" \/>\n<meta property=\"product:condition\" content=\"new\" \/>\n<!-- \/ Yoast SEO Premium plugin. -->","yoast_head_json":{"title":"Blush Naturel R\u00eaves Roses Effet Scintillant","description":"Num\u00e9ro un des ventes. Sa formule hautement pigment\u00e9e et longue tenue apporte une teinte rose vibrante qui sublime la beaut\u00e9 naturelle. Blush Naturel R\u00eaves Roses Effet Shimmer","robots":{"index":"index","follow":"follow","max-snippet":"max-snippet:-1","max-image-preview":"max-image-preview:large","max-video-preview":"max-video-preview:-1"},"canonical":"https:\/\/www.utemakeup.com\/colorete-suenos-rosas-larga-duracion","og_locale":"fr_FR","og_type":"article","og_title":"Colorete Natural Sue\u00f1os Rosas Efecto Glow","og_description":"N\u00famero uno en ventas. Su f\u00f3rmula altamente pigmentada y de larga duraci\u00f3n aporta un tono rosa vibrante que realza la belleza natural. Colorete Natural Sue\u00f1os Rosas Efecto Shimmer","og_url":"https:\/\/www.utemakeup.com\/colorete-suenos-rosas-larga-duracion","og_site_name":"UT\u0112 - Espa\u00f1a","article_modified_time":"2026-04-07T04:56:20+00:00","og_image":[{"width":600,"height":600,"url":"https:\/\/utemakeup.com\/wp-content\/uploads\/2024\/08\/Colorete-Natural-Suenos-Rosas-Efecto-Glow.png","type":"image\/png"}],"twitter_card":"summary_large_image","twitter_misc":{"Prix":"36,25&nbsp;&euro;","Disponibilit\u00e9":"En stock"},"schema":{"@context":"https:\/\/schema.org","@graph":[{"@type":"WebPage","@id":"https:\/\/utemakeup.com\/producto\/colorete-suenos-rosas-larga-duracion\/","url":"https:\/\/www.utemakeup.com\/colorete-suenos-rosas-larga-duracion","name":"Blush Naturel R\u00eaves Roses Effet Scintillant","isPartOf":{"@id":"https:\/\/utemakeup.com\/#website"},"primaryImageOfPage":{"@id":"https:\/\/www.utemakeup.com\/colorete-suenos-rosas-larga-duracion#primaryimage"},"image":{"@id":"https:\/\/www.utemakeup.com\/colorete-suenos-rosas-larga-duracion#primaryimage"},"thumbnailUrl":"https:\/\/utemakeup.com\/wp-content\/uploads\/2024\/08\/Colorete-Natural-Suenos-Rosas-Efecto-Glow.png","datePublished":"2024-08-26T18:51:05+00:00","dateModified":"2026-04-07T04:56:20+00:00","description":"Num\u00e9ro un des ventes. Sa formule hautement pigment\u00e9e et longue tenue apporte une teinte rose vibrante qui sublime la beaut\u00e9 naturelle. Blush Naturel R\u00eaves Roses Effet Shimmer","breadcrumb":{"@id":"https:\/\/www.utemakeup.com\/colorete-suenos-rosas-larga-duracion#breadcrumb"},"inLanguage":"fr-FR","potentialAction":[{"@type":"ReadAction","target":["https:\/\/www.utemakeup.com\/colorete-suenos-rosas-larga-duracion"]}]},{"@type":"ImageObject","inLanguage":"fr-FR","@id":"https:\/\/www.utemakeup.com\/colorete-suenos-rosas-larga-duracion#primaryimage","url":"https:\/\/utemakeup.com\/wp-content\/uploads\/2024\/08\/Colorete-Natural-Suenos-Rosas-Efecto-Glow.png","contentUrl":"https:\/\/utemakeup.com\/wp-content\/uploads\/2024\/08\/Colorete-Natural-Suenos-Rosas-Efecto-Glow.png","width":600,"height":600},{"@type":"BreadcrumbList","@id":"https:\/\/www.utemakeup.com\/colorete-suenos-rosas-larga-duracion#breadcrumb","itemListElement":[{"@type":"ListItem","position":1,"name":"Portada","item":"https:\/\/utemakeup.com\/"},{"@type":"ListItem","position":2,"name":"Tienda","item":"https:\/\/utemakeup.com\/tienda\/"},{"@type":"ListItem","position":3,"name":"Inicio > Maquillaje > Rostro > Colorete"}]},{"@type":"WebSite","@id":"https:\/\/utemakeup.com\/#website","url":"https:\/\/utemakeup.com\/","name":"UT\u0112 Maquillage","description":"Maquillage naturel, v\u00e9g\u00e9talien et durable","publisher":{"@id":"https:\/\/utemakeup.com\/#organization"},"alternateName":"UT\u0112 Makeup- Productos de maquillaje natural","potentialAction":[{"@type":"SearchAction","target":{"@type":"EntryPoint","urlTemplate":"https:\/\/utemakeup.com\/?s={search_term_string}"},"query-input":{"@type":"PropertyValueSpecification","valueRequired":true,"valueName":"search_term_string"}}],"inLanguage":"fr-FR"},{"@type":"Organization","@id":"https:\/\/utemakeup.com\/#organization","name":"UT\u0112 Maquillage","alternateName":"UT\u0112 Productos de maquillaje vegano-natural-sostenible","url":"https:\/\/utemakeup.com\/","logo":{"@type":"ImageObject","inLanguage":"fr-FR","@id":"https:\/\/utemakeup.com\/#\/schema\/logo\/image\/","url":"https:\/\/utemakeup.com\/wp-content\/uploads\/2025\/03\/UTE-02-1.png","contentUrl":"https:\/\/utemakeup.com\/wp-content\/uploads\/2025\/03\/UTE-02-1.png","width":3612,"height":3831,"caption":"UT\u0112 Makeup"},"image":{"@id":"https:\/\/utemakeup.com\/#\/schema\/logo\/image\/"},"sameAs":["https:\/\/www.instagram.com\/ute_makeup_?igsh=MTlqOWk5bzY0bnFsbw&utm_source=qr"],"description":"Plus que du maquillage, chez UT\u0112 nous c\u00e9l\u00e9brons l'authenticit\u00e9 et le style. Nos produits sont fabriqu\u00e9s \u00e0 partir d'ingr\u00e9dients naturels et sans cruaut\u00e9 envers les animaux, parfaits pour tous les styles et toutes les occasions - aimez-vous et prenez soin de la plan\u00e8te en m\u00eame temps !","email":"info@utemakeup.com","foundingDate":"2024-11-19","actionableFeedbackPolicy":"https:\/\/utemakeup.com\/contactanos\/"}]},"product_price_amount":"36.25","product_price_currency":"EUR","og_availability":"instock","product_availability":"instock","product_retailer_item_id":"Y019","product_condition":"new"},"_links":{"self":[{"href":"https:\/\/utemakeup.com\/fr\/wp-json\/wp\/v2\/product\/314","targetHints":{"allow":["GET"]}}],"collection":[{"href":"https:\/\/utemakeup.com\/fr\/wp-json\/wp\/v2\/product"}],"about":[{"href":"https:\/\/utemakeup.com\/fr\/wp-json\/wp\/v2\/types\/product"}],"replies":[{"embeddable":true,"href":"https:\/\/utemakeup.com\/fr\/wp-json\/wp\/v2\/comments?post=314"}],"wp:featuredmedia":[{"embeddable":true,"href":"https:\/\/utemakeup.com\/fr\/wp-json\/wp\/v2\/media\/2397"}],"wp:attachment":[{"href":"https:\/\/utemakeup.com\/fr\/wp-json\/wp\/v2\/media?parent=314"}],"wp:term":[{"taxonomy":"product_brand","embeddable":true,"href":"https:\/\/utemakeup.com\/fr\/wp-json\/wp\/v2\/product_brand?post=314"},{"taxonomy":"product_cat","embeddable":true,"href":"https:\/\/utemakeup.com\/fr\/wp-json\/wp\/v2\/product_cat?post=314"},{"taxonomy":"product_tag","embeddable":true,"href":"https:\/\/utemakeup.com\/fr\/wp-json\/wp\/v2\/product_tag?post=314"}],"curies":[{"name":"wp","href":"https:\/\/api.w.org\/{rel}","templated":true}]}}